{"id":708,"date":"2020-10-15T12:24:50","date_gmt":"2020-10-15T10:24:50","guid":{"rendered":"https:\/\/grundschule-hirsau.de\/?page_id=708"},"modified":"2023-03-10T12:38:38","modified_gmt":"2023-03-10T11:38:38","slug":"kreativ-ag","status":"publish","type":"page","link":"https:\/\/grundschule-hirsau.de\/?page_id=708","title":{"rendered":"KreativAG"},"content":{"rendered":"\n<figure class=\"wp-block-gallery has-nested-images columns-default is-cropped wp-block-gallery-1 is-layout-flex wp-block-gallery-is-layout-flex\">\n<figure class=\"wp-block-image size-large\"><img loading=\"lazy\" decoding=\"async\" width=\"768\" height=\"1024\" data-id=\"2364\" src=\"https:\/\/grundschule-hirsau.de\/wp-content\/uploads\/2023\/03\/KreativAG-1-768x1024.jpeg\" alt=\"\" class=\"wp-image-2364\" srcset=\"https:\/\/grundschule-hirsau.de\/wp-content\/uploads\/2023\/03\/KreativAG-1-768x1024.jpeg 768w, https:\/\/grundschule-hirsau.de\/wp-content\/uploads\/2023\/03\/KreativAG-1-225x300.jpeg 225w, https:\/\/grundschule-hirsau.de\/wp-content\/uploads\/2023\/03\/KreativAG-1-1152x1536.jpeg 1152w, https:\/\/grundschule-hirsau.de\/wp-content\/uploads\/2023\/03\/KreativAG-1.jpeg 1536w\" sizes=\"auto, (max-width: 768px) 100vw, 768px\" \/><\/figure>\n\n\n\n<figure class=\"wp-block-image size-large\"><img loading=\"lazy\" decoding=\"async\" width=\"768\" height=\"1024\" data-id=\"2367\" src=\"https:\/\/grundschule-hirsau.de\/wp-content\/uploads\/2023\/03\/KreativAG-2-768x1024.jpeg\" alt=\"\" class=\"wp-image-2367\" srcset=\"https:\/\/grundschule-hirsau.de\/wp-content\/uploads\/2023\/03\/KreativAG-2-768x1024.jpeg 768w, https:\/\/grundschule-hirsau.de\/wp-content\/uploads\/2023\/03\/KreativAG-2-225x300.jpeg 225w, https:\/\/grundschule-hirsau.de\/wp-content\/uploads\/2023\/03\/KreativAG-2-1152x1536.jpeg 1152w, https:\/\/grundschule-hirsau.de\/wp-content\/uploads\/2023\/03\/KreativAG-2-1536x2048.jpeg 1536w, https:\/\/grundschule-hirsau.de\/wp-content\/uploads\/2023\/03\/KreativAG-2-scaled.jpeg 1920w\" sizes=\"auto, (max-width: 768px) 100vw, 768px\" \/><\/figure>\n\n\n\n<figure class=\"wp-block-image size-large\"><img loading=\"lazy\" decoding=\"async\" width=\"768\" height=\"1024\" data-id=\"2366\" src=\"https:\/\/grundschule-hirsau.de\/wp-content\/uploads\/2023\/03\/KreativAG-3-768x1024.jpeg\" alt=\"\" class=\"wp-image-2366\" srcset=\"https:\/\/grundschule-hirsau.de\/wp-content\/uploads\/2023\/03\/KreativAG-3-768x1024.jpeg 768w, https:\/\/grundschule-hirsau.de\/wp-content\/uploads\/2023\/03\/KreativAG-3-225x300.jpeg 225w, https:\/\/grundschule-hirsau.de\/wp-content\/uploads\/2023\/03\/KreativAG-3-1152x1536.jpeg 1152w, https:\/\/grundschule-hirsau.de\/wp-content\/uploads\/2023\/03\/KreativAG-3-1536x2048.jpeg 1536w, https:\/\/grundschule-hirsau.de\/wp-content\/uploads\/2023\/03\/KreativAG-3-scaled.jpeg 1920w\" sizes=\"auto, (max-width: 768px) 100vw, 768px\" \/><\/figure>\n\n\n\n<figure class=\"wp-block-image size-large\"><img loading=\"lazy\" decoding=\"async\" width=\"1024\" height=\"768\" data-id=\"2365\" src=\"https:\/\/grundschule-hirsau.de\/wp-content\/uploads\/2023\/03\/KreativAG-4-1024x768.jpeg\" alt=\"\" class=\"wp-image-2365\" srcset=\"https:\/\/grundschule-hirsau.de\/wp-content\/uploads\/2023\/03\/KreativAG-4-1024x768.jpeg 1024w, https:\/\/grundschule-hirsau.de\/wp-content\/uploads\/2023\/03\/KreativAG-4-300x225.jpeg 300w, https:\/\/grundschule-hirsau.de\/wp-content\/uploads\/2023\/03\/KreativAG-4-768x576.jpeg 768w, https:\/\/grundschule-hirsau.de\/wp-content\/uploads\/2023\/03\/KreativAG-4-1536x1152.jpeg 1536w, https:\/\/grundschule-hirsau.de\/wp-content\/uploads\/2023\/03\/KreativAG-4-2048x1536.jpeg 2048w, https:\/\/grundschule-hirsau.de\/wp-content\/uploads\/2023\/03\/KreativAG-4-120x90.jpeg 120w\" sizes=\"auto, (max-width: 1024px) 100vw, 1024px\" \/><\/figure>\n<\/figure>\n\n\n\n<figure class=\"wp-block-image size-large\"><img loading=\"lazy\" decoding=\"async\" width=\"1024\" height=\"768\" src=\"https:\/\/grundschule-hirsau.de\/wp-content\/uploads\/2021\/07\/1627063917855-1024x768.jpg\" alt=\"\" class=\"wp-image-1169\" srcset=\"https:\/\/grundschule-hirsau.de\/wp-content\/uploads\/2021\/07\/1627063917855-1024x768.jpg 1024w, https:\/\/grundschule-hirsau.de\/wp-content\/uploads\/2021\/07\/1627063917855-300x225.jpg 300w, https:\/\/grundschule-hirsau.de\/wp-content\/uploads\/2021\/07\/1627063917855-768x576.jpg 768w, https:\/\/grundschule-hirsau.de\/wp-content\/uploads\/2021\/07\/1627063917855-1536x1152.jpg 1536w, https:\/\/grundschule-hirsau.de\/wp-content\/uploads\/2021\/07\/1627063917855-2048x1536.jpg 2048w, https:\/\/grundschule-hirsau.de\/wp-content\/uploads\/2021\/07\/1627063917855-120x90.jpg 120w\" sizes=\"auto, (max-width: 1024px) 100vw, 1024px\" \/><\/figure>\n\n\n\n<figure class=\"wp-block-gallery has-nested-images columns-2 is-cropped wp-block-gallery-2 is-layout-flex wp-block-gallery-is-layout-flex\">\n<figure class=\"wp-block-image size-large\"><img loading=\"lazy\" decoding=\"async\" width=\"1024\" height=\"768\" data-id=\"807\" src=\"https:\/\/grundschule-hirsau.de\/wp-content\/uploads\/2020\/12\/1606829010755-1024x768.jpg\" alt=\"\" class=\"wp-image-807\" srcset=\"https:\/\/grundschule-hirsau.de\/wp-content\/uploads\/2020\/12\/1606829010755-1024x768.jpg 1024w, https:\/\/grundschule-hirsau.de\/wp-content\/uploads\/2020\/12\/1606829010755-300x225.jpg 300w, https:\/\/grundschule-hirsau.de\/wp-content\/uploads\/2020\/12\/1606829010755-768x576.jpg 768w, https:\/\/grundschule-hirsau.de\/wp-content\/uploads\/2020\/12\/1606829010755-1536x1152.jpg 1536w, https:\/\/grundschule-hirsau.de\/wp-content\/uploads\/2020\/12\/1606829010755-2048x1536.jpg 2048w, https:\/\/grundschule-hirsau.de\/wp-content\/uploads\/2020\/12\/1606829010755-120x90.jpg 120w\" sizes=\"auto, (max-width: 1024px) 100vw, 1024px\" \/><\/figure>\n\n\n\n<figure class=\"wp-block-image size-large\"><img loading=\"lazy\" decoding=\"async\" width=\"1024\" height=\"768\" data-id=\"809\" src=\"https:\/\/grundschule-hirsau.de\/wp-content\/uploads\/2020\/12\/1606829010774-1024x768.jpg\" alt=\"\" class=\"wp-image-809\" srcset=\"https:\/\/grundschule-hirsau.de\/wp-content\/uploads\/2020\/12\/1606829010774-1024x768.jpg 1024w, https:\/\/grundschule-hirsau.de\/wp-content\/uploads\/2020\/12\/1606829010774-300x225.jpg 300w, https:\/\/grundschule-hirsau.de\/wp-content\/uploads\/2020\/12\/1606829010774-768x576.jpg 768w, https:\/\/grundschule-hirsau.de\/wp-content\/uploads\/2020\/12\/1606829010774-1536x1152.jpg 1536w, https:\/\/grundschule-hirsau.de\/wp-content\/uploads\/2020\/12\/1606829010774-2048x1536.jpg 2048w, https:\/\/grundschule-hirsau.de\/wp-content\/uploads\/2020\/12\/1606829010774-120x90.jpg 120w\" sizes=\"auto, (max-width: 1024px) 100vw, 1024px\" \/><\/figure>\n\n\n\n<figure class=\"wp-block-image size-large\"><img loading=\"lazy\" decoding=\"async\" width=\"768\" height=\"1024\" data-id=\"810\" src=\"https:\/\/grundschule-hirsau.de\/wp-content\/uploads\/2020\/12\/1606832094251-768x1024.jpg\" alt=\"\" class=\"wp-image-810\" srcset=\"https:\/\/grundschule-hirsau.de\/wp-content\/uploads\/2020\/12\/1606832094251-768x1024.jpg 768w, https:\/\/grundschule-hirsau.de\/wp-content\/uploads\/2020\/12\/1606832094251-225x300.jpg 225w, https:\/\/grundschule-hirsau.de\/wp-content\/uploads\/2020\/12\/1606832094251-1152x1536.jpg 1152w, https:\/\/grundschule-hirsau.de\/wp-content\/uploads\/2020\/12\/1606832094251-1536x2048.jpg 1536w, https:\/\/grundschule-hirsau.de\/wp-content\/uploads\/2020\/12\/1606832094251-scaled.jpg 1920w\" sizes=\"auto, (max-width: 768px) 100vw, 768px\" \/><\/figure>\n\n\n\n<figure class=\"wp-block-image size-large\"><img loading=\"lazy\" decoding=\"async\" width=\"768\" height=\"1024\" data-id=\"812\" src=\"https:\/\/grundschule-hirsau.de\/wp-content\/uploads\/2020\/12\/IMG_20201201_142318-768x1024.jpg\" alt=\"\" class=\"wp-image-812\" srcset=\"https:\/\/grundschule-hirsau.de\/wp-content\/uploads\/2020\/12\/IMG_20201201_142318-768x1024.jpg 768w, https:\/\/grundschule-hirsau.de\/wp-content\/uploads\/2020\/12\/IMG_20201201_142318-225x300.jpg 225w, https:\/\/grundschule-hirsau.de\/wp-content\/uploads\/2020\/12\/IMG_20201201_142318-1152x1536.jpg 1152w, https:\/\/grundschule-hirsau.de\/wp-content\/uploads\/2020\/12\/IMG_20201201_142318-1536x2048.jpg 1536w, https:\/\/grundschule-hirsau.de\/wp-content\/uploads\/2020\/12\/IMG_20201201_142318-scaled.jpg 1920w\" sizes=\"auto, (max-width: 768px) 100vw, 768px\" \/><figcaption><br><br><br><br><br><\/figcaption><\/figure>\n<figcaption class=\"blocks-gallery-caption\">Im November haben wir Gespenster und Flederm\u00e4use aus Wolle hergestellt.<br><br><\/figcaption><\/figure>\n\n\n<div class=\"wp-block-image\">\n<figure class=\"aligncenter size-large is-resized\"><img loading=\"lazy\" decoding=\"async\" src=\"https:\/\/grundschule-hirsau.de\/wp-content\/uploads\/2020\/12\/1606832305827-768x1024.jpg\" alt=\"\" class=\"wp-image-811\" width=\"573\" height=\"764\" srcset=\"https:\/\/grundschule-hirsau.de\/wp-content\/uploads\/2020\/12\/1606832305827-768x1024.jpg 768w, https:\/\/grundschule-hirsau.de\/wp-content\/uploads\/2020\/12\/1606832305827-225x300.jpg 225w, https:\/\/grundschule-hirsau.de\/wp-content\/uploads\/2020\/12\/1606832305827-1152x1536.jpg 1152w, https:\/\/grundschule-hirsau.de\/wp-content\/uploads\/2020\/12\/1606832305827-1536x2048.jpg 1536w, https:\/\/grundschule-hirsau.de\/wp-content\/uploads\/2020\/12\/1606832305827-scaled.jpg 1920w\" sizes=\"auto, (max-width: 573px) 100vw, 573px\" \/><figcaption>Im Dezember basteln wir erst Sterne und Kerzen f\u00fcr die Fenster.<br>Danach machen wir eine \u00dcberraschung f\u00fcr die Eltern zu Weihnachten. \ud83d\ude09<\/figcaption><\/figure>\n<\/div>\n\n\n<figure class=\"wp-block-image size-large\"><img loading=\"lazy\" decoding=\"async\" width=\"1024\" height=\"768\" src=\"https:\/\/grundschule-hirsau.de\/wp-content\/uploads\/2020\/10\/IMG_20201013_145403-1024x768.jpg\" alt=\"\" class=\"wp-image-713\" srcset=\"https:\/\/grundschule-hirsau.de\/wp-content\/uploads\/2020\/10\/IMG_20201013_145403-1024x768.jpg 1024w, https:\/\/grundschule-hirsau.de\/wp-content\/uploads\/2020\/10\/IMG_20201013_145403-300x225.jpg 300w, https:\/\/grundschule-hirsau.de\/wp-content\/uploads\/2020\/10\/IMG_20201013_145403-768x576.jpg 768w, https:\/\/grundschule-hirsau.de\/wp-content\/uploads\/2020\/10\/IMG_20201013_145403-1536x1152.jpg 1536w, https:\/\/grundschule-hirsau.de\/wp-content\/uploads\/2020\/10\/IMG_20201013_145403-2048x1536.jpg 2048w, https:\/\/grundschule-hirsau.de\/wp-content\/uploads\/2020\/10\/IMG_20201013_145403-120x90.jpg 120w\" sizes=\"auto, (max-width: 1024px) 100vw, 1024px\" \/><figcaption>Wir haben gemeinsam einen Baum gemalt und mit Herbstbl\u00e4ttern bedruckt.<\/figcaption><\/figure>\n","protected":false},"excerpt":{"rendered":"","protected":false},"author":2,"featured_media":0,"parent":0,"menu_order":0,"comment_status":"closed","ping_status":"closed","template":"","meta":{"footnotes":""},"class_list":["post-708","page","type-page","status-publish","hentry"],"_links":{"self":[{"href":"https:\/\/grundschule-hirsau.de\/index.php?rest_route=\/wp\/v2\/pages\/708","targetHints":{"allow":["GET"]}}],"collection":[{"href":"https:\/\/grundschule-hirsau.de\/index.php?rest_route=\/wp\/v2\/pages"}],"about":[{"href":"https:\/\/grundschule-hirsau.de\/index.php?rest_route=\/wp\/v2\/types\/page"}],"author":[{"embeddable":true,"href":"https:\/\/grundschule-hirsau.de\/index.php?rest_route=\/wp\/v2\/users\/2"}],"replies":[{"embeddable":true,"href":"https:\/\/grundschule-hirsau.de\/index.php?rest_route=%2Fwp%2Fv2%2Fcomments&post=708"}],"version-history":[{"count":5,"href":"https:\/\/grundschule-hirsau.de\/index.php?rest_route=\/wp\/v2\/pages\/708\/revisions"}],"predecessor-version":[{"id":2368,"href":"https:\/\/grundschule-hirsau.de\/index.php?rest_route=\/wp\/v2\/pages\/708\/revisions\/2368"}],"wp:attachment":[{"href":"https:\/\/grundschule-hirsau.de\/index.php?rest_route=%2Fwp%2Fv2%2Fmedia&parent=708"}],"curies":[{"name":"wp","href":"https:\/\/api.w.org\/{rel}","templated":true}]}}