{"id":4788,"date":"2026-04-04T10:59:41","date_gmt":"2026-04-04T08:59:41","guid":{"rendered":"https:\/\/grundschule-hirsau.de\/?page_id=4788"},"modified":"2026-04-04T11:03:29","modified_gmt":"2026-04-04T09:03:29","slug":"950-jahre-calw","status":"publish","type":"page","link":"https:\/\/grundschule-hirsau.de\/?page_id=4788","title":{"rendered":"950 Jahre Calw"},"content":{"rendered":"\n<p class=\"has-text-align-center has-vivid-green-cyan-background-color has-background has-large-font-size\"><strong>Preisverleihung der Volksbank 950 Jahre Calw<\/strong><\/p>\n\n\n<div class=\"wp-block-image\">\n<figure class=\"aligncenter size-full\"><img loading=\"lazy\" decoding=\"async\" width=\"640\" height=\"480\" src=\"https:\/\/grundschule-hirsau.de\/wp-content\/uploads\/2026\/04\/IMG_7307.jpeg\" alt=\"\" class=\"wp-image-4792\" srcset=\"https:\/\/grundschule-hirsau.de\/wp-content\/uploads\/2026\/04\/IMG_7307.jpeg 640w, https:\/\/grundschule-hirsau.de\/wp-content\/uploads\/2026\/04\/IMG_7307-300x225.jpeg 300w, https:\/\/grundschule-hirsau.de\/wp-content\/uploads\/2026\/04\/IMG_7307-120x90.jpeg 120w\" sizes=\"auto, (max-width: 640px) 100vw, 640px\" \/><\/figure>\n<\/div>\n\n\n<p class=\"has-medium-font-size\">Am 4. Februar 2026 besuchten Vertreter der Volksbank im Rahmen der Jubil\u00e4umsaktion \u201e950 Jahre Calw\u201c die Grundschule Hirsau. Anlass des Besuchs war eine Preisverleihung, bei der zwei bemalte L\u00f6wen pr\u00e4miert wurden. Die Kunstwerke wurden von den Sch\u00fclerinnen und Sch\u00fclern Max, Mattea und Emili gestaltet.<\/p>\n\n\n\n<p class=\"has-medium-font-size\">Im Zuge der Preisverleihung \u00fcberreichte die Volksbank der Grundschule Hirsau au\u00dferdem einen Scheck in H\u00f6he von 200 Euro. Die Schule freute sich sehr \u00fcber die Auszeichnung der kreativen Arbeiten sowie \u00fcber die finanzielle Unterst\u00fctzung.<\/p>\n","protected":false},"excerpt":{"rendered":"<p>Preisverleihung der Volksbank 950 Jahre Calw Am 4. Februar 2026 besuchten Vertreter der Volksbank im Rahmen der Jubil\u00e4umsaktion \u201e950 Jahre Calw\u201c die Grundschule Hirsau. Anlass des Besuchs war eine Preisverleihung, bei der zwei bemalte L\u00f6wen pr\u00e4miert wurden. Die Kunstwerke wurden von den Sch\u00fclerinnen und Sch\u00fclern Max, Mattea und Emili gestaltet. Im Zuge der Preisverleihung \u00fcberreichte&hellip;<\/p>\n","protected":false},"author":2,"featured_media":0,"parent":0,"menu_order":0,"comment_status":"closed","ping_status":"closed","template":"","meta":{"footnotes":""},"class_list":["post-4788","page","type-page","status-publish","hentry"],"_links":{"self":[{"href":"https:\/\/grundschule-hirsau.de\/index.php?rest_route=\/wp\/v2\/pages\/4788","targetHints":{"allow":["GET"]}}],"collection":[{"href":"https:\/\/grundschule-hirsau.de\/index.php?rest_route=\/wp\/v2\/pages"}],"about":[{"href":"https:\/\/grundschule-hirsau.de\/index.php?rest_route=\/wp\/v2\/types\/page"}],"author":[{"embeddable":true,"href":"https:\/\/grundschule-hirsau.de\/index.php?rest_route=\/wp\/v2\/users\/2"}],"replies":[{"embeddable":true,"href":"https:\/\/grundschule-hirsau.de\/index.php?rest_route=%2Fwp%2Fv2%2Fcomments&post=4788"}],"version-history":[{"count":3,"href":"https:\/\/grundschule-hirsau.de\/index.php?rest_route=\/wp\/v2\/pages\/4788\/revisions"}],"predecessor-version":[{"id":4793,"href":"https:\/\/grundschule-hirsau.de\/index.php?rest_route=\/wp\/v2\/pages\/4788\/revisions\/4793"}],"wp:attachment":[{"href":"https:\/\/grundschule-hirsau.de\/index.php?rest_route=%2Fwp%2Fv2%2Fmedia&parent=4788"}],"curies":[{"name":"wp","href":"https:\/\/api.w.org\/{rel}","templated":true}]}}