{"id":4608,"date":"2026-02-04T15:35:50","date_gmt":"2026-02-04T14:35:50","guid":{"rendered":"https:\/\/grundschule-hirsau.de\/?page_id=4608"},"modified":"2026-02-04T16:02:39","modified_gmt":"2026-02-04T15:02:39","slug":"einsetzungsfeier-von-rektorin-meike-bessenbach","status":"publish","type":"page","link":"https:\/\/grundschule-hirsau.de\/?page_id=4608","title":{"rendered":"Einsetzungsfeier von Rektorin Meike Bessenbach"},"content":{"rendered":"\n<p class=\"has-medium-font-size\">Am 5. Dezember 2025 fand an der Grundschule Hirsau die feierliche Einsetzung der neuen Rektorin Meike Bessenbach statt. Der festliche Nachmittag wurde mit einem stimmungsvollen Klavierst\u00fcck von Helen Ring er\u00f6ffnet und setzte damit den w\u00fcrdigen Rahmen f\u00fcr diese besondere Veranstaltung. Die offizielle Einsetzung nahm der Leiter des Schulamtes Pforzheim, Volker Traub, vor. Anschlie\u00dfend gestalteten die Grundsch\u00fclerinnen und Grundsch\u00fcler den Nachmittag mit liebevollen Liedbeitr\u00e4gen und Gedichten, die von Herzen kamen und f\u00fcr viele ber\u00fchrende Momente sorgten. Auch zahlreiche G\u00e4ste aus Schule, Stadt und regionalem Umfeld richteten Gru\u00dfworte an die neue Schulleiterin. Zu ihnen geh\u00f6rten Oberb\u00fcrgermeister Florian Kling, Schuldekan Torsten Trautwein, der stellvertretende Personalratsvorsitzender Oliver Nowack, Tobias Ratgeber als Vertreter der Schulleiter der Stadt Calw sowie Herr Winkler vom VfR Hirsau-Ernstm\u00fchl. Dar\u00fcber hinaus beteiligten sich der Elternbeirat sowie das Kollegium der Grundschule Hirsau mit eigenen Beitr\u00e4gen. Zum Abschluss der offiziellen Feier bedankte sich Meike Bessenbach herzlich f\u00fcr die vielf\u00e4ltige Unterst\u00fctzung, die sie bereits erfahren hat. In ihrer Rede betonte sie ihren Wunsch, gemeinsam \u2013 Hand in Hand \u2013 mit allen Partnern der Schule, dem gesamten Schulteam sowie den Sch\u00fclerinnen, Sch\u00fclern und Eltern die kommenden Aufgaben anzugehen. Passend zu dieser Botschaft sangen die Kinder der Grundschule Hirsau das Lied \u201eHand in Hand\u201c, das diesen Gedanken musikalisch aufgriff.<\/p>\n\n\n\n<p class=\"has-medium-font-size\">Im Anschluss klang der Nachmittag in gem\u00fctlicher Runde beim liebevoll zusammengestellten Buffet aus. Neben Sekt und Schnittchen trugen die Eltern auch Kuchen bei, sodass alle G\u00e4ste bei der anschlie\u00dfenden kleinen Weihnachtsfeier mit Punsch und Gl\u00fchwein den Tag angenehm ausklingen lassen konnten.<\/p>\n\n\n\n<p class=\"has-medium-font-size\">Wir w\u00fcnschen unserer neuen Rektorin Meike Bessenbach von Herzen alles Gute, viel Weisheit, Energie und immer wieder Momente der Erholung \u2013 f\u00fcr sie selbst, f\u00fcr ihre Familie und f\u00fcr ihre wertvolle Arbeit an unserer Schule. Gemeinsam blicken wir voller Zuversicht auf diesen neuen Abschnitt.<\/p>\n\n\n\n<p><\/p>\n\n\n<div class=\"wp-block-image\">\n<figure class=\"aligncenter\" id=\"block-8cea932b-4cdb-4a2b-9ed0-af31d1498185\"><img decoding=\"async\" src=\"https:\/\/grundschule-hirsau.de\/wp-content\/uploads\/2025\/12\/IMG_6402-rotated.jpeg\" alt=\"Dieses Bild hat ein leeres Alt-Attribut. Der Dateiname ist IMG_6402-rotated.jpeg\"\/><\/figure>\n<\/div>\n\n\n<p id=\"block-b0d9b1e6-f4e8-4ee1-8f56-b44c8124ba09\"><\/p>\n\n\n<div class=\"wp-block-image\">\n<figure class=\"aligncenter\" id=\"block-3d006713-4e48-4c2b-ae2d-9c3d781591f2\"><img decoding=\"async\" src=\"https:\/\/grundschule-hirsau.de\/wp-content\/uploads\/2025\/12\/IMG_6404-1.jpeg\" alt=\"Dieses Bild hat ein leeres Alt-Attribut. Der Dateiname ist IMG_6404-1.jpeg\"\/><\/figure>\n<\/div>\n\n\n<p id=\"block-b71f694a-67d2-434c-8717-d40705fef8e6\"><\/p>\n\n\n<div class=\"wp-block-image\">\n<figure class=\"aligncenter\" id=\"block-efce4a0b-b92f-479c-bb45-0d1de4ae06bc\"><img decoding=\"async\" src=\"https:\/\/grundschule-hirsau.de\/wp-content\/uploads\/2025\/12\/IMG_6411.jpeg\" alt=\"Dieses Bild hat ein leeres Alt-Attribut. Der Dateiname ist IMG_6411.jpeg\"\/><\/figure>\n<\/div>\n\n\n<p><\/p>\n\n\n\n<figure class=\"wp-block-gallery has-nested-images columns-default is-cropped wp-block-gallery-1 is-layout-flex wp-block-gallery-is-layout-flex\">\n<figure class=\"wp-block-image\"><img decoding=\"async\" src=\"https:\/\/grundschule-hirsau.de\/wp-content\/uploads\/2025\/12\/IMG_6413neu.jpeg\" alt=\"Dieses Bild hat ein leeres Alt-Attribut. Der Dateiname ist IMG_6413neu.jpeg\"\/><\/figure>\n\n\n\n<figure class=\"wp-block-image\"><img decoding=\"async\" src=\"https:\/\/grundschule-hirsau.de\/wp-content\/uploads\/2025\/12\/IMG_6414neu.jpeg\" alt=\"Dieses Bild hat ein leeres Alt-Attribut. Der Dateiname ist IMG_6414neu.jpeg\"\/><\/figure>\n<\/figure>\n\n\n\n<p><\/p>\n\n\n<div class=\"wp-block-image\">\n<figure class=\"aligncenter\"><img decoding=\"async\" src=\"https:\/\/grundschule-hirsau.de\/wp-content\/uploads\/2025\/12\/IMG_6415-rotated.jpeg\" alt=\"Dieses Bild hat ein leeres Alt-Attribut. Der Dateiname ist IMG_6415-rotated.jpeg\"\/><\/figure>\n<\/div>\n\n\n<p><\/p>\n\n\n\n<figure class=\"wp-block-gallery has-nested-images columns-default is-cropped wp-block-gallery-2 is-layout-flex wp-block-gallery-is-layout-flex\">\n<figure class=\"wp-block-image\"><img decoding=\"async\" src=\"https:\/\/grundschule-hirsau.de\/wp-content\/uploads\/2025\/12\/IMG_6416neu.jpeg\" alt=\"Dieses Bild hat ein leeres Alt-Attribut. Der Dateiname ist IMG_6416neu.jpeg\"\/><\/figure>\n\n\n\n<figure class=\"wp-block-image\" id=\"block-e488666e-c1c9-429c-8bdc-7060712bd38d\"><img decoding=\"async\" src=\"https:\/\/grundschule-hirsau.de\/wp-content\/uploads\/2025\/12\/IMG_6417neu.jpeg\" alt=\"Dieses Bild hat ein leeres Alt-Attribut. Der Dateiname ist IMG_6417neu.jpeg\"\/><\/figure>\n<\/figure>\n\n\n\n<p id=\"block-bd46c2d0-7473-4d28-b0b6-c2a8e590ea42\"><\/p>\n\n\n<div class=\"wp-block-image\">\n<figure class=\"aligncenter\" id=\"block-599d7974-459f-428f-9f69-51aeb2eacae5\"><img decoding=\"async\" src=\"https:\/\/grundschule-hirsau.de\/wp-content\/uploads\/2025\/12\/IMG_6420-rotated.jpeg\" alt=\"Dieses Bild hat ein leeres Alt-Attribut. Der Dateiname ist IMG_6420-rotated.jpeg\"\/><\/figure>\n<\/div>\n\n\n<p><\/p>\n\n\n<div class=\"wp-block-image\">\n<figure class=\"aligncenter\"><img decoding=\"async\" src=\"https:\/\/grundschule-hirsau.de\/wp-content\/uploads\/2025\/12\/IMG_6424.jpeg\" alt=\"Dieses Bild hat ein leeres Alt-Attribut. Der Dateiname ist IMG_6424.jpeg\"\/><\/figure>\n<\/div>\n\n\n<p><\/p>\n\n\n<div class=\"wp-block-image\">\n<figure class=\"aligncenter\"><img decoding=\"async\" src=\"https:\/\/grundschule-hirsau.de\/wp-content\/uploads\/2025\/12\/IMG_6427-rotated.jpeg\" alt=\"Dieses Bild hat ein leeres Alt-Attribut. Der Dateiname ist IMG_6427-rotated.jpeg\"\/><\/figure>\n<\/div>\n\n\n<p><\/p>\n\n\n<div class=\"wp-block-image\">\n<figure class=\"aligncenter\"><img decoding=\"async\" src=\"https:\/\/grundschule-hirsau.de\/wp-content\/uploads\/2025\/12\/IMG_6431.jpeg\" alt=\"Dieses Bild hat ein leeres Alt-Attribut. Der Dateiname ist IMG_6431.jpeg\"\/><\/figure>\n<\/div>\n\n\n<p><\/p>\n\n\n\n<figure class=\"wp-block-gallery has-nested-images columns-default is-cropped wp-block-gallery-3 is-layout-flex wp-block-gallery-is-layout-flex\">\n<figure class=\"wp-block-image\"><img decoding=\"async\" src=\"https:\/\/grundschule-hirsau.de\/wp-content\/uploads\/2025\/12\/IMG_6436.jpeg\" alt=\"Dieses Bild hat ein leeres Alt-Attribut. Der Dateiname ist IMG_6436.jpeg\"\/><\/figure>\n\n\n\n<figure class=\"wp-block-image\"><img decoding=\"async\" src=\"https:\/\/grundschule-hirsau.de\/wp-content\/uploads\/2025\/12\/IMG_6438.jpeg\" alt=\"Dieses Bild hat ein leeres Alt-Attribut. Der Dateiname ist IMG_6438.jpeg\"\/><\/figure>\n<\/figure>\n\n\n\n<p><\/p>\n\n\n<div class=\"wp-block-image\">\n<figure class=\"aligncenter\" id=\"block-f4e789ce-251a-4192-be16-567d668daeb8\"><img decoding=\"async\" src=\"https:\/\/grundschule-hirsau.de\/wp-content\/uploads\/2025\/12\/IMG_6443.jpeg\" alt=\"Dieses Bild hat ein leeres Alt-Attribut. Der Dateiname ist IMG_6443.jpeg\"\/><\/figure>\n<\/div>\n\n<div class=\"wp-block-image\">\n<figure class=\"aligncenter\"><img decoding=\"async\" src=\"https:\/\/grundschule-hirsau.de\/wp-content\/uploads\/2025\/12\/IMG_6455-rotated.jpeg\" alt=\"Dieses Bild hat ein leeres Alt-Attribut. Der Dateiname ist IMG_6455-rotated.jpeg\"\/><\/figure>\n<\/div>\n\n\n<p id=\"block-dfd5b95a-78b3-408a-9c1a-e2b909379d35\"><\/p>\n\n\n<div class=\"wp-block-image\">\n<figure class=\"aligncenter\" id=\"block-60e12280-4fc4-4205-9685-f0bb0d09544c\"><img decoding=\"async\" src=\"https:\/\/grundschule-hirsau.de\/wp-content\/uploads\/2025\/12\/IMG_6458neu.jpeg\" alt=\"Dieses Bild hat ein leeres Alt-Attribut. Der Dateiname ist IMG_6458neu.jpeg\"\/><\/figure>\n<\/div>\n\n\n<p><\/p>\n\n\n<div class=\"wp-block-image\">\n<figure class=\"aligncenter\"><img decoding=\"async\" src=\"https:\/\/grundschule-hirsau.de\/wp-content\/uploads\/2025\/12\/IMG_6464neu.jpeg\" alt=\"Dieses Bild hat ein leeres Alt-Attribut. Der Dateiname ist IMG_6464neu.jpeg\"\/><\/figure>\n<\/div>\n\n\n<p><\/p>\n\n\n\n<figure class=\"wp-block-gallery has-nested-images columns-default is-cropped wp-block-gallery-4 is-layout-flex wp-block-gallery-is-layout-flex\">\n<figure class=\"wp-block-image\"><img decoding=\"async\" src=\"https:\/\/grundschule-hirsau.de\/wp-content\/uploads\/2025\/12\/IMG_6467.jpg\" alt=\"Dieses Bild hat ein leeres Alt-Attribut. Der Dateiname ist IMG_6467.jpg\"\/><\/figure>\n\n\n\n<figure class=\"wp-block-image\" id=\"block-20963e1f-a952-4a11-b377-4188c5777db2\"><img decoding=\"async\" src=\"https:\/\/grundschule-hirsau.de\/wp-content\/uploads\/2025\/12\/IMG_6466.jpg\" alt=\"Dieses Bild hat ein leeres Alt-Attribut. Der Dateiname ist IMG_6466.jpg\"\/><\/figure>\n<\/figure>\n\n\n\n<p><\/p>\n\n\n<div class=\"wp-block-image\">\n<figure class=\"aligncenter\"><img decoding=\"async\" src=\"https:\/\/grundschule-hirsau.de\/wp-content\/uploads\/2025\/12\/IMG_6465.jpeg\" alt=\"Dieses Bild hat ein leeres Alt-Attribut. Der Dateiname ist IMG_6465.jpeg\"\/><\/figure>\n<\/div>\n\n\n<p id=\"block-0f45faea-2360-4794-972e-116dfe6fa6b5\"><\/p>\n","protected":false},"excerpt":{"rendered":"<p>Am 5. Dezember 2025 fand an der Grundschule Hirsau die feierliche Einsetzung der neuen Rektorin Meike Bessenbach statt. Der festliche Nachmittag wurde mit einem stimmungsvollen Klavierst\u00fcck von Helen Ring er\u00f6ffnet und setzte damit den w\u00fcrdigen Rahmen f\u00fcr diese besondere Veranstaltung. Die offizielle Einsetzung nahm der Leiter des Schulamtes Pforzheim, Volker Traub, vor. Anschlie\u00dfend gestalteten die&hellip;<\/p>\n","protected":false},"author":2,"featured_media":0,"parent":0,"menu_order":0,"comment_status":"closed","ping_status":"closed","template":"","meta":{"footnotes":""},"class_list":["post-4608","page","type-page","status-publish","hentry"],"_links":{"self":[{"href":"https:\/\/grundschule-hirsau.de\/index.php?rest_route=\/wp\/v2\/pages\/4608","targetHints":{"allow":["GET"]}}],"collection":[{"href":"https:\/\/grundschule-hirsau.de\/index.php?rest_route=\/wp\/v2\/pages"}],"about":[{"href":"https:\/\/grundschule-hirsau.de\/index.php?rest_route=\/wp\/v2\/types\/page"}],"author":[{"embeddable":true,"href":"https:\/\/grundschule-hirsau.de\/index.php?rest_route=\/wp\/v2\/users\/2"}],"replies":[{"embeddable":true,"href":"https:\/\/grundschule-hirsau.de\/index.php?rest_route=%2Fwp%2Fv2%2Fcomments&post=4608"}],"version-history":[{"count":21,"href":"https:\/\/grundschule-hirsau.de\/index.php?rest_route=\/wp\/v2\/pages\/4608\/revisions"}],"predecessor-version":[{"id":4639,"href":"https:\/\/grundschule-hirsau.de\/index.php?rest_route=\/wp\/v2\/pages\/4608\/revisions\/4639"}],"wp:attachment":[{"href":"https:\/\/grundschule-hirsau.de\/index.php?rest_route=%2Fwp%2Fv2%2Fmedia&parent=4608"}],"curies":[{"name":"wp","href":"https:\/\/api.w.org\/{rel}","templated":true}]}}