{"id":4489,"date":"2025-12-28T18:36:06","date_gmt":"2025-12-28T17:36:06","guid":{"rendered":"https:\/\/grundschule-hirsau.de\/?page_id=4489"},"modified":"2025-12-28T18:48:22","modified_gmt":"2025-12-28T17:48:22","slug":"weihnachtsgottesdienst-2025","status":"publish","type":"page","link":"https:\/\/grundschule-hirsau.de\/?page_id=4489","title":{"rendered":"Weihnachtsgottesdienst 2025"},"content":{"rendered":"\n<h3 class=\"wp-block-heading\"><\/h3>\n\n\n\n<p>Am 18. Dezember 2025 fand in der Marienkapelle ein besinnlicher Weihnachtsgottesdienst statt, der Gro\u00df und Klein auf das bevorstehende Weihnachtsfest einstimmte.<\/p>\n\n\n\n<p>Unser Chor gestaltete den Gottesdienst musikalisch mit mehreren Liedern und sorgte so f\u00fcr eine feierliche und zugleich besinnliche Atmosph\u00e4re. Ein besonderer H\u00f6hepunkt war die Lesung aus dem Buch <strong>\u201eDer kleine Weihnachtsbaum\u201c<\/strong>, die von einigen Kindern gemeinsam mit Frau Reiser und Pfarrer Schwarz vorgetragen wurde. Die Geschichte lud dazu ein, \u00fcber Licht, Hoffnung und die Bedeutung von Weihnachten nachzudenken.<\/p>\n\n\n\n<p>Im Anschluss durften alle Grundschulkinder aktiv werden: Gemeinsam schm\u00fcckten sie einen mitgebrachten Holzbaum mit Kerzen. Der gro\u00dfe Stern an der Spitze des Baumes symbolisierte Jesus Christus \u2013 das Licht, das am hellsten leuchtet und auch die Dunkelheit unseres Lebens erhellt.<\/p>\n\n\n\n<p>Zum Abschluss des Gottesdienstes hatten die Kinder die M\u00f6glichkeit, einen kleinen Stern mitzunehmen und sich segnen zu lassen. Dieser pers\u00f6nliche Moment rundete den Weihnachtsgottesdienst auf besondere Weise ab und schenkte vielen ein Gef\u00fchl von Gemeinschaft, W\u00e4rme und Hoffnung.<\/p>\n\n\n\n<p>Wir danken allen Mitwirkenden, insbesondere den Kindern, dem Chor sowie Frau Reiser und Pfarrer Schwarz, f\u00fcr diesen gelungenen Gottesdienst.<\/p>\n\n\n<div class=\"wp-block-image\">\n<figure class=\"aligncenter size-full\"><img loading=\"lazy\" decoding=\"async\" width=\"640\" height=\"480\" src=\"https:\/\/grundschule-hirsau.de\/wp-content\/uploads\/2025\/12\/IMG_6784.jpeg\" alt=\"\" class=\"wp-image-4494\" srcset=\"https:\/\/grundschule-hirsau.de\/wp-content\/uploads\/2025\/12\/IMG_6784.jpeg 640w, https:\/\/grundschule-hirsau.de\/wp-content\/uploads\/2025\/12\/IMG_6784-300x225.jpeg 300w, https:\/\/grundschule-hirsau.de\/wp-content\/uploads\/2025\/12\/IMG_6784-120x90.jpeg 120w\" sizes=\"auto, (max-width: 640px) 100vw, 640px\" \/><\/figure>\n<\/div>\n\n\n<p><\/p>\n\n\n\n<figure class=\"wp-block-gallery has-nested-images columns-default is-cropped wp-block-gallery-1 is-layout-flex wp-block-gallery-is-layout-flex\">\n<figure class=\"wp-block-image size-large\"><img loading=\"lazy\" decoding=\"async\" width=\"480\" height=\"640\" data-id=\"4492\" src=\"https:\/\/grundschule-hirsau.de\/wp-content\/uploads\/2025\/12\/IMG_6786-rotated.jpeg\" alt=\"\" class=\"wp-image-4492\" srcset=\"https:\/\/grundschule-hirsau.de\/wp-content\/uploads\/2025\/12\/IMG_6786-rotated.jpeg 480w, https:\/\/grundschule-hirsau.de\/wp-content\/uploads\/2025\/12\/IMG_6786-225x300.jpeg 225w\" sizes=\"auto, (max-width: 480px) 100vw, 480px\" \/><\/figure>\n\n\n\n<figure class=\"wp-block-image size-large\"><img loading=\"lazy\" decoding=\"async\" width=\"480\" height=\"640\" data-id=\"4490\" src=\"https:\/\/grundschule-hirsau.de\/wp-content\/uploads\/2025\/12\/IMG_6788-1-rotated.jpeg\" alt=\"\" class=\"wp-image-4490\" srcset=\"https:\/\/grundschule-hirsau.de\/wp-content\/uploads\/2025\/12\/IMG_6788-1-rotated.jpeg 480w, https:\/\/grundschule-hirsau.de\/wp-content\/uploads\/2025\/12\/IMG_6788-1-225x300.jpeg 225w\" sizes=\"auto, (max-width: 480px) 100vw, 480px\" \/><\/figure>\n<\/figure>\n\n\n\n<p><\/p>\n","protected":false},"excerpt":{"rendered":"<p>Am 18. Dezember 2025 fand in der Marienkapelle ein besinnlicher Weihnachtsgottesdienst statt, der Gro\u00df und Klein auf das bevorstehende Weihnachtsfest einstimmte. Unser Chor gestaltete den Gottesdienst musikalisch mit mehreren Liedern und sorgte so f\u00fcr eine feierliche und zugleich besinnliche Atmosph\u00e4re. Ein besonderer H\u00f6hepunkt war die Lesung aus dem Buch \u201eDer kleine Weihnachtsbaum\u201c, die von einigen&hellip;<\/p>\n","protected":false},"author":2,"featured_media":0,"parent":0,"menu_order":0,"comment_status":"closed","ping_status":"closed","template":"","meta":{"footnotes":""},"class_list":["post-4489","page","type-page","status-publish","hentry"],"_links":{"self":[{"href":"https:\/\/grundschule-hirsau.de\/index.php?rest_route=\/wp\/v2\/pages\/4489","targetHints":{"allow":["GET"]}}],"collection":[{"href":"https:\/\/grundschule-hirsau.de\/index.php?rest_route=\/wp\/v2\/pages"}],"about":[{"href":"https:\/\/grundschule-hirsau.de\/index.php?rest_route=\/wp\/v2\/types\/page"}],"author":[{"embeddable":true,"href":"https:\/\/grundschule-hirsau.de\/index.php?rest_route=\/wp\/v2\/users\/2"}],"replies":[{"embeddable":true,"href":"https:\/\/grundschule-hirsau.de\/index.php?rest_route=%2Fwp%2Fv2%2Fcomments&post=4489"}],"version-history":[{"count":3,"href":"https:\/\/grundschule-hirsau.de\/index.php?rest_route=\/wp\/v2\/pages\/4489\/revisions"}],"predecessor-version":[{"id":4500,"href":"https:\/\/grundschule-hirsau.de\/index.php?rest_route=\/wp\/v2\/pages\/4489\/revisions\/4500"}],"wp:attachment":[{"href":"https:\/\/grundschule-hirsau.de\/index.php?rest_route=%2Fwp%2Fv2%2Fmedia&parent=4489"}],"curies":[{"name":"wp","href":"https:\/\/api.w.org\/{rel}","templated":true}]}}