{"id":4412,"date":"2025-12-09T20:40:08","date_gmt":"2025-12-09T19:40:08","guid":{"rendered":"https:\/\/grundschule-hirsau.de\/?page_id=4412"},"modified":"2025-12-09T20:46:23","modified_gmt":"2025-12-09T19:46:23","slug":"hirsauer-klosterweihnacht","status":"publish","type":"page","link":"https:\/\/grundschule-hirsau.de\/?page_id=4412","title":{"rendered":"Hirsauer Klosterweihnacht"},"content":{"rendered":"\n<p>Die 4. Ausgabe des Hirsauer Adventsmarktes wartete in diesem Jahr mit einer \u00dcberraschung: fand er seither immer im Hirsauer Kurpark statt, so wurde diesmal die historische Ruine des Klosters St. Peter und Paul als Veranstaltungsort gew\u00e4hlt. <\/p>\n\n\n\n<p>Neu war in diesem Jahr auch die Er\u00f6ffnung in der Marienkapelle des Klosters. Umrahmt von adventlicher Musik der Stadtkapelle Calw sowie einigen Liedern zum Advent, die vom Chor der Grundschule Hirsau vorgetragen wurden, er\u00f6ffnete Ortsvorsteherin Jacqueline Jakob sowie der neue Pfarrer der evangelischen Kirchengemeinde Hirsau, Georg Schwarz, den Markt.<a href=\"https:\/\/freunde-kloster-hirsau.de\/wp-content\/uploads\/2025\/12\/DSC_5563-scaled.jpg\"><\/a><\/p>\n\n\n\n<p>Die Begeisterung der zahlreichen gro\u00dfen und kleinen Besucherinnen und Besucher \u00fcber die einzigartige Stimmung im Kloster war so gro\u00df, dass es zeitweise rund um Eulenturm, Klosterbrunnen und evangelischem Pfarrhaus kaum ein Durchkommen gab. Magisch in verschiedenen Farben illuminiert pr\u00e4sentierte sich die Klosteranlage in einem unvergleichlichen Licht.<\/p>\n\n\n\n<p><\/p>\n\n\n\n<p><\/p>\n\n\n<div class=\"wp-block-image\">\n<figure class=\"aligncenter size-full\"><img loading=\"lazy\" decoding=\"async\" width=\"640\" height=\"480\" src=\"https:\/\/grundschule-hirsau.de\/wp-content\/uploads\/2025\/12\/IMG_6472neu.jpeg\" alt=\"\" class=\"wp-image-4414\" srcset=\"https:\/\/grundschule-hirsau.de\/wp-content\/uploads\/2025\/12\/IMG_6472neu.jpeg 640w, https:\/\/grundschule-hirsau.de\/wp-content\/uploads\/2025\/12\/IMG_6472neu-300x225.jpeg 300w, https:\/\/grundschule-hirsau.de\/wp-content\/uploads\/2025\/12\/IMG_6472neu-120x90.jpeg 120w\" sizes=\"auto, (max-width: 640px) 100vw, 640px\" \/><\/figure>\n<\/div>\n\n\n<p><\/p>\n\n\n<div class=\"wp-block-image\">\n<figure class=\"aligncenter size-full\"><img loading=\"lazy\" decoding=\"async\" width=\"480\" height=\"640\" src=\"https:\/\/grundschule-hirsau.de\/wp-content\/uploads\/2025\/12\/IMG_6474-rotated.jpeg\" alt=\"\" class=\"wp-image-4416\" srcset=\"https:\/\/grundschule-hirsau.de\/wp-content\/uploads\/2025\/12\/IMG_6474-rotated.jpeg 480w, https:\/\/grundschule-hirsau.de\/wp-content\/uploads\/2025\/12\/IMG_6474-225x300.jpeg 225w\" sizes=\"auto, (max-width: 480px) 100vw, 480px\" \/><\/figure>\n<\/div>\n\n\n<p><\/p>\n\n\n<div class=\"wp-block-image\">\n<figure class=\"aligncenter size-full\"><img loading=\"lazy\" decoding=\"async\" width=\"640\" height=\"480\" src=\"https:\/\/grundschule-hirsau.de\/wp-content\/uploads\/2025\/12\/IMG_6475neu.jpeg\" alt=\"\" class=\"wp-image-4419\" srcset=\"https:\/\/grundschule-hirsau.de\/wp-content\/uploads\/2025\/12\/IMG_6475neu.jpeg 640w, https:\/\/grundschule-hirsau.de\/wp-content\/uploads\/2025\/12\/IMG_6475neu-300x225.jpeg 300w, https:\/\/grundschule-hirsau.de\/wp-content\/uploads\/2025\/12\/IMG_6475neu-120x90.jpeg 120w\" sizes=\"auto, (max-width: 640px) 100vw, 640px\" \/><\/figure>\n<\/div>\n\n\n<p><\/p>\n\n\n\n<figure class=\"wp-block-gallery has-nested-images columns-default is-cropped wp-block-gallery-1 is-layout-flex wp-block-gallery-is-layout-flex\">\n<figure class=\"wp-block-image size-large\"><img loading=\"lazy\" decoding=\"async\" width=\"640\" height=\"480\" data-id=\"4413\" src=\"https:\/\/grundschule-hirsau.de\/wp-content\/uploads\/2025\/12\/IMG_6471.jpg\" alt=\"\" class=\"wp-image-4413\" srcset=\"https:\/\/grundschule-hirsau.de\/wp-content\/uploads\/2025\/12\/IMG_6471.jpg 640w, https:\/\/grundschule-hirsau.de\/wp-content\/uploads\/2025\/12\/IMG_6471-300x225.jpg 300w, https:\/\/grundschule-hirsau.de\/wp-content\/uploads\/2025\/12\/IMG_6471-120x90.jpg 120w\" sizes=\"auto, (max-width: 640px) 100vw, 640px\" \/><\/figure>\n\n\n\n<figure class=\"wp-block-image size-large\"><img loading=\"lazy\" decoding=\"async\" width=\"480\" height=\"640\" data-id=\"4423\" src=\"https:\/\/grundschule-hirsau.de\/wp-content\/uploads\/2025\/12\/IMG_6547.jpg\" alt=\"\" class=\"wp-image-4423\" srcset=\"https:\/\/grundschule-hirsau.de\/wp-content\/uploads\/2025\/12\/IMG_6547.jpg 480w, https:\/\/grundschule-hirsau.de\/wp-content\/uploads\/2025\/12\/IMG_6547-225x300.jpg 225w\" sizes=\"auto, (max-width: 480px) 100vw, 480px\" \/><\/figure>\n<\/figure>\n\n\n\n<p><\/p>\n\n\n<div class=\"wp-block-image\">\n<figure class=\"aligncenter size-large\"><img loading=\"lazy\" decoding=\"async\" width=\"768\" height=\"1024\" src=\"https:\/\/grundschule-hirsau.de\/wp-content\/uploads\/2025\/12\/IMG_6546-768x1024.jpg\" alt=\"\" class=\"wp-image-4421\" srcset=\"https:\/\/grundschule-hirsau.de\/wp-content\/uploads\/2025\/12\/IMG_6546-768x1024.jpg 768w, https:\/\/grundschule-hirsau.de\/wp-content\/uploads\/2025\/12\/IMG_6546-225x300.jpg 225w, https:\/\/grundschule-hirsau.de\/wp-content\/uploads\/2025\/12\/IMG_6546-1152x1536.jpg 1152w, https:\/\/grundschule-hirsau.de\/wp-content\/uploads\/2025\/12\/IMG_6546.jpg 1200w\" sizes=\"auto, (max-width: 768px) 100vw, 768px\" \/><\/figure>\n<\/div>","protected":false},"excerpt":{"rendered":"<p>Die 4. Ausgabe des Hirsauer Adventsmarktes wartete in diesem Jahr mit einer \u00dcberraschung: fand er seither immer im Hirsauer Kurpark statt, so wurde diesmal die historische Ruine des Klosters St. Peter und Paul als Veranstaltungsort gew\u00e4hlt. Neu war in diesem Jahr auch die Er\u00f6ffnung in der Marienkapelle des Klosters. Umrahmt von adventlicher Musik der Stadtkapelle&hellip;<\/p>\n","protected":false},"author":2,"featured_media":0,"parent":0,"menu_order":0,"comment_status":"closed","ping_status":"closed","template":"","meta":{"footnotes":""},"class_list":["post-4412","page","type-page","status-publish","hentry"],"_links":{"self":[{"href":"https:\/\/grundschule-hirsau.de\/index.php?rest_route=\/wp\/v2\/pages\/4412","targetHints":{"allow":["GET"]}}],"collection":[{"href":"https:\/\/grundschule-hirsau.de\/index.php?rest_route=\/wp\/v2\/pages"}],"about":[{"href":"https:\/\/grundschule-hirsau.de\/index.php?rest_route=\/wp\/v2\/types\/page"}],"author":[{"embeddable":true,"href":"https:\/\/grundschule-hirsau.de\/index.php?rest_route=\/wp\/v2\/users\/2"}],"replies":[{"embeddable":true,"href":"https:\/\/grundschule-hirsau.de\/index.php?rest_route=%2Fwp%2Fv2%2Fcomments&post=4412"}],"version-history":[{"count":4,"href":"https:\/\/grundschule-hirsau.de\/index.php?rest_route=\/wp\/v2\/pages\/4412\/revisions"}],"predecessor-version":[{"id":4425,"href":"https:\/\/grundschule-hirsau.de\/index.php?rest_route=\/wp\/v2\/pages\/4412\/revisions\/4425"}],"wp:attachment":[{"href":"https:\/\/grundschule-hirsau.de\/index.php?rest_route=%2Fwp%2Fv2%2Fmedia&parent=4412"}],"curies":[{"name":"wp","href":"https:\/\/api.w.org\/{rel}","templated":true}]}}