{"id":4385,"date":"2025-12-09T20:13:36","date_gmt":"2025-12-09T19:13:36","guid":{"rendered":"https:\/\/grundschule-hirsau.de\/?page_id=4385"},"modified":"2025-12-09T20:25:23","modified_gmt":"2025-12-09T19:25:23","slug":"nikolaus-2025","status":"publish","type":"page","link":"https:\/\/grundschule-hirsau.de\/?page_id=4385","title":{"rendered":"Nikolaus 2025"},"content":{"rendered":"\n<p><\/p>\n\n\n\n<p class=\"has-text-align-center has-vivid-red-background-color has-background has-medium-font-size\"><strong>\u00dcberraschungsbesuch vom Nikolaus an der Grundschule Hirsau<\/strong><\/p>\n\n\n\n<p>Am 5. Dezember 2025 gab es an der Grundschule Hirsau einen ganz besonderen Moment: Nach der Einsetzungsfeier \u00fcberraschte der Nikolaus die Kinder \u2013 und das gleich mit einem Feuerwehrfahrzeug! Freudig strahlend versammelten sich die Sch\u00fclerinnen und Sch\u00fcler, als der rote Nikolauswagen vorfuhr.<\/p>\n\n\n\n<p>Die Kinder hatten bereits kleine Beitr\u00e4ge vorbereitet und trugen die Lieder f\u00fcr den Nikolaus vor. Als Dankesch\u00f6n erhielt danach jedes Kind eine kleine \u00dcberraschung.<\/p>\n\n\n\n<p>Herzlichen Dank an den Nikolaus f\u00fcr diesen besonderen Besuch!<\/p>\n\n\n<div class=\"wp-block-image\">\n<figure class=\"aligncenter size-large\"><img loading=\"lazy\" decoding=\"async\" width=\"674\" height=\"1024\" src=\"https:\/\/grundschule-hirsau.de\/wp-content\/uploads\/2025\/12\/58a3331a-82d2-4789-81c4-6e9d793182ae-674x1024.jpg\" alt=\"\" class=\"wp-image-4389\" srcset=\"https:\/\/grundschule-hirsau.de\/wp-content\/uploads\/2025\/12\/58a3331a-82d2-4789-81c4-6e9d793182ae-674x1024.jpg 674w, https:\/\/grundschule-hirsau.de\/wp-content\/uploads\/2025\/12\/58a3331a-82d2-4789-81c4-6e9d793182ae-197x300.jpg 197w, https:\/\/grundschule-hirsau.de\/wp-content\/uploads\/2025\/12\/58a3331a-82d2-4789-81c4-6e9d793182ae-768x1167.jpg 768w, https:\/\/grundschule-hirsau.de\/wp-content\/uploads\/2025\/12\/58a3331a-82d2-4789-81c4-6e9d793182ae-1011x1536.jpg 1011w, https:\/\/grundschule-hirsau.de\/wp-content\/uploads\/2025\/12\/58a3331a-82d2-4789-81c4-6e9d793182ae.jpg 1266w\" sizes=\"auto, (max-width: 674px) 100vw, 674px\" \/><\/figure>\n<\/div>\n\n\n<p><\/p>\n\n\n<div class=\"wp-block-image\">\n<figure class=\"aligncenter size-full\"><img loading=\"lazy\" decoding=\"async\" width=\"640\" height=\"480\" src=\"https:\/\/grundschule-hirsau.de\/wp-content\/uploads\/2025\/12\/3f97f497-1b52-403f-b1c1-1b7aa8708c48neu.jpg\" alt=\"\" class=\"wp-image-4388\" srcset=\"https:\/\/grundschule-hirsau.de\/wp-content\/uploads\/2025\/12\/3f97f497-1b52-403f-b1c1-1b7aa8708c48neu.jpg 640w, https:\/\/grundschule-hirsau.de\/wp-content\/uploads\/2025\/12\/3f97f497-1b52-403f-b1c1-1b7aa8708c48neu-300x225.jpg 300w, https:\/\/grundschule-hirsau.de\/wp-content\/uploads\/2025\/12\/3f97f497-1b52-403f-b1c1-1b7aa8708c48neu-120x90.jpg 120w\" sizes=\"auto, (max-width: 640px) 100vw, 640px\" \/><\/figure>\n<\/div>\n\n\n<p><\/p>\n\n\n<div class=\"wp-block-image\">\n<figure class=\"aligncenter size-large\"><img loading=\"lazy\" decoding=\"async\" width=\"768\" height=\"1024\" src=\"https:\/\/grundschule-hirsau.de\/wp-content\/uploads\/2025\/12\/IMG_6520-768x1024.jpg\" alt=\"\" class=\"wp-image-4391\" srcset=\"https:\/\/grundschule-hirsau.de\/wp-content\/uploads\/2025\/12\/IMG_6520-768x1024.jpg 768w, https:\/\/grundschule-hirsau.de\/wp-content\/uploads\/2025\/12\/IMG_6520-225x300.jpg 225w, https:\/\/grundschule-hirsau.de\/wp-content\/uploads\/2025\/12\/IMG_6520-1152x1536.jpg 1152w, https:\/\/grundschule-hirsau.de\/wp-content\/uploads\/2025\/12\/IMG_6520.jpg 1200w\" sizes=\"auto, (max-width: 768px) 100vw, 768px\" \/><\/figure>\n<\/div>\n\n\n<p><\/p>\n\n\n\n<figure class=\"wp-block-gallery has-nested-images columns-default is-cropped wp-block-gallery-1 is-layout-flex wp-block-gallery-is-layout-flex\">\n<figure class=\"wp-block-image size-large\"><img loading=\"lazy\" decoding=\"async\" width=\"768\" height=\"1024\" data-id=\"4392\" src=\"https:\/\/grundschule-hirsau.de\/wp-content\/uploads\/2025\/12\/IMG_6521-768x1024.jpg\" alt=\"\" class=\"wp-image-4392\" srcset=\"https:\/\/grundschule-hirsau.de\/wp-content\/uploads\/2025\/12\/IMG_6521-768x1024.jpg 768w, https:\/\/grundschule-hirsau.de\/wp-content\/uploads\/2025\/12\/IMG_6521-225x300.jpg 225w, https:\/\/grundschule-hirsau.de\/wp-content\/uploads\/2025\/12\/IMG_6521-1152x1536.jpg 1152w, https:\/\/grundschule-hirsau.de\/wp-content\/uploads\/2025\/12\/IMG_6521.jpg 1200w\" sizes=\"auto, (max-width: 768px) 100vw, 768px\" \/><\/figure>\n\n\n\n<figure class=\"wp-block-image size-large\"><img loading=\"lazy\" decoding=\"async\" width=\"480\" height=\"640\" data-id=\"4390\" src=\"https:\/\/grundschule-hirsau.de\/wp-content\/uploads\/2025\/12\/dece24c4-80df-43c7-8576-ca2d1a3836dc.jpg\" alt=\"\" class=\"wp-image-4390\" srcset=\"https:\/\/grundschule-hirsau.de\/wp-content\/uploads\/2025\/12\/dece24c4-80df-43c7-8576-ca2d1a3836dc.jpg 480w, https:\/\/grundschule-hirsau.de\/wp-content\/uploads\/2025\/12\/dece24c4-80df-43c7-8576-ca2d1a3836dc-225x300.jpg 225w\" sizes=\"auto, (max-width: 480px) 100vw, 480px\" \/><\/figure>\n<\/figure>\n\n\n\n<p><\/p>\n\n\n<div class=\"wp-block-image\">\n<figure class=\"aligncenter size-large\"><img loading=\"lazy\" decoding=\"async\" width=\"768\" height=\"1024\" src=\"https:\/\/grundschule-hirsau.de\/wp-content\/uploads\/2025\/12\/IMG_6522-768x1024.jpg\" alt=\"\" class=\"wp-image-4393\" srcset=\"https:\/\/grundschule-hirsau.de\/wp-content\/uploads\/2025\/12\/IMG_6522-768x1024.jpg 768w, https:\/\/grundschule-hirsau.de\/wp-content\/uploads\/2025\/12\/IMG_6522-225x300.jpg 225w, https:\/\/grundschule-hirsau.de\/wp-content\/uploads\/2025\/12\/IMG_6522-1152x1536.jpg 1152w, https:\/\/grundschule-hirsau.de\/wp-content\/uploads\/2025\/12\/IMG_6522.jpg 1200w\" sizes=\"auto, (max-width: 768px) 100vw, 768px\" \/><\/figure>\n<\/div>\n\n\n<p><\/p>\n\n\n<div class=\"wp-block-image\">\n<figure class=\"aligncenter size-large\"><img loading=\"lazy\" decoding=\"async\" width=\"768\" height=\"1024\" src=\"https:\/\/grundschule-hirsau.de\/wp-content\/uploads\/2025\/12\/IMG_6523-768x1024.jpg\" alt=\"\" class=\"wp-image-4394\" srcset=\"https:\/\/grundschule-hirsau.de\/wp-content\/uploads\/2025\/12\/IMG_6523-768x1024.jpg 768w, https:\/\/grundschule-hirsau.de\/wp-content\/uploads\/2025\/12\/IMG_6523-225x300.jpg 225w, https:\/\/grundschule-hirsau.de\/wp-content\/uploads\/2025\/12\/IMG_6523-1152x1536.jpg 1152w, https:\/\/grundschule-hirsau.de\/wp-content\/uploads\/2025\/12\/IMG_6523.jpg 1200w\" sizes=\"auto, (max-width: 768px) 100vw, 768px\" \/><\/figure>\n<\/div>\n\n\n<p><\/p>\n\n\n\n<figure class=\"wp-block-gallery has-nested-images columns-default is-cropped wp-block-gallery-2 is-layout-flex wp-block-gallery-is-layout-flex\">\n<figure class=\"wp-block-image size-large\"><img loading=\"lazy\" decoding=\"async\" width=\"768\" height=\"1024\" data-id=\"4395\" src=\"https:\/\/grundschule-hirsau.de\/wp-content\/uploads\/2025\/12\/IMG_6524-768x1024.jpg\" alt=\"\" class=\"wp-image-4395\" srcset=\"https:\/\/grundschule-hirsau.de\/wp-content\/uploads\/2025\/12\/IMG_6524-768x1024.jpg 768w, https:\/\/grundschule-hirsau.de\/wp-content\/uploads\/2025\/12\/IMG_6524-225x300.jpg 225w, https:\/\/grundschule-hirsau.de\/wp-content\/uploads\/2025\/12\/IMG_6524-1152x1536.jpg 1152w, https:\/\/grundschule-hirsau.de\/wp-content\/uploads\/2025\/12\/IMG_6524.jpg 1200w\" sizes=\"auto, (max-width: 768px) 100vw, 768px\" \/><\/figure>\n\n\n<div class=\"wp-block-image\">\n<figure class=\"aligncenter size-full\"><img loading=\"lazy\" decoding=\"async\" width=\"480\" height=\"640\" data-id=\"4397\" src=\"https:\/\/grundschule-hirsau.de\/wp-content\/uploads\/2025\/12\/IMG_6526.jpg\" alt=\"\" class=\"wp-image-4397\" srcset=\"https:\/\/grundschule-hirsau.de\/wp-content\/uploads\/2025\/12\/IMG_6526.jpg 480w, https:\/\/grundschule-hirsau.de\/wp-content\/uploads\/2025\/12\/IMG_6526-225x300.jpg 225w\" sizes=\"auto, (max-width: 480px) 100vw, 480px\" \/><\/figure>\n<\/div>\n\n\n<figure class=\"wp-block-image size-large\"><img loading=\"lazy\" decoding=\"async\" width=\"640\" height=\"480\" data-id=\"4396\" src=\"https:\/\/grundschule-hirsau.de\/wp-content\/uploads\/2025\/12\/IMG_6525neuJPG.jpg\" alt=\"\" class=\"wp-image-4396\" srcset=\"https:\/\/grundschule-hirsau.de\/wp-content\/uploads\/2025\/12\/IMG_6525neuJPG.jpg 640w, https:\/\/grundschule-hirsau.de\/wp-content\/uploads\/2025\/12\/IMG_6525neuJPG-300x225.jpg 300w, https:\/\/grundschule-hirsau.de\/wp-content\/uploads\/2025\/12\/IMG_6525neuJPG-120x90.jpg 120w\" sizes=\"auto, (max-width: 640px) 100vw, 640px\" \/><\/figure>\n<\/figure>\n","protected":false},"excerpt":{"rendered":"<p>\u00dcberraschungsbesuch vom Nikolaus an der Grundschule Hirsau Am 5. Dezember 2025 gab es an der Grundschule Hirsau einen ganz besonderen Moment: Nach der Einsetzungsfeier \u00fcberraschte der Nikolaus die Kinder \u2013 und das gleich mit einem Feuerwehrfahrzeug! Freudig strahlend versammelten sich die Sch\u00fclerinnen und Sch\u00fcler, als der rote Nikolauswagen vorfuhr. Die Kinder hatten bereits kleine Beitr\u00e4ge&hellip;<\/p>\n","protected":false},"author":2,"featured_media":0,"parent":0,"menu_order":0,"comment_status":"closed","ping_status":"closed","template":"","meta":{"footnotes":""},"class_list":["post-4385","page","type-page","status-publish","hentry"],"_links":{"self":[{"href":"https:\/\/grundschule-hirsau.de\/index.php?rest_route=\/wp\/v2\/pages\/4385","targetHints":{"allow":["GET"]}}],"collection":[{"href":"https:\/\/grundschule-hirsau.de\/index.php?rest_route=\/wp\/v2\/pages"}],"about":[{"href":"https:\/\/grundschule-hirsau.de\/index.php?rest_route=\/wp\/v2\/types\/page"}],"author":[{"embeddable":true,"href":"https:\/\/grundschule-hirsau.de\/index.php?rest_route=\/wp\/v2\/users\/2"}],"replies":[{"embeddable":true,"href":"https:\/\/grundschule-hirsau.de\/index.php?rest_route=%2Fwp%2Fv2%2Fcomments&post=4385"}],"version-history":[{"count":10,"href":"https:\/\/grundschule-hirsau.de\/index.php?rest_route=\/wp\/v2\/pages\/4385\/revisions"}],"predecessor-version":[{"id":4411,"href":"https:\/\/grundschule-hirsau.de\/index.php?rest_route=\/wp\/v2\/pages\/4385\/revisions\/4411"}],"wp:attachment":[{"href":"https:\/\/grundschule-hirsau.de\/index.php?rest_route=%2Fwp%2Fv2%2Fmedia&parent=4385"}],"curies":[{"name":"wp","href":"https:\/\/api.w.org\/{rel}","templated":true}]}}