{"id":4314,"date":"2025-12-06T10:44:08","date_gmt":"2025-12-06T09:44:08","guid":{"rendered":"https:\/\/grundschule-hirsau.de\/?page_id=4314"},"modified":"2025-12-09T20:50:18","modified_gmt":"2025-12-09T19:50:18","slug":"einschulung-2025","status":"publish","type":"page","link":"https:\/\/grundschule-hirsau.de\/?page_id=4314","title":{"rendered":"Einschulung 2025\/2026"},"content":{"rendered":"\n<p><\/p>\n\n\n\n<p class=\"has-text-align-center has-vivid-cyan-blue-background-color has-background has-medium-font-size\"><strong>Einschulung der neuen Erstkl\u00e4ssler am 18. September<\/strong><\/p>\n\n\n\n<p>Am 18. September durften wir 24 neue Erstkl\u00e4ssler an unserer Schule willkommen hei\u00dfen. Der besondere Tag begann mit einem feierlichen Gottesdienst in der Marienkapelle. Dort begr\u00fc\u00dfte die Raupe Nimmersatt die Schulanf\u00e4nger. Ein besonders sch\u00f6ner Moment war der Schmetterlingssegen, bei dem die Kinder unter Gottes Schutz und mit vielen guten W\u00fcnschen gesegnet wurden.<\/p>\n\n\n\n<p>Anschlie\u00dfend fand bei strahlendem Sonnenschein die offizielle Einschulungsfeier im Pausenhof der Grundschule statt. Jede Klasse der Schule hie\u00df die neuen Erstkl\u00e4ssler mit kleinen Beitr\u00e4gen herzlich willkommen.<\/p>\n\n\n\n<p>Zum Abschluss durften die Klassenlehrerinnen gemeinsam mit ihren neuen Sch\u00fclerinnen und Sch\u00fclern durch ein Seifenblasenspalier in das Klassenzimmer einziehen.<\/p>\n\n\n\n<p>Wir freuen uns sehr \u00fcber unsere neuen Erstkl\u00e4ssler und w\u00fcnschen ihnen eine fr\u00f6hliche und erfolgreiche Schulzeit!<\/p>\n\n\n\n<figure class=\"wp-block-gallery has-nested-images columns-default is-cropped wp-block-gallery-1 is-layout-flex wp-block-gallery-is-layout-flex\">\n<figure class=\"wp-block-image size-large\"><img loading=\"lazy\" decoding=\"async\" width=\"1024\" height=\"768\" data-id=\"4317\" src=\"https:\/\/grundschule-hirsau.de\/wp-content\/uploads\/2025\/12\/threema-20250918-140142365.jpg-0.jpeg\" alt=\"\" class=\"wp-image-4317\" srcset=\"https:\/\/grundschule-hirsau.de\/wp-content\/uploads\/2025\/12\/threema-20250918-140142365.jpg-0.jpeg 1024w, https:\/\/grundschule-hirsau.de\/wp-content\/uploads\/2025\/12\/threema-20250918-140142365.jpg-0-300x225.jpeg 300w, https:\/\/grundschule-hirsau.de\/wp-content\/uploads\/2025\/12\/threema-20250918-140142365.jpg-0-768x576.jpeg 768w, https:\/\/grundschule-hirsau.de\/wp-content\/uploads\/2025\/12\/threema-20250918-140142365.jpg-0-120x90.jpeg 120w\" sizes=\"auto, (max-width: 1024px) 100vw, 1024px\" \/><\/figure>\n\n\n\n<figure class=\"wp-block-image size-large\"><img loading=\"lazy\" decoding=\"async\" width=\"1024\" height=\"806\" data-id=\"4328\" src=\"https:\/\/grundschule-hirsau.de\/wp-content\/uploads\/2025\/12\/Design-ohne-Titel-1024x806.jpg\" alt=\"\" class=\"wp-image-4328\" srcset=\"https:\/\/grundschule-hirsau.de\/wp-content\/uploads\/2025\/12\/Design-ohne-Titel-1024x806.jpg 1024w, https:\/\/grundschule-hirsau.de\/wp-content\/uploads\/2025\/12\/Design-ohne-Titel-300x236.jpg 300w, https:\/\/grundschule-hirsau.de\/wp-content\/uploads\/2025\/12\/Design-ohne-Titel-768x604.jpg 768w, https:\/\/grundschule-hirsau.de\/wp-content\/uploads\/2025\/12\/Design-ohne-Titel-1536x1209.jpg 1536w, https:\/\/grundschule-hirsau.de\/wp-content\/uploads\/2025\/12\/Design-ohne-Titel-2048x1612.jpg 2048w\" sizes=\"auto, (max-width: 1024px) 100vw, 1024px\" \/><\/figure>\n<\/figure>\n\n\n\n<p><\/p>\n\n\n\n<figure class=\"wp-block-gallery has-nested-images columns-default is-cropped wp-block-gallery-2 is-layout-flex wp-block-gallery-is-layout-flex\">\n<figure class=\"wp-block-image size-large\"><img loading=\"lazy\" decoding=\"async\" width=\"651\" height=\"768\" data-id=\"4320\" src=\"https:\/\/grundschule-hirsau.de\/wp-content\/uploads\/2025\/12\/threema-20250918-140116562.jpg-0.jpeg\" alt=\"\" class=\"wp-image-4320\" srcset=\"https:\/\/grundschule-hirsau.de\/wp-content\/uploads\/2025\/12\/threema-20250918-140116562.jpg-0.jpeg 651w, https:\/\/grundschule-hirsau.de\/wp-content\/uploads\/2025\/12\/threema-20250918-140116562.jpg-0-254x300.jpeg 254w\" sizes=\"auto, (max-width: 651px) 100vw, 651px\" \/><\/figure>\n\n\n\n<figure class=\"wp-block-image size-large\"><img loading=\"lazy\" decoding=\"async\" width=\"1024\" height=\"768\" data-id=\"4322\" src=\"https:\/\/grundschule-hirsau.de\/wp-content\/uploads\/2025\/12\/threema-20250918-140123764.jpg-0.jpeg\" alt=\"\" class=\"wp-image-4322\" srcset=\"https:\/\/grundschule-hirsau.de\/wp-content\/uploads\/2025\/12\/threema-20250918-140123764.jpg-0.jpeg 1024w, https:\/\/grundschule-hirsau.de\/wp-content\/uploads\/2025\/12\/threema-20250918-140123764.jpg-0-300x225.jpeg 300w, https:\/\/grundschule-hirsau.de\/wp-content\/uploads\/2025\/12\/threema-20250918-140123764.jpg-0-768x576.jpeg 768w, https:\/\/grundschule-hirsau.de\/wp-content\/uploads\/2025\/12\/threema-20250918-140123764.jpg-0-120x90.jpeg 120w\" sizes=\"auto, (max-width: 1024px) 100vw, 1024px\" \/><\/figure>\n<\/figure>\n","protected":false},"excerpt":{"rendered":"<p>Einschulung der neuen Erstkl\u00e4ssler am 18. September Am 18. September durften wir 24 neue Erstkl\u00e4ssler an unserer Schule willkommen hei\u00dfen. Der besondere Tag begann mit einem feierlichen Gottesdienst in der Marienkapelle. Dort begr\u00fc\u00dfte die Raupe Nimmersatt die Schulanf\u00e4nger. Ein besonders sch\u00f6ner Moment war der Schmetterlingssegen, bei dem die Kinder unter Gottes Schutz und mit vielen&hellip;<\/p>\n","protected":false},"author":2,"featured_media":0,"parent":0,"menu_order":0,"comment_status":"closed","ping_status":"closed","template":"","meta":{"footnotes":""},"class_list":["post-4314","page","type-page","status-publish","hentry"],"_links":{"self":[{"href":"https:\/\/grundschule-hirsau.de\/index.php?rest_route=\/wp\/v2\/pages\/4314","targetHints":{"allow":["GET"]}}],"collection":[{"href":"https:\/\/grundschule-hirsau.de\/index.php?rest_route=\/wp\/v2\/pages"}],"about":[{"href":"https:\/\/grundschule-hirsau.de\/index.php?rest_route=\/wp\/v2\/types\/page"}],"author":[{"embeddable":true,"href":"https:\/\/grundschule-hirsau.de\/index.php?rest_route=\/wp\/v2\/users\/2"}],"replies":[{"embeddable":true,"href":"https:\/\/grundschule-hirsau.de\/index.php?rest_route=%2Fwp%2Fv2%2Fcomments&post=4314"}],"version-history":[{"count":7,"href":"https:\/\/grundschule-hirsau.de\/index.php?rest_route=\/wp\/v2\/pages\/4314\/revisions"}],"predecessor-version":[{"id":4428,"href":"https:\/\/grundschule-hirsau.de\/index.php?rest_route=\/wp\/v2\/pages\/4314\/revisions\/4428"}],"wp:attachment":[{"href":"https:\/\/grundschule-hirsau.de\/index.php?rest_route=%2Fwp%2Fv2%2Fmedia&parent=4314"}],"curies":[{"name":"wp","href":"https:\/\/api.w.org\/{rel}","templated":true}]}}