{"id":423,"date":"2020-05-23T15:58:58","date_gmt":"2020-05-23T13:58:58","guid":{"rendered":"https:\/\/grundschule-hirsau.de\/?page_id=423"},"modified":"2024-10-10T12:59:18","modified_gmt":"2024-10-10T10:59:18","slug":"schulsozialarbeit","status":"publish","type":"page","link":"https:\/\/grundschule-hirsau.de\/?page_id=423","title":{"rendered":"Schulsozialarbeit"},"content":{"rendered":"\n<div class=\"wp-block-group is-nowrap is-layout-flex wp-container-core-group-is-layout-ad2f72ca wp-block-group-is-layout-flex\">\n<div class=\"wp-block-group\"><div class=\"wp-block-group__inner-container is-layout-constrained wp-block-group-is-layout-constrained\">\n<figure class=\"wp-block-image size-large\"><img loading=\"lazy\" decoding=\"async\" width=\"838\" height=\"1024\" src=\"https:\/\/grundschule-hirsau.de\/wp-content\/uploads\/2024\/10\/Tabea-Held_-Bild-Homepage_Grundschule-838x1024.jpg\" alt=\"\" class=\"wp-image-3344\" srcset=\"https:\/\/grundschule-hirsau.de\/wp-content\/uploads\/2024\/10\/Tabea-Held_-Bild-Homepage_Grundschule-838x1024.jpg 838w, https:\/\/grundschule-hirsau.de\/wp-content\/uploads\/2024\/10\/Tabea-Held_-Bild-Homepage_Grundschule-246x300.jpg 246w, https:\/\/grundschule-hirsau.de\/wp-content\/uploads\/2024\/10\/Tabea-Held_-Bild-Homepage_Grundschule-768x938.jpg 768w, https:\/\/grundschule-hirsau.de\/wp-content\/uploads\/2024\/10\/Tabea-Held_-Bild-Homepage_Grundschule-1257x1536.jpg 1257w, https:\/\/grundschule-hirsau.de\/wp-content\/uploads\/2024\/10\/Tabea-Held_-Bild-Homepage_Grundschule-1676x2048.jpg 1676w, https:\/\/grundschule-hirsau.de\/wp-content\/uploads\/2024\/10\/Tabea-Held_-Bild-Homepage_Grundschule.jpg 1840w\" sizes=\"auto, (max-width: 838px) 100vw, 838px\" \/><\/figure>\n<\/div><\/div>\n<\/div>\n\n\n\n<p>Liebe Sch\u00fcler*innen,<\/p>\n\n\n\n<p>Liebe Eltern,<\/p>\n\n\n\n<p>Liebe Lehrer*innen,<\/p>\n\n\n\n<p>mein Name ist Tabea Held, ich bin 30 Jahre jung und ich darf seit dem 01. September 2024, mit einem Stellenumfang von 50%, die neue Sozialarbeiterin an Ihrer\/ Eurer Schule sein. Ich geh\u00f6re dem Team des Stadtjugendreferat Calw an und bin \u00fcber die Tr\u00e4gerschaft der Waldhaus \u2013 Jugendhilfe gGmbH angestellt.<\/p>\n\n\n\n<p>Die Schulsozialarbeit ist ein externes Angebot der Kinder- und Jugendhilfe, welches mit dem bestehenden System der Schule zusammenarbeitet und dieses durch seine spezifischen Ressourcen erg\u00e4nzt. Um eine bestm\u00f6gliche Zusammenarbeit zu gew\u00e4hrleisten, stehe ich in einem engen Austausch mit den Lehrerinnen und Lehrern an Ihrer\/Eurer Schule.<\/p>\n\n\n\n<p>Die Schulsozialarbeit ist ein freiwilliges Angebot, f\u00fcr Sch\u00fcler*innen, Eltern und Lehrer*innen. Es ist mir wichtig Ihnen\/Euch anzubieten, mich jederzeit <strong>vertraulich<\/strong> zu kontaktieren.<\/p>\n\n\n\n<p>Meine Aufgaben umfassen folgende Bereiche:<\/p>\n\n\n\n<ul class=\"wp-block-list\">\n<li><strong>Beratung und Einzelfallhilfe<\/strong><\/li>\n<\/ul>\n\n\n\n<p>Wenn die Sch\u00fcler*innen das Bed\u00fcrfnis haben sich einer erwachsenen, neutralen Person anzuvertrauen zu wollen bin ich f\u00fcr sie da. Es ist dabei egal, wie gro\u00df oder klein die Sorgen sind, wenn die Kinder oder Sie als Eltern mit mir sprechen wollen. Mein Ziel ist es die Kinder, Sie als Eltern oder auch die Lehrkr\u00e4fte in ihrer individuellen Situation zu unterst\u00fctzen und zu begleiten.&nbsp; Dabei ist die Ber\u00fccksichtigung der Schweigepflicht von Wichtigkeit.<\/p>\n\n\n\n<ul class=\"wp-block-list\">\n<li><strong>Sozialp\u00e4dagogische Gruppenarbeit und Projekte<\/strong><\/li>\n<\/ul>\n\n\n\n<p>Hierzu geh\u00f6ren zum Beispiel Aktionen, welche die Teamf\u00e4higkeit und das soziale Miteinander st\u00e4rken sollen. Zus\u00e4tzlich k\u00f6nnen bei Bedarf in Zusammenarbeit mit den Lehrkr\u00e4ften spezifische Themen aufgegriffen werden, wie zum Beispiel <s>die<\/s> ein gesunder Umgang mit sozialen Medien, etc.<\/p>\n\n\n\n<ul class=\"wp-block-list\">\n<li><strong>Gewaltpr\u00e4vention und Intervention<\/strong><\/li>\n<\/ul>\n\n\n\n<p>Hierbei k\u00f6nnen Projekte angeboten werden, welche zum Beispiel einen angemessenen Umgang mit Konflikten beinhalten. Zus\u00e4tzlich bin ich Ansprechpartnerin in Konflikt- und Krisensituationen und bei Mobbing. Es kann bei Bedarf die Unterst\u00fctzung von externen Fachkr\u00e4ften miteinbezogen werden.<\/p>\n\n\n\n<ul class=\"wp-block-list\">\n<li><strong>Elternarbeit<\/strong><\/li>\n<\/ul>\n\n\n\n<p>Mein Beratungsangebot richtet sich auch an Sie, als Eltern. Hierbei unterliegt jede Beratung, jedes Gespr\u00e4ch, der absoluten Schweigepflicht.<\/p>\n\n\n\n<p>Ich hoffe ich konnte Ihnen\/ Euch einen groben \u00dcberblick \u00fcber meine T\u00e4tigkeit geben und freue mich sehr auf eine wertsch\u00e4tzende und vertrauensvolle Zusammenarbeit mit Ihnen und Euch.<\/p>\n\n\n\n<p>Tabea Held<\/p>\n","protected":false},"excerpt":{"rendered":"<p>Liebe Sch\u00fcler*innen, Liebe Eltern, Liebe Lehrer*innen, mein Name ist Tabea Held, ich bin 30 Jahre jung und ich darf seit dem 01. September 2024, mit einem Stellenumfang von 50%, die neue Sozialarbeiterin an Ihrer\/ Eurer Schule sein. Ich geh\u00f6re dem Team des Stadtjugendreferat Calw an und bin \u00fcber die Tr\u00e4gerschaft der Waldhaus \u2013 Jugendhilfe gGmbH&hellip;<\/p>\n","protected":false},"author":2,"featured_media":0,"parent":0,"menu_order":0,"comment_status":"closed","ping_status":"closed","template":"","meta":{"footnotes":""},"class_list":["post-423","page","type-page","status-publish","hentry"],"_links":{"self":[{"href":"https:\/\/grundschule-hirsau.de\/index.php?rest_route=\/wp\/v2\/pages\/423","targetHints":{"allow":["GET"]}}],"collection":[{"href":"https:\/\/grundschule-hirsau.de\/index.php?rest_route=\/wp\/v2\/pages"}],"about":[{"href":"https:\/\/grundschule-hirsau.de\/index.php?rest_route=\/wp\/v2\/types\/page"}],"author":[{"embeddable":true,"href":"https:\/\/grundschule-hirsau.de\/index.php?rest_route=\/wp\/v2\/users\/2"}],"replies":[{"embeddable":true,"href":"https:\/\/grundschule-hirsau.de\/index.php?rest_route=%2Fwp%2Fv2%2Fcomments&post=423"}],"version-history":[{"count":5,"href":"https:\/\/grundschule-hirsau.de\/index.php?rest_route=\/wp\/v2\/pages\/423\/revisions"}],"predecessor-version":[{"id":3345,"href":"https:\/\/grundschule-hirsau.de\/index.php?rest_route=\/wp\/v2\/pages\/423\/revisions\/3345"}],"wp:attachment":[{"href":"https:\/\/grundschule-hirsau.de\/index.php?rest_route=%2Fwp%2Fv2%2Fmedia&parent=423"}],"curies":[{"name":"wp","href":"https:\/\/api.w.org\/{rel}","templated":true}]}}