{"id":4032,"date":"2025-10-01T16:38:28","date_gmt":"2025-10-01T14:38:28","guid":{"rendered":"https:\/\/grundschule-hirsau.de\/?page_id=4032"},"modified":"2025-10-01T16:38:28","modified_gmt":"2025-10-01T14:38:28","slug":"verabschiedung-von-frau-fischer","status":"publish","type":"page","link":"https:\/\/grundschule-hirsau.de\/?page_id=4032","title":{"rendered":"Verabschiedung von Frau Fischer"},"content":{"rendered":"\n<p class=\"has-medium-font-size\">Nach \u00fcber 30 Jahren engagierter Arbeit verabschieden wir unsere langj\u00e4hrige Rektorin Martina Fischer in den wohlverdienten Ruhestand. Wir danken ihr von ganzem Herzen f\u00fcr ihre wertvolle Arbeit, ihr Engagement und ihre liebevolle Begleitung unserer Sch\u00fclerinnen und Sch\u00fcler. Ihr Einsatz hat unsere Schule gepr\u00e4gt und zu einem Ort des Lernens und Wohlf\u00fchlens gemacht. Wir w\u00fcnschen ihr f\u00fcr den neuen Lebensabschnitt alles Gute, Gesundheit und viel Freude!<\/p>\n\n\n\n<figure class=\"wp-block-gallery has-nested-images columns-default is-cropped wp-block-gallery-1 is-layout-flex wp-block-gallery-is-layout-flex\">\n<figure class=\"wp-block-image size-large\"><img loading=\"lazy\" decoding=\"async\" width=\"1024\" height=\"768\" data-id=\"3893\" src=\"https:\/\/grundschule-hirsau.de\/wp-content\/uploads\/2025\/08\/393f8c9a-bd61-4f3a-af27-e2c4c223aa48-1024x768.jpg\" alt=\"\" class=\"wp-image-3893\" srcset=\"https:\/\/grundschule-hirsau.de\/wp-content\/uploads\/2025\/08\/393f8c9a-bd61-4f3a-af27-e2c4c223aa48-1024x768.jpg 1024w, https:\/\/grundschule-hirsau.de\/wp-content\/uploads\/2025\/08\/393f8c9a-bd61-4f3a-af27-e2c4c223aa48-300x225.jpg 300w, https:\/\/grundschule-hirsau.de\/wp-content\/uploads\/2025\/08\/393f8c9a-bd61-4f3a-af27-e2c4c223aa48-768x576.jpg 768w, https:\/\/grundschule-hirsau.de\/wp-content\/uploads\/2025\/08\/393f8c9a-bd61-4f3a-af27-e2c4c223aa48-1536x1152.jpg 1536w, https:\/\/grundschule-hirsau.de\/wp-content\/uploads\/2025\/08\/393f8c9a-bd61-4f3a-af27-e2c4c223aa48-120x90.jpg 120w, https:\/\/grundschule-hirsau.de\/wp-content\/uploads\/2025\/08\/393f8c9a-bd61-4f3a-af27-e2c4c223aa48.jpg 2016w\" sizes=\"auto, (max-width: 1024px) 100vw, 1024px\" \/><\/figure>\n\n\n\n<figure class=\"wp-block-image size-large\"><img loading=\"lazy\" decoding=\"async\" width=\"1024\" height=\"768\" data-id=\"3892\" src=\"https:\/\/grundschule-hirsau.de\/wp-content\/uploads\/2025\/08\/82b5c215-cd02-4bcb-879e-a31b412ec006-1024x768.jpg\" alt=\"\" class=\"wp-image-3892\" srcset=\"https:\/\/grundschule-hirsau.de\/wp-content\/uploads\/2025\/08\/82b5c215-cd02-4bcb-879e-a31b412ec006-1024x768.jpg 1024w, https:\/\/grundschule-hirsau.de\/wp-content\/uploads\/2025\/08\/82b5c215-cd02-4bcb-879e-a31b412ec006-300x225.jpg 300w, https:\/\/grundschule-hirsau.de\/wp-content\/uploads\/2025\/08\/82b5c215-cd02-4bcb-879e-a31b412ec006-768x576.jpg 768w, https:\/\/grundschule-hirsau.de\/wp-content\/uploads\/2025\/08\/82b5c215-cd02-4bcb-879e-a31b412ec006-1536x1152.jpg 1536w, https:\/\/grundschule-hirsau.de\/wp-content\/uploads\/2025\/08\/82b5c215-cd02-4bcb-879e-a31b412ec006-120x90.jpg 120w, https:\/\/grundschule-hirsau.de\/wp-content\/uploads\/2025\/08\/82b5c215-cd02-4bcb-879e-a31b412ec006.jpg 2016w\" sizes=\"auto, (max-width: 1024px) 100vw, 1024px\" \/><\/figure>\n\n\n\n<figure class=\"wp-block-image size-large\"><img loading=\"lazy\" decoding=\"async\" width=\"1024\" height=\"768\" data-id=\"3894\" src=\"https:\/\/grundschule-hirsau.de\/wp-content\/uploads\/2025\/08\/552d5a00-4cb6-4bc2-80c4-a7893f39a811-1024x768.jpg\" alt=\"\" class=\"wp-image-3894\" srcset=\"https:\/\/grundschule-hirsau.de\/wp-content\/uploads\/2025\/08\/552d5a00-4cb6-4bc2-80c4-a7893f39a811-1024x768.jpg 1024w, https:\/\/grundschule-hirsau.de\/wp-content\/uploads\/2025\/08\/552d5a00-4cb6-4bc2-80c4-a7893f39a811-300x225.jpg 300w, https:\/\/grundschule-hirsau.de\/wp-content\/uploads\/2025\/08\/552d5a00-4cb6-4bc2-80c4-a7893f39a811-768x576.jpg 768w, https:\/\/grundschule-hirsau.de\/wp-content\/uploads\/2025\/08\/552d5a00-4cb6-4bc2-80c4-a7893f39a811-1536x1152.jpg 1536w, https:\/\/grundschule-hirsau.de\/wp-content\/uploads\/2025\/08\/552d5a00-4cb6-4bc2-80c4-a7893f39a811-120x90.jpg 120w, https:\/\/grundschule-hirsau.de\/wp-content\/uploads\/2025\/08\/552d5a00-4cb6-4bc2-80c4-a7893f39a811.jpg 2016w\" sizes=\"auto, (max-width: 1024px) 100vw, 1024px\" \/><\/figure>\n<\/figure>\n\n\n\n<p><\/p>\n\n\n\n<figure class=\"wp-block-gallery has-nested-images columns-default is-cropped wp-block-gallery-2 is-layout-flex wp-block-gallery-is-layout-flex\">\n<figure class=\"wp-block-image size-large\"><img loading=\"lazy\" decoding=\"async\" width=\"1024\" height=\"768\" data-id=\"3891\" src=\"https:\/\/grundschule-hirsau.de\/wp-content\/uploads\/2025\/08\/50bbccfd-0a35-4bbc-93d4-e11f8cf9b610-1024x768.jpg\" alt=\"\" class=\"wp-image-3891\" srcset=\"https:\/\/grundschule-hirsau.de\/wp-content\/uploads\/2025\/08\/50bbccfd-0a35-4bbc-93d4-e11f8cf9b610-1024x768.jpg 1024w, https:\/\/grundschule-hirsau.de\/wp-content\/uploads\/2025\/08\/50bbccfd-0a35-4bbc-93d4-e11f8cf9b610-300x225.jpg 300w, https:\/\/grundschule-hirsau.de\/wp-content\/uploads\/2025\/08\/50bbccfd-0a35-4bbc-93d4-e11f8cf9b610-768x576.jpg 768w, https:\/\/grundschule-hirsau.de\/wp-content\/uploads\/2025\/08\/50bbccfd-0a35-4bbc-93d4-e11f8cf9b610-1536x1152.jpg 1536w, https:\/\/grundschule-hirsau.de\/wp-content\/uploads\/2025\/08\/50bbccfd-0a35-4bbc-93d4-e11f8cf9b610-120x90.jpg 120w, https:\/\/grundschule-hirsau.de\/wp-content\/uploads\/2025\/08\/50bbccfd-0a35-4bbc-93d4-e11f8cf9b610.jpg 2016w\" sizes=\"auto, (max-width: 1024px) 100vw, 1024px\" \/><\/figure>\n\n\n\n<figure class=\"wp-block-image size-large\"><img loading=\"lazy\" decoding=\"async\" width=\"1024\" height=\"768\" data-id=\"3890\" src=\"https:\/\/grundschule-hirsau.de\/wp-content\/uploads\/2025\/08\/40dd36ec-ceda-4d70-a4d1-a0395031c923-1024x768.jpg\" alt=\"\" class=\"wp-image-3890\" srcset=\"https:\/\/grundschule-hirsau.de\/wp-content\/uploads\/2025\/08\/40dd36ec-ceda-4d70-a4d1-a0395031c923-1024x768.jpg 1024w, https:\/\/grundschule-hirsau.de\/wp-content\/uploads\/2025\/08\/40dd36ec-ceda-4d70-a4d1-a0395031c923-300x225.jpg 300w, https:\/\/grundschule-hirsau.de\/wp-content\/uploads\/2025\/08\/40dd36ec-ceda-4d70-a4d1-a0395031c923-768x576.jpg 768w, https:\/\/grundschule-hirsau.de\/wp-content\/uploads\/2025\/08\/40dd36ec-ceda-4d70-a4d1-a0395031c923-1536x1152.jpg 1536w, https:\/\/grundschule-hirsau.de\/wp-content\/uploads\/2025\/08\/40dd36ec-ceda-4d70-a4d1-a0395031c923-120x90.jpg 120w, https:\/\/grundschule-hirsau.de\/wp-content\/uploads\/2025\/08\/40dd36ec-ceda-4d70-a4d1-a0395031c923.jpg 2016w\" sizes=\"auto, (max-width: 1024px) 100vw, 1024px\" \/><\/figure>\n\n\n\n<figure class=\"wp-block-image size-large\"><img loading=\"lazy\" decoding=\"async\" width=\"1024\" height=\"768\" data-id=\"3889\" src=\"https:\/\/grundschule-hirsau.de\/wp-content\/uploads\/2025\/08\/81bb0e58-04cd-45f6-92fb-f846136fc440-1024x768.jpg\" alt=\"\" class=\"wp-image-3889\" srcset=\"https:\/\/grundschule-hirsau.de\/wp-content\/uploads\/2025\/08\/81bb0e58-04cd-45f6-92fb-f846136fc440-1024x768.jpg 1024w, https:\/\/grundschule-hirsau.de\/wp-content\/uploads\/2025\/08\/81bb0e58-04cd-45f6-92fb-f846136fc440-300x225.jpg 300w, https:\/\/grundschule-hirsau.de\/wp-content\/uploads\/2025\/08\/81bb0e58-04cd-45f6-92fb-f846136fc440-768x576.jpg 768w, https:\/\/grundschule-hirsau.de\/wp-content\/uploads\/2025\/08\/81bb0e58-04cd-45f6-92fb-f846136fc440-1536x1152.jpg 1536w, https:\/\/grundschule-hirsau.de\/wp-content\/uploads\/2025\/08\/81bb0e58-04cd-45f6-92fb-f846136fc440-120x90.jpg 120w, https:\/\/grundschule-hirsau.de\/wp-content\/uploads\/2025\/08\/81bb0e58-04cd-45f6-92fb-f846136fc440.jpg 2016w\" sizes=\"auto, (max-width: 1024px) 100vw, 1024px\" \/><\/figure>\n<\/figure>\n\n\n\n<p><\/p>\n\n\n\n<figure class=\"wp-block-gallery has-nested-images columns-default is-cropped wp-block-gallery-3 is-layout-flex wp-block-gallery-is-layout-flex\">\n<figure class=\"wp-block-image size-large\"><img loading=\"lazy\" decoding=\"async\" width=\"1024\" height=\"768\" data-id=\"3887\" src=\"https:\/\/grundschule-hirsau.de\/wp-content\/uploads\/2025\/08\/7cc55c4e-9704-48b8-8dcc-b709bc63001d-1024x768.jpg\" alt=\"\" class=\"wp-image-3887\" srcset=\"https:\/\/grundschule-hirsau.de\/wp-content\/uploads\/2025\/08\/7cc55c4e-9704-48b8-8dcc-b709bc63001d-1024x768.jpg 1024w, https:\/\/grundschule-hirsau.de\/wp-content\/uploads\/2025\/08\/7cc55c4e-9704-48b8-8dcc-b709bc63001d-300x225.jpg 300w, https:\/\/grundschule-hirsau.de\/wp-content\/uploads\/2025\/08\/7cc55c4e-9704-48b8-8dcc-b709bc63001d-768x576.jpg 768w, https:\/\/grundschule-hirsau.de\/wp-content\/uploads\/2025\/08\/7cc55c4e-9704-48b8-8dcc-b709bc63001d-1536x1152.jpg 1536w, https:\/\/grundschule-hirsau.de\/wp-content\/uploads\/2025\/08\/7cc55c4e-9704-48b8-8dcc-b709bc63001d-120x90.jpg 120w, https:\/\/grundschule-hirsau.de\/wp-content\/uploads\/2025\/08\/7cc55c4e-9704-48b8-8dcc-b709bc63001d.jpg 2016w\" sizes=\"auto, (max-width: 1024px) 100vw, 1024px\" \/><\/figure>\n\n\n\n<figure class=\"wp-block-image size-large\"><img loading=\"lazy\" decoding=\"async\" width=\"1024\" height=\"768\" data-id=\"3886\" src=\"https:\/\/grundschule-hirsau.de\/wp-content\/uploads\/2025\/08\/7b9c19d7-11b9-4c93-9b92-1064b1aa0a17-1024x768.jpg\" alt=\"\" class=\"wp-image-3886\" srcset=\"https:\/\/grundschule-hirsau.de\/wp-content\/uploads\/2025\/08\/7b9c19d7-11b9-4c93-9b92-1064b1aa0a17-1024x768.jpg 1024w, https:\/\/grundschule-hirsau.de\/wp-content\/uploads\/2025\/08\/7b9c19d7-11b9-4c93-9b92-1064b1aa0a17-300x225.jpg 300w, https:\/\/grundschule-hirsau.de\/wp-content\/uploads\/2025\/08\/7b9c19d7-11b9-4c93-9b92-1064b1aa0a17-768x576.jpg 768w, https:\/\/grundschule-hirsau.de\/wp-content\/uploads\/2025\/08\/7b9c19d7-11b9-4c93-9b92-1064b1aa0a17-1536x1152.jpg 1536w, https:\/\/grundschule-hirsau.de\/wp-content\/uploads\/2025\/08\/7b9c19d7-11b9-4c93-9b92-1064b1aa0a17-120x90.jpg 120w, https:\/\/grundschule-hirsau.de\/wp-content\/uploads\/2025\/08\/7b9c19d7-11b9-4c93-9b92-1064b1aa0a17.jpg 2016w\" sizes=\"auto, (max-width: 1024px) 100vw, 1024px\" \/><\/figure>\n<\/figure>\n\n\n\n<p><\/p>\n\n\n\n<figure class=\"wp-block-gallery has-nested-images columns-default is-cropped wp-block-gallery-4 is-layout-flex wp-block-gallery-is-layout-flex\">\n<figure class=\"wp-block-image size-large\"><img loading=\"lazy\" decoding=\"async\" width=\"768\" height=\"1024\" data-id=\"3881\" src=\"https:\/\/grundschule-hirsau.de\/wp-content\/uploads\/2025\/08\/5df6fd59-567e-4116-a13f-37e1777d9f47-768x1024.jpg\" alt=\"\" class=\"wp-image-3881\" srcset=\"https:\/\/grundschule-hirsau.de\/wp-content\/uploads\/2025\/08\/5df6fd59-567e-4116-a13f-37e1777d9f47-768x1024.jpg 768w, https:\/\/grundschule-hirsau.de\/wp-content\/uploads\/2025\/08\/5df6fd59-567e-4116-a13f-37e1777d9f47-225x300.jpg 225w, https:\/\/grundschule-hirsau.de\/wp-content\/uploads\/2025\/08\/5df6fd59-567e-4116-a13f-37e1777d9f47-1152x1536.jpg 1152w, https:\/\/grundschule-hirsau.de\/wp-content\/uploads\/2025\/08\/5df6fd59-567e-4116-a13f-37e1777d9f47.jpg 1512w\" sizes=\"auto, (max-width: 768px) 100vw, 768px\" \/><\/figure>\n\n\n\n<figure class=\"wp-block-image size-large\"><img loading=\"lazy\" decoding=\"async\" width=\"461\" height=\"1024\" data-id=\"3912\" src=\"https:\/\/grundschule-hirsau.de\/wp-content\/uploads\/2025\/08\/31e9a063-3558-4aa3-8d45-e3c8cd78a35f-461x1024.jpg\" alt=\"\" class=\"wp-image-3912\" srcset=\"https:\/\/grundschule-hirsau.de\/wp-content\/uploads\/2025\/08\/31e9a063-3558-4aa3-8d45-e3c8cd78a35f-461x1024.jpg 461w, https:\/\/grundschule-hirsau.de\/wp-content\/uploads\/2025\/08\/31e9a063-3558-4aa3-8d45-e3c8cd78a35f-135x300.jpg 135w, https:\/\/grundschule-hirsau.de\/wp-content\/uploads\/2025\/08\/31e9a063-3558-4aa3-8d45-e3c8cd78a35f-768x1707.jpg 768w, https:\/\/grundschule-hirsau.de\/wp-content\/uploads\/2025\/08\/31e9a063-3558-4aa3-8d45-e3c8cd78a35f-691x1536.jpg 691w, https:\/\/grundschule-hirsau.de\/wp-content\/uploads\/2025\/08\/31e9a063-3558-4aa3-8d45-e3c8cd78a35f-922x2048.jpg 922w, https:\/\/grundschule-hirsau.de\/wp-content\/uploads\/2025\/08\/31e9a063-3558-4aa3-8d45-e3c8cd78a35f-scaled.jpg 1152w\" sizes=\"auto, (max-width: 461px) 100vw, 461px\" \/><\/figure>\n\n\n\n<figure class=\"wp-block-image size-large\"><img loading=\"lazy\" decoding=\"async\" width=\"1024\" height=\"768\" data-id=\"3885\" src=\"https:\/\/grundschule-hirsau.de\/wp-content\/uploads\/2025\/08\/7a454555-744c-41b8-a6fa-06d5217a02d3-1024x768.jpg\" alt=\"\" class=\"wp-image-3885\" srcset=\"https:\/\/grundschule-hirsau.de\/wp-content\/uploads\/2025\/08\/7a454555-744c-41b8-a6fa-06d5217a02d3-1024x768.jpg 1024w, https:\/\/grundschule-hirsau.de\/wp-content\/uploads\/2025\/08\/7a454555-744c-41b8-a6fa-06d5217a02d3-300x225.jpg 300w, https:\/\/grundschule-hirsau.de\/wp-content\/uploads\/2025\/08\/7a454555-744c-41b8-a6fa-06d5217a02d3-768x576.jpg 768w, https:\/\/grundschule-hirsau.de\/wp-content\/uploads\/2025\/08\/7a454555-744c-41b8-a6fa-06d5217a02d3-1536x1152.jpg 1536w, https:\/\/grundschule-hirsau.de\/wp-content\/uploads\/2025\/08\/7a454555-744c-41b8-a6fa-06d5217a02d3-120x90.jpg 120w, https:\/\/grundschule-hirsau.de\/wp-content\/uploads\/2025\/08\/7a454555-744c-41b8-a6fa-06d5217a02d3.jpg 2016w\" sizes=\"auto, (max-width: 1024px) 100vw, 1024px\" \/><\/figure>\n<\/figure>\n\n\n\n<p><\/p>\n\n\n\n<figure class=\"wp-block-gallery has-nested-images columns-default is-cropped wp-block-gallery-5 is-layout-flex wp-block-gallery-is-layout-flex\">\n<figure class=\"wp-block-image size-large\"><img loading=\"lazy\" decoding=\"async\" width=\"1024\" height=\"768\" data-id=\"3884\" src=\"https:\/\/grundschule-hirsau.de\/wp-content\/uploads\/2025\/08\/7a454555-744c-41b8-a6fa-06d5217a02d3-1-1024x768.jpg\" alt=\"\" class=\"wp-image-3884\" srcset=\"https:\/\/grundschule-hirsau.de\/wp-content\/uploads\/2025\/08\/7a454555-744c-41b8-a6fa-06d5217a02d3-1-1024x768.jpg 1024w, https:\/\/grundschule-hirsau.de\/wp-content\/uploads\/2025\/08\/7a454555-744c-41b8-a6fa-06d5217a02d3-1-300x225.jpg 300w, https:\/\/grundschule-hirsau.de\/wp-content\/uploads\/2025\/08\/7a454555-744c-41b8-a6fa-06d5217a02d3-1-768x576.jpg 768w, https:\/\/grundschule-hirsau.de\/wp-content\/uploads\/2025\/08\/7a454555-744c-41b8-a6fa-06d5217a02d3-1-1536x1152.jpg 1536w, https:\/\/grundschule-hirsau.de\/wp-content\/uploads\/2025\/08\/7a454555-744c-41b8-a6fa-06d5217a02d3-1-120x90.jpg 120w, https:\/\/grundschule-hirsau.de\/wp-content\/uploads\/2025\/08\/7a454555-744c-41b8-a6fa-06d5217a02d3-1.jpg 2016w\" sizes=\"auto, (max-width: 1024px) 100vw, 1024px\" \/><\/figure>\n\n\n\n<figure class=\"wp-block-image size-large\"><img loading=\"lazy\" decoding=\"async\" width=\"461\" height=\"1024\" data-id=\"3914\" src=\"https:\/\/grundschule-hirsau.de\/wp-content\/uploads\/2025\/08\/98f1c3da-4066-433d-b1cc-73789c7825b2-461x1024.jpg\" alt=\"\" class=\"wp-image-3914\" srcset=\"https:\/\/grundschule-hirsau.de\/wp-content\/uploads\/2025\/08\/98f1c3da-4066-433d-b1cc-73789c7825b2-461x1024.jpg 461w, https:\/\/grundschule-hirsau.de\/wp-content\/uploads\/2025\/08\/98f1c3da-4066-433d-b1cc-73789c7825b2-135x300.jpg 135w, https:\/\/grundschule-hirsau.de\/wp-content\/uploads\/2025\/08\/98f1c3da-4066-433d-b1cc-73789c7825b2-768x1707.jpg 768w, https:\/\/grundschule-hirsau.de\/wp-content\/uploads\/2025\/08\/98f1c3da-4066-433d-b1cc-73789c7825b2-691x1536.jpg 691w, https:\/\/grundschule-hirsau.de\/wp-content\/uploads\/2025\/08\/98f1c3da-4066-433d-b1cc-73789c7825b2-922x2048.jpg 922w, https:\/\/grundschule-hirsau.de\/wp-content\/uploads\/2025\/08\/98f1c3da-4066-433d-b1cc-73789c7825b2-scaled.jpg 1152w\" sizes=\"auto, (max-width: 461px) 100vw, 461px\" \/><\/figure>\n\n\n\n<figure class=\"wp-block-image size-large\"><img loading=\"lazy\" decoding=\"async\" width=\"1024\" height=\"768\" data-id=\"3880\" src=\"https:\/\/grundschule-hirsau.de\/wp-content\/uploads\/2025\/08\/3bbad136-996b-4d66-8442-b1458f9f1969-1024x768.jpg\" alt=\"\" class=\"wp-image-3880\" srcset=\"https:\/\/grundschule-hirsau.de\/wp-content\/uploads\/2025\/08\/3bbad136-996b-4d66-8442-b1458f9f1969-1024x768.jpg 1024w, https:\/\/grundschule-hirsau.de\/wp-content\/uploads\/2025\/08\/3bbad136-996b-4d66-8442-b1458f9f1969-300x225.jpg 300w, https:\/\/grundschule-hirsau.de\/wp-content\/uploads\/2025\/08\/3bbad136-996b-4d66-8442-b1458f9f1969-768x576.jpg 768w, https:\/\/grundschule-hirsau.de\/wp-content\/uploads\/2025\/08\/3bbad136-996b-4d66-8442-b1458f9f1969-1536x1152.jpg 1536w, https:\/\/grundschule-hirsau.de\/wp-content\/uploads\/2025\/08\/3bbad136-996b-4d66-8442-b1458f9f1969-120x90.jpg 120w, https:\/\/grundschule-hirsau.de\/wp-content\/uploads\/2025\/08\/3bbad136-996b-4d66-8442-b1458f9f1969.jpg 2016w\" sizes=\"auto, (max-width: 1024px) 100vw, 1024px\" \/><\/figure>\n<\/figure>\n\n\n\n<p><\/p>\n\n\n\n<figure class=\"wp-block-gallery has-nested-images columns-default is-cropped wp-block-gallery-6 is-layout-flex wp-block-gallery-is-layout-flex\">\n<figure class=\"wp-block-image size-large\"><img loading=\"lazy\" decoding=\"async\" width=\"1024\" height=\"768\" data-id=\"3915\" src=\"https:\/\/grundschule-hirsau.de\/wp-content\/uploads\/2025\/08\/ad2432b8-d7fc-4ffd-a06e-53dd93360e2a-1024x768.jpg\" alt=\"\" class=\"wp-image-3915\" srcset=\"https:\/\/grundschule-hirsau.de\/wp-content\/uploads\/2025\/08\/ad2432b8-d7fc-4ffd-a06e-53dd93360e2a-1024x768.jpg 1024w, https:\/\/grundschule-hirsau.de\/wp-content\/uploads\/2025\/08\/ad2432b8-d7fc-4ffd-a06e-53dd93360e2a-300x225.jpg 300w, https:\/\/grundschule-hirsau.de\/wp-content\/uploads\/2025\/08\/ad2432b8-d7fc-4ffd-a06e-53dd93360e2a-768x576.jpg 768w, https:\/\/grundschule-hirsau.de\/wp-content\/uploads\/2025\/08\/ad2432b8-d7fc-4ffd-a06e-53dd93360e2a-1536x1152.jpg 1536w, https:\/\/grundschule-hirsau.de\/wp-content\/uploads\/2025\/08\/ad2432b8-d7fc-4ffd-a06e-53dd93360e2a-120x90.jpg 120w, https:\/\/grundschule-hirsau.de\/wp-content\/uploads\/2025\/08\/ad2432b8-d7fc-4ffd-a06e-53dd93360e2a.jpg 2016w\" sizes=\"auto, (max-width: 1024px) 100vw, 1024px\" \/><\/figure>\n\n\n\n<figure class=\"wp-block-image size-large\"><img loading=\"lazy\" decoding=\"async\" width=\"1024\" height=\"768\" data-id=\"3916\" src=\"https:\/\/grundschule-hirsau.de\/wp-content\/uploads\/2025\/08\/b1578b5a-b27e-45f0-b78c-c2f2f291143b-1024x768.jpg\" alt=\"\" class=\"wp-image-3916\" srcset=\"https:\/\/grundschule-hirsau.de\/wp-content\/uploads\/2025\/08\/b1578b5a-b27e-45f0-b78c-c2f2f291143b-1024x768.jpg 1024w, https:\/\/grundschule-hirsau.de\/wp-content\/uploads\/2025\/08\/b1578b5a-b27e-45f0-b78c-c2f2f291143b-300x225.jpg 300w, https:\/\/grundschule-hirsau.de\/wp-content\/uploads\/2025\/08\/b1578b5a-b27e-45f0-b78c-c2f2f291143b-768x576.jpg 768w, https:\/\/grundschule-hirsau.de\/wp-content\/uploads\/2025\/08\/b1578b5a-b27e-45f0-b78c-c2f2f291143b-1536x1152.jpg 1536w, https:\/\/grundschule-hirsau.de\/wp-content\/uploads\/2025\/08\/b1578b5a-b27e-45f0-b78c-c2f2f291143b-120x90.jpg 120w, https:\/\/grundschule-hirsau.de\/wp-content\/uploads\/2025\/08\/b1578b5a-b27e-45f0-b78c-c2f2f291143b.jpg 2016w\" sizes=\"auto, (max-width: 1024px) 100vw, 1024px\" \/><\/figure>\n<\/figure>\n\n\n\n<p><\/p>\n\n\n\n<figure class=\"wp-block-gallery has-nested-images columns-default is-cropped wp-block-gallery-7 is-layout-flex wp-block-gallery-is-layout-flex\">\n<figure class=\"wp-block-image size-large\"><img loading=\"lazy\" decoding=\"async\" width=\"1024\" height=\"768\" data-id=\"3917\" src=\"https:\/\/grundschule-hirsau.de\/wp-content\/uploads\/2025\/08\/d10f801b-3bb8-42b5-b4ec-c84460828d7d-1024x768.jpg\" alt=\"\" class=\"wp-image-3917\" srcset=\"https:\/\/grundschule-hirsau.de\/wp-content\/uploads\/2025\/08\/d10f801b-3bb8-42b5-b4ec-c84460828d7d-1024x768.jpg 1024w, https:\/\/grundschule-hirsau.de\/wp-content\/uploads\/2025\/08\/d10f801b-3bb8-42b5-b4ec-c84460828d7d-300x225.jpg 300w, https:\/\/grundschule-hirsau.de\/wp-content\/uploads\/2025\/08\/d10f801b-3bb8-42b5-b4ec-c84460828d7d-768x576.jpg 768w, https:\/\/grundschule-hirsau.de\/wp-content\/uploads\/2025\/08\/d10f801b-3bb8-42b5-b4ec-c84460828d7d-1536x1152.jpg 1536w, https:\/\/grundschule-hirsau.de\/wp-content\/uploads\/2025\/08\/d10f801b-3bb8-42b5-b4ec-c84460828d7d-120x90.jpg 120w, https:\/\/grundschule-hirsau.de\/wp-content\/uploads\/2025\/08\/d10f801b-3bb8-42b5-b4ec-c84460828d7d.jpg 2016w\" sizes=\"auto, (max-width: 1024px) 100vw, 1024px\" \/><\/figure>\n\n\n\n<figure class=\"wp-block-image size-large\"><img loading=\"lazy\" decoding=\"async\" width=\"1024\" height=\"755\" data-id=\"3918\" src=\"https:\/\/grundschule-hirsau.de\/wp-content\/uploads\/2025\/08\/thumbnail_IMG_3828-1024x755.jpg\" alt=\"\" class=\"wp-image-3918\" srcset=\"https:\/\/grundschule-hirsau.de\/wp-content\/uploads\/2025\/08\/thumbnail_IMG_3828-1024x755.jpg 1024w, https:\/\/grundschule-hirsau.de\/wp-content\/uploads\/2025\/08\/thumbnail_IMG_3828-300x221.jpg 300w, https:\/\/grundschule-hirsau.de\/wp-content\/uploads\/2025\/08\/thumbnail_IMG_3828-768x566.jpg 768w, https:\/\/grundschule-hirsau.de\/wp-content\/uploads\/2025\/08\/thumbnail_IMG_3828.jpg 1125w\" sizes=\"auto, (max-width: 1024px) 100vw, 1024px\" \/><\/figure>\n<\/figure>\n\n\n\n<p><\/p>\n\n\n\n<figure class=\"wp-block-video\"><video height=\"576\" style=\"aspect-ratio: 1280 \/ 576;\" width=\"1280\" controls src=\"https:\/\/grundschule-hirsau.de\/wp-content\/uploads\/2025\/08\/eb00cc8e-5f7c-469b-8c86-88db2e24f4e0.mp4\"><\/video><\/figure>\n\n\n\n<p><\/p>\n","protected":false},"excerpt":{"rendered":"<p>Nach \u00fcber 30 Jahren engagierter Arbeit verabschieden wir unsere langj\u00e4hrige Rektorin Martina Fischer in den wohlverdienten Ruhestand. Wir danken ihr von ganzem Herzen f\u00fcr ihre wertvolle Arbeit, ihr Engagement und ihre liebevolle Begleitung unserer Sch\u00fclerinnen und Sch\u00fcler. Ihr Einsatz hat unsere Schule gepr\u00e4gt und zu einem Ort des Lernens und Wohlf\u00fchlens gemacht. Wir w\u00fcnschen ihr&hellip;<\/p>\n","protected":false},"author":2,"featured_media":0,"parent":0,"menu_order":0,"comment_status":"closed","ping_status":"closed","template":"","meta":{"footnotes":""},"class_list":["post-4032","page","type-page","status-publish","hentry"],"_links":{"self":[{"href":"https:\/\/grundschule-hirsau.de\/index.php?rest_route=\/wp\/v2\/pages\/4032","targetHints":{"allow":["GET"]}}],"collection":[{"href":"https:\/\/grundschule-hirsau.de\/index.php?rest_route=\/wp\/v2\/pages"}],"about":[{"href":"https:\/\/grundschule-hirsau.de\/index.php?rest_route=\/wp\/v2\/types\/page"}],"author":[{"embeddable":true,"href":"https:\/\/grundschule-hirsau.de\/index.php?rest_route=\/wp\/v2\/users\/2"}],"replies":[{"embeddable":true,"href":"https:\/\/grundschule-hirsau.de\/index.php?rest_route=%2Fwp%2Fv2%2Fcomments&post=4032"}],"version-history":[{"count":1,"href":"https:\/\/grundschule-hirsau.de\/index.php?rest_route=\/wp\/v2\/pages\/4032\/revisions"}],"predecessor-version":[{"id":4034,"href":"https:\/\/grundschule-hirsau.de\/index.php?rest_route=\/wp\/v2\/pages\/4032\/revisions\/4034"}],"wp:attachment":[{"href":"https:\/\/grundschule-hirsau.de\/index.php?rest_route=%2Fwp%2Fv2%2Fmedia&parent=4032"}],"curies":[{"name":"wp","href":"https:\/\/api.w.org\/{rel}","templated":true}]}}