{"id":3847,"date":"2025-07-31T17:13:35","date_gmt":"2025-07-31T15:13:35","guid":{"rendered":"https:\/\/grundschule-hirsau.de\/?page_id=3847"},"modified":"2025-08-01T17:39:42","modified_gmt":"2025-08-01T15:39:42","slug":"sommerabschlussgottesdienst-2025","status":"publish","type":"page","link":"https:\/\/grundschule-hirsau.de\/?page_id=3847","title":{"rendered":"Sommerabschlussgottesdienst 2025"},"content":{"rendered":"\n<p class=\"has-medium-font-size\">Der Sommerabschlussgottesdienst stand ganz im Zeichen von <strong>Abschied und Neuanfang.<\/strong> Gestaltet wurde der Gottesdienst von Pfarrer Sebastian Steinbach, der mit einer Feder zum Danken einlud \u2013 f\u00fcr das, was war, f\u00fcr die sch\u00f6nen Momente und Erfahrungen des vergangenen Jahres. Mit dem Blumensamen wollte er zeigen, dass im Neuanfang Gott immer auch etwas Neues entstehen lassen kann. Zum Abschluss wurden alle, die nach dem Sommer etwas Neues beginnen, besonders gesegnet. Es war ein besonderer Moment, der uns daran erinnert, dass Gott immer f\u00fcr uns da ist.<\/p>\n\n\n<div class=\"wp-block-image\">\n<figure class=\"aligncenter size-large\"><img loading=\"lazy\" decoding=\"async\" width=\"1024\" height=\"768\" src=\"https:\/\/grundschule-hirsau.de\/wp-content\/uploads\/2025\/07\/d091e6d3-3ae5-4e9e-9e91-037fba65ef3b-1024x768.jpg\" alt=\"\" class=\"wp-image-3848\" srcset=\"https:\/\/grundschule-hirsau.de\/wp-content\/uploads\/2025\/07\/d091e6d3-3ae5-4e9e-9e91-037fba65ef3b-1024x768.jpg 1024w, https:\/\/grundschule-hirsau.de\/wp-content\/uploads\/2025\/07\/d091e6d3-3ae5-4e9e-9e91-037fba65ef3b-300x225.jpg 300w, https:\/\/grundschule-hirsau.de\/wp-content\/uploads\/2025\/07\/d091e6d3-3ae5-4e9e-9e91-037fba65ef3b-768x576.jpg 768w, https:\/\/grundschule-hirsau.de\/wp-content\/uploads\/2025\/07\/d091e6d3-3ae5-4e9e-9e91-037fba65ef3b-1536x1152.jpg 1536w, https:\/\/grundschule-hirsau.de\/wp-content\/uploads\/2025\/07\/d091e6d3-3ae5-4e9e-9e91-037fba65ef3b-120x90.jpg 120w, https:\/\/grundschule-hirsau.de\/wp-content\/uploads\/2025\/07\/d091e6d3-3ae5-4e9e-9e91-037fba65ef3b.jpg 2016w\" sizes=\"auto, (max-width: 1024px) 100vw, 1024px\" \/><\/figure>\n<\/div>\n\n\n<p><\/p>\n\n\n<div class=\"wp-block-image\">\n<figure class=\"aligncenter size-large\"><img loading=\"lazy\" decoding=\"async\" width=\"645\" height=\"1024\" src=\"https:\/\/grundschule-hirsau.de\/wp-content\/uploads\/2025\/07\/e03f498a-ccee-4105-ba1c-92dc9e7505c0-645x1024.jpg\" alt=\"\" class=\"wp-image-3849\" srcset=\"https:\/\/grundschule-hirsau.de\/wp-content\/uploads\/2025\/07\/e03f498a-ccee-4105-ba1c-92dc9e7505c0-645x1024.jpg 645w, https:\/\/grundschule-hirsau.de\/wp-content\/uploads\/2025\/07\/e03f498a-ccee-4105-ba1c-92dc9e7505c0-189x300.jpg 189w, https:\/\/grundschule-hirsau.de\/wp-content\/uploads\/2025\/07\/e03f498a-ccee-4105-ba1c-92dc9e7505c0-768x1220.jpg 768w, https:\/\/grundschule-hirsau.de\/wp-content\/uploads\/2025\/07\/e03f498a-ccee-4105-ba1c-92dc9e7505c0-967x1536.jpg 967w, https:\/\/grundschule-hirsau.de\/wp-content\/uploads\/2025\/07\/e03f498a-ccee-4105-ba1c-92dc9e7505c0.jpg 1289w\" sizes=\"auto, (max-width: 645px) 100vw, 645px\" \/><\/figure>\n<\/div>","protected":false},"excerpt":{"rendered":"<p>Der Sommerabschlussgottesdienst stand ganz im Zeichen von Abschied und Neuanfang. Gestaltet wurde der Gottesdienst von Pfarrer Sebastian Steinbach, der mit einer Feder zum Danken einlud \u2013 f\u00fcr das, was war, f\u00fcr die sch\u00f6nen Momente und Erfahrungen des vergangenen Jahres. Mit dem Blumensamen wollte er zeigen, dass im Neuanfang Gott immer auch etwas Neues entstehen lassen&hellip;<\/p>\n","protected":false},"author":2,"featured_media":0,"parent":0,"menu_order":0,"comment_status":"closed","ping_status":"closed","template":"","meta":{"footnotes":""},"class_list":["post-3847","page","type-page","status-publish","hentry"],"_links":{"self":[{"href":"https:\/\/grundschule-hirsau.de\/index.php?rest_route=\/wp\/v2\/pages\/3847","targetHints":{"allow":["GET"]}}],"collection":[{"href":"https:\/\/grundschule-hirsau.de\/index.php?rest_route=\/wp\/v2\/pages"}],"about":[{"href":"https:\/\/grundschule-hirsau.de\/index.php?rest_route=\/wp\/v2\/types\/page"}],"author":[{"embeddable":true,"href":"https:\/\/grundschule-hirsau.de\/index.php?rest_route=\/wp\/v2\/users\/2"}],"replies":[{"embeddable":true,"href":"https:\/\/grundschule-hirsau.de\/index.php?rest_route=%2Fwp%2Fv2%2Fcomments&post=3847"}],"version-history":[{"count":2,"href":"https:\/\/grundschule-hirsau.de\/index.php?rest_route=\/wp\/v2\/pages\/3847\/revisions"}],"predecessor-version":[{"id":3911,"href":"https:\/\/grundschule-hirsau.de\/index.php?rest_route=\/wp\/v2\/pages\/3847\/revisions\/3911"}],"wp:attachment":[{"href":"https:\/\/grundschule-hirsau.de\/index.php?rest_route=%2Fwp%2Fv2%2Fmedia&parent=3847"}],"curies":[{"name":"wp","href":"https:\/\/api.w.org\/{rel}","templated":true}]}}