{"id":3635,"date":"2025-05-09T08:17:37","date_gmt":"2025-05-09T06:17:37","guid":{"rendered":"https:\/\/grundschule-hirsau.de\/?page_id=3635"},"modified":"2025-05-09T08:17:38","modified_gmt":"2025-05-09T06:17:38","slug":"mittelalterliche-projekttage","status":"publish","type":"page","link":"https:\/\/grundschule-hirsau.de\/?page_id=3635","title":{"rendered":"Mittelalterliche Projekttage"},"content":{"rendered":"\n<p class=\"has-text-align-center has-vivid-green-cyan-color has-text-color has-large-font-size\"><\/p>\n\n\n\n<p class=\"has-medium-font-size\">Mittelalterliche Abenteuer f\u00fcr die Klassen 1-4 der Grundschule Hirsau<br><br>In der vergangenen Woche fanden an der Grundschule Hirsau die mit Spannung erwarteten Projekttage der Klassen 1 bis 4 statt. Die Sch\u00fclerinnen und Sch\u00fcler arbeiteten in jahrgangs\u00fcbergreifenden Gruppen zusammen, um in die faszinierende Welt des Mittelalters einzutauchen.<br><br>Die Kinder waren begeistert, als sie erfuhren, dass sie kreativ werden und ihre eigenen mittelalterlichen Gegenst\u00e4nde herstellen w\u00fcrden. Unterst\u00fctzt von der AOK und dem Verein OBEN AUF konnten Lothar Hudy und die Kolleginnen der GS Hirsau den Sch\u00fclerinnen und Sch\u00fcler verschiedenen Workshops anbieten. Es wurden Steckenpferde, Schwerter, Schilder und Burgen gebaut. Die &nbsp;Gruppen waren bunt gemischt, sodass die \u00e4lteren Kinder den J\u00fcngeren helfen konnten, was den Gemeinschaftssinn und die Teamarbeit f\u00f6rderte.<br><br>In einem Workshop wurden die Steckenpferde aus Holzlatten und buntem Stoff gefertigt. Die Kinder schnitzten, malten und dekorierten ihre Pferde mit viel Liebe zum Detail. Die Freude war gro\u00df, als die ersten Steckenpferde fertiggestellt waren und die Kinder sie stolz pr\u00e4sentierten.<br><br>Ein weiterer H\u00f6hepunkt war der Bau von Schwertern und Schilden. Mit Pappe, Farben und viel Kreativit\u00e4t entstanden beeindruckende R\u00fcstungen, die die Kinder in ihren Rollenspielen nutzen konnten.<br>Ein besonders beliebtes Projekt war der Bau von Burgen. In Gruppenarbeit wurden gro\u00dfe Kartonst\u00fccke und andere Materialien verwendet, um beeindruckende Burgen zu errichten. Die Kinder diskutierten eifrig \u00fcber die besten Strategien und Designs, w\u00e4hrend sie ihre Bauwerke mit T\u00fcrmen, Zinnen und Zugbr\u00fccken verzierten. Am Ende der Projekttage wurden die Burgen stolz pr\u00e4sentiert und von den anderen Gruppen bewundert.<br><br>Die Projekttage boten nicht nur eine hervorragende Gelegenheit, handwerkliche F\u00e4higkeiten zu entwickeln, sondern auch, das historische Wissen \u00fcber das Mittelalter zu vertiefen. Die Lehrkr\u00e4fte integrierten spannende Geschichten und Informationen \u00fcber das Leben im Mittelalter in die Aktivit\u00e4ten, sodass die Kinder spielerisch lernen konnten.<br><br>Insgesamt waren die Projekttage an der Grundschule Hirsau ein voller Erfolg. Die Kinder hatten nicht nur viel Spa\u00df, sondern konnten auch ihre Kreativit\u00e4t ausleben. Die Begeisterung f\u00fcr das Thema Mittelalter wird sicherlich noch lange in Erinnerung bleiben und die Vorfreude auf zuk\u00fcnftige Projekte wecken.<br><br>Viele Eltern halfen bei diesen Projekttagen mit Material und Engangement mit. Vielen Dank.<\/p>\n\n\n\n<p class=\"has-medium-font-size\">Ein gro\u00dfes Dankesch\u00f6n OBEN AUF und die AOK, die es erm\u00f6glichten, dass Lothar Hudy erneut mit unseren Kindern arbeiten konnte!Papiersch\u00f6pfen<\/p>\n\n\n\n<figure class=\"wp-block-gallery has-nested-images columns-2 is-cropped wp-block-gallery-1 is-layout-flex wp-block-gallery-is-layout-flex\">\n<figure class=\"wp-block-image size-large\"><img loading=\"lazy\" decoding=\"async\" width=\"1024\" height=\"1024\" data-id=\"3626\" src=\"https:\/\/grundschule-hirsau.de\/wp-content\/uploads\/2025\/05\/20250429_113231-1024x1024.jpg\" alt=\"\" class=\"wp-image-3626\" srcset=\"https:\/\/grundschule-hirsau.de\/wp-content\/uploads\/2025\/05\/20250429_113231-1024x1024.jpg 1024w, https:\/\/grundschule-hirsau.de\/wp-content\/uploads\/2025\/05\/20250429_113231-300x300.jpg 300w, https:\/\/grundschule-hirsau.de\/wp-content\/uploads\/2025\/05\/20250429_113231-150x150.jpg 150w, https:\/\/grundschule-hirsau.de\/wp-content\/uploads\/2025\/05\/20250429_113231-768x768.jpg 768w, https:\/\/grundschule-hirsau.de\/wp-content\/uploads\/2025\/05\/20250429_113231-1536x1536.jpg 1536w, https:\/\/grundschule-hirsau.de\/wp-content\/uploads\/2025\/05\/20250429_113231-2048x2048.jpg 2048w\" sizes=\"auto, (max-width: 1024px) 100vw, 1024px\" \/><\/figure>\n\n\n\n<figure class=\"wp-block-image size-large\"><img loading=\"lazy\" decoding=\"async\" width=\"768\" height=\"1024\" data-id=\"3600\" src=\"https:\/\/grundschule-hirsau.de\/wp-content\/uploads\/2025\/05\/IMG-20250428-WA0000-768x1024.jpg\" alt=\"\" class=\"wp-image-3600\" srcset=\"https:\/\/grundschule-hirsau.de\/wp-content\/uploads\/2025\/05\/IMG-20250428-WA0000-768x1024.jpg 768w, https:\/\/grundschule-hirsau.de\/wp-content\/uploads\/2025\/05\/IMG-20250428-WA0000-225x300.jpg 225w, https:\/\/grundschule-hirsau.de\/wp-content\/uploads\/2025\/05\/IMG-20250428-WA0000-1152x1536.jpg 1152w, https:\/\/grundschule-hirsau.de\/wp-content\/uploads\/2025\/05\/IMG-20250428-WA0000.jpg 1200w\" sizes=\"auto, (max-width: 768px) 100vw, 768px\" \/><\/figure>\n\n\n\n<figure class=\"wp-block-image size-large\"><img loading=\"lazy\" decoding=\"async\" width=\"768\" height=\"1024\" data-id=\"3602\" src=\"https:\/\/grundschule-hirsau.de\/wp-content\/uploads\/2025\/05\/IMG-20250428-WA0002-768x1024.jpg\" alt=\"\" class=\"wp-image-3602\" srcset=\"https:\/\/grundschule-hirsau.de\/wp-content\/uploads\/2025\/05\/IMG-20250428-WA0002-768x1024.jpg 768w, https:\/\/grundschule-hirsau.de\/wp-content\/uploads\/2025\/05\/IMG-20250428-WA0002-225x300.jpg 225w, https:\/\/grundschule-hirsau.de\/wp-content\/uploads\/2025\/05\/IMG-20250428-WA0002-1152x1536.jpg 1152w, https:\/\/grundschule-hirsau.de\/wp-content\/uploads\/2025\/05\/IMG-20250428-WA0002.jpg 1200w\" sizes=\"auto, (max-width: 768px) 100vw, 768px\" \/><\/figure>\n\n\n\n<figure class=\"wp-block-image size-large\"><img loading=\"lazy\" decoding=\"async\" width=\"768\" height=\"1024\" data-id=\"3603\" src=\"https:\/\/grundschule-hirsau.de\/wp-content\/uploads\/2025\/05\/IMG-20250428-WA0031-768x1024.jpg\" alt=\"\" class=\"wp-image-3603\" srcset=\"https:\/\/grundschule-hirsau.de\/wp-content\/uploads\/2025\/05\/IMG-20250428-WA0031-768x1024.jpg 768w, https:\/\/grundschule-hirsau.de\/wp-content\/uploads\/2025\/05\/IMG-20250428-WA0031-225x300.jpg 225w, https:\/\/grundschule-hirsau.de\/wp-content\/uploads\/2025\/05\/IMG-20250428-WA0031-1152x1536.jpg 1152w, https:\/\/grundschule-hirsau.de\/wp-content\/uploads\/2025\/05\/IMG-20250428-WA0031.jpg 1200w\" sizes=\"auto, (max-width: 768px) 100vw, 768px\" \/><\/figure>\n\n\n\n<figure class=\"wp-block-image size-large\"><img loading=\"lazy\" decoding=\"async\" width=\"1024\" height=\"768\" data-id=\"3604\" src=\"https:\/\/grundschule-hirsau.de\/wp-content\/uploads\/2025\/05\/IMG-20250430-WA0000-1024x768.jpg\" alt=\"\" class=\"wp-image-3604\" srcset=\"https:\/\/grundschule-hirsau.de\/wp-content\/uploads\/2025\/05\/IMG-20250430-WA0000-1024x768.jpg 1024w, https:\/\/grundschule-hirsau.de\/wp-content\/uploads\/2025\/05\/IMG-20250430-WA0000-300x225.jpg 300w, https:\/\/grundschule-hirsau.de\/wp-content\/uploads\/2025\/05\/IMG-20250430-WA0000-768x576.jpg 768w, https:\/\/grundschule-hirsau.de\/wp-content\/uploads\/2025\/05\/IMG-20250430-WA0000-1536x1152.jpg 1536w, https:\/\/grundschule-hirsau.de\/wp-content\/uploads\/2025\/05\/IMG-20250430-WA0000-120x90.jpg 120w, https:\/\/grundschule-hirsau.de\/wp-content\/uploads\/2025\/05\/IMG-20250430-WA0000.jpg 1600w\" sizes=\"auto, (max-width: 1024px) 100vw, 1024px\" \/><\/figure>\n\n\n\n<figure class=\"wp-block-image size-large\"><img loading=\"lazy\" decoding=\"async\" width=\"1024\" height=\"768\" data-id=\"3601\" src=\"https:\/\/grundschule-hirsau.de\/wp-content\/uploads\/2025\/05\/IMG-20250430-WA0002-1024x768.jpg\" alt=\"\" class=\"wp-image-3601\" srcset=\"https:\/\/grundschule-hirsau.de\/wp-content\/uploads\/2025\/05\/IMG-20250430-WA0002-1024x768.jpg 1024w, https:\/\/grundschule-hirsau.de\/wp-content\/uploads\/2025\/05\/IMG-20250430-WA0002-300x225.jpg 300w, https:\/\/grundschule-hirsau.de\/wp-content\/uploads\/2025\/05\/IMG-20250430-WA0002-768x576.jpg 768w, https:\/\/grundschule-hirsau.de\/wp-content\/uploads\/2025\/05\/IMG-20250430-WA0002-1536x1152.jpg 1536w, https:\/\/grundschule-hirsau.de\/wp-content\/uploads\/2025\/05\/IMG-20250430-WA0002-120x90.jpg 120w, https:\/\/grundschule-hirsau.de\/wp-content\/uploads\/2025\/05\/IMG-20250430-WA0002.jpg 1600w\" sizes=\"auto, (max-width: 1024px) 100vw, 1024px\" \/><\/figure>\n\n\n\n<figure class=\"wp-block-image size-large\"><img loading=\"lazy\" decoding=\"async\" width=\"768\" height=\"1024\" data-id=\"3605\" src=\"https:\/\/grundschule-hirsau.de\/wp-content\/uploads\/2025\/05\/IMG-20250430-WA0009-768x1024.jpg\" alt=\"\" class=\"wp-image-3605\" srcset=\"https:\/\/grundschule-hirsau.de\/wp-content\/uploads\/2025\/05\/IMG-20250430-WA0009-768x1024.jpg 768w, https:\/\/grundschule-hirsau.de\/wp-content\/uploads\/2025\/05\/IMG-20250430-WA0009-225x300.jpg 225w, https:\/\/grundschule-hirsau.de\/wp-content\/uploads\/2025\/05\/IMG-20250430-WA0009-1152x1536.jpg 1152w, https:\/\/grundschule-hirsau.de\/wp-content\/uploads\/2025\/05\/IMG-20250430-WA0009.jpg 1200w\" sizes=\"auto, (max-width: 768px) 100vw, 768px\" \/><\/figure>\n\n\n\n<figure class=\"wp-block-image size-large\"><img loading=\"lazy\" decoding=\"async\" width=\"1024\" height=\"768\" data-id=\"3615\" src=\"https:\/\/grundschule-hirsau.de\/wp-content\/uploads\/2025\/05\/IMG-20250430-WA0014-1024x768.jpg\" alt=\"\" class=\"wp-image-3615\" srcset=\"https:\/\/grundschule-hirsau.de\/wp-content\/uploads\/2025\/05\/IMG-20250430-WA0014-1024x768.jpg 1024w, https:\/\/grundschule-hirsau.de\/wp-content\/uploads\/2025\/05\/IMG-20250430-WA0014-300x225.jpg 300w, https:\/\/grundschule-hirsau.de\/wp-content\/uploads\/2025\/05\/IMG-20250430-WA0014-768x576.jpg 768w, https:\/\/grundschule-hirsau.de\/wp-content\/uploads\/2025\/05\/IMG-20250430-WA0014-1536x1152.jpg 1536w, https:\/\/grundschule-hirsau.de\/wp-content\/uploads\/2025\/05\/IMG-20250430-WA0014-120x90.jpg 120w, https:\/\/grundschule-hirsau.de\/wp-content\/uploads\/2025\/05\/IMG-20250430-WA0014.jpg 2048w\" sizes=\"auto, (max-width: 1024px) 100vw, 1024px\" \/><\/figure>\n\n\n\n<figure class=\"wp-block-image size-large\"><img loading=\"lazy\" decoding=\"async\" width=\"1024\" height=\"768\" data-id=\"3611\" src=\"https:\/\/grundschule-hirsau.de\/wp-content\/uploads\/2025\/05\/IMG-20250430-WA0016-1024x768.jpg\" alt=\"\" class=\"wp-image-3611\" srcset=\"https:\/\/grundschule-hirsau.de\/wp-content\/uploads\/2025\/05\/IMG-20250430-WA0016-1024x768.jpg 1024w, https:\/\/grundschule-hirsau.de\/wp-content\/uploads\/2025\/05\/IMG-20250430-WA0016-300x225.jpg 300w, https:\/\/grundschule-hirsau.de\/wp-content\/uploads\/2025\/05\/IMG-20250430-WA0016-768x576.jpg 768w, https:\/\/grundschule-hirsau.de\/wp-content\/uploads\/2025\/05\/IMG-20250430-WA0016-1536x1152.jpg 1536w, https:\/\/grundschule-hirsau.de\/wp-content\/uploads\/2025\/05\/IMG-20250430-WA0016-120x90.jpg 120w, https:\/\/grundschule-hirsau.de\/wp-content\/uploads\/2025\/05\/IMG-20250430-WA0016.jpg 2048w\" sizes=\"auto, (max-width: 1024px) 100vw, 1024px\" \/><\/figure>\n\n\n\n<figure class=\"wp-block-image size-large\"><img loading=\"lazy\" decoding=\"async\" width=\"768\" height=\"1024\" data-id=\"3606\" src=\"https:\/\/grundschule-hirsau.de\/wp-content\/uploads\/2025\/05\/IMG-20250430-WA0026-768x1024.jpg\" alt=\"\" class=\"wp-image-3606\" srcset=\"https:\/\/grundschule-hirsau.de\/wp-content\/uploads\/2025\/05\/IMG-20250430-WA0026-768x1024.jpg 768w, https:\/\/grundschule-hirsau.de\/wp-content\/uploads\/2025\/05\/IMG-20250430-WA0026-225x300.jpg 225w, https:\/\/grundschule-hirsau.de\/wp-content\/uploads\/2025\/05\/IMG-20250430-WA0026-1152x1536.jpg 1152w, https:\/\/grundschule-hirsau.de\/wp-content\/uploads\/2025\/05\/IMG-20250430-WA0026.jpg 1200w\" sizes=\"auto, (max-width: 768px) 100vw, 768px\" \/><\/figure>\n\n\n\n<figure class=\"wp-block-image size-large\"><img loading=\"lazy\" decoding=\"async\" width=\"768\" height=\"1024\" data-id=\"3607\" src=\"https:\/\/grundschule-hirsau.de\/wp-content\/uploads\/2025\/05\/IMG-20250430-WA0028-768x1024.jpg\" alt=\"\" class=\"wp-image-3607\" srcset=\"https:\/\/grundschule-hirsau.de\/wp-content\/uploads\/2025\/05\/IMG-20250430-WA0028-768x1024.jpg 768w, https:\/\/grundschule-hirsau.de\/wp-content\/uploads\/2025\/05\/IMG-20250430-WA0028-225x300.jpg 225w, https:\/\/grundschule-hirsau.de\/wp-content\/uploads\/2025\/05\/IMG-20250430-WA0028-1152x1536.jpg 1152w, https:\/\/grundschule-hirsau.de\/wp-content\/uploads\/2025\/05\/IMG-20250430-WA0028.jpg 1536w\" sizes=\"auto, (max-width: 768px) 100vw, 768px\" \/><\/figure>\n\n\n\n<figure class=\"wp-block-image size-large\"><img loading=\"lazy\" decoding=\"async\" width=\"768\" height=\"1024\" data-id=\"3609\" src=\"https:\/\/grundschule-hirsau.de\/wp-content\/uploads\/2025\/05\/IMG-20250430-WA0031-768x1024.jpg\" alt=\"\" class=\"wp-image-3609\" srcset=\"https:\/\/grundschule-hirsau.de\/wp-content\/uploads\/2025\/05\/IMG-20250430-WA0031-768x1024.jpg 768w, https:\/\/grundschule-hirsau.de\/wp-content\/uploads\/2025\/05\/IMG-20250430-WA0031-225x300.jpg 225w, https:\/\/grundschule-hirsau.de\/wp-content\/uploads\/2025\/05\/IMG-20250430-WA0031-1152x1536.jpg 1152w, https:\/\/grundschule-hirsau.de\/wp-content\/uploads\/2025\/05\/IMG-20250430-WA0031.jpg 1536w\" sizes=\"auto, (max-width: 768px) 100vw, 768px\" \/><\/figure>\n\n\n\n<figure class=\"wp-block-image size-large\"><img loading=\"lazy\" decoding=\"async\" width=\"768\" height=\"1024\" data-id=\"3610\" src=\"https:\/\/grundschule-hirsau.de\/wp-content\/uploads\/2025\/05\/IMG-20250430-WA0032-768x1024.jpg\" alt=\"\" class=\"wp-image-3610\" srcset=\"https:\/\/grundschule-hirsau.de\/wp-content\/uploads\/2025\/05\/IMG-20250430-WA0032-768x1024.jpg 768w, https:\/\/grundschule-hirsau.de\/wp-content\/uploads\/2025\/05\/IMG-20250430-WA0032-225x300.jpg 225w, https:\/\/grundschule-hirsau.de\/wp-content\/uploads\/2025\/05\/IMG-20250430-WA0032-1152x1536.jpg 1152w, https:\/\/grundschule-hirsau.de\/wp-content\/uploads\/2025\/05\/IMG-20250430-WA0032.jpg 1536w\" sizes=\"auto, (max-width: 768px) 100vw, 768px\" \/><\/figure>\n\n\n\n<figure class=\"wp-block-image size-large\"><img loading=\"lazy\" decoding=\"async\" width=\"1024\" height=\"768\" data-id=\"3613\" src=\"https:\/\/grundschule-hirsau.de\/wp-content\/uploads\/2025\/05\/IMG-20250430-WA0037-1024x768.jpg\" alt=\"\" class=\"wp-image-3613\" srcset=\"https:\/\/grundschule-hirsau.de\/wp-content\/uploads\/2025\/05\/IMG-20250430-WA0037-1024x768.jpg 1024w, https:\/\/grundschule-hirsau.de\/wp-content\/uploads\/2025\/05\/IMG-20250430-WA0037-300x225.jpg 300w, https:\/\/grundschule-hirsau.de\/wp-content\/uploads\/2025\/05\/IMG-20250430-WA0037-768x576.jpg 768w, https:\/\/grundschule-hirsau.de\/wp-content\/uploads\/2025\/05\/IMG-20250430-WA0037-1536x1152.jpg 1536w, https:\/\/grundschule-hirsau.de\/wp-content\/uploads\/2025\/05\/IMG-20250430-WA0037-120x90.jpg 120w, https:\/\/grundschule-hirsau.de\/wp-content\/uploads\/2025\/05\/IMG-20250430-WA0037.jpg 2048w\" sizes=\"auto, (max-width: 1024px) 100vw, 1024px\" \/><\/figure>\n\n\n\n<figure class=\"wp-block-image size-large\"><img loading=\"lazy\" decoding=\"async\" width=\"768\" height=\"1024\" data-id=\"3612\" src=\"https:\/\/grundschule-hirsau.de\/wp-content\/uploads\/2025\/05\/IMG-20250430-WA0041-768x1024.jpg\" alt=\"\" class=\"wp-image-3612\" srcset=\"https:\/\/grundschule-hirsau.de\/wp-content\/uploads\/2025\/05\/IMG-20250430-WA0041-768x1024.jpg 768w, https:\/\/grundschule-hirsau.de\/wp-content\/uploads\/2025\/05\/IMG-20250430-WA0041-225x300.jpg 225w, https:\/\/grundschule-hirsau.de\/wp-content\/uploads\/2025\/05\/IMG-20250430-WA0041-1152x1536.jpg 1152w, https:\/\/grundschule-hirsau.de\/wp-content\/uploads\/2025\/05\/IMG-20250430-WA0041.jpg 1536w\" sizes=\"auto, (max-width: 768px) 100vw, 768px\" \/><\/figure>\n\n\n\n<figure class=\"wp-block-image size-large\"><img loading=\"lazy\" decoding=\"async\" width=\"1024\" height=\"768\" data-id=\"3616\" src=\"https:\/\/grundschule-hirsau.de\/wp-content\/uploads\/2025\/05\/IMG-20250430-WA0042-1024x768.jpg\" alt=\"\" class=\"wp-image-3616\" srcset=\"https:\/\/grundschule-hirsau.de\/wp-content\/uploads\/2025\/05\/IMG-20250430-WA0042-1024x768.jpg 1024w, https:\/\/grundschule-hirsau.de\/wp-content\/uploads\/2025\/05\/IMG-20250430-WA0042-300x225.jpg 300w, https:\/\/grundschule-hirsau.de\/wp-content\/uploads\/2025\/05\/IMG-20250430-WA0042-768x576.jpg 768w, https:\/\/grundschule-hirsau.de\/wp-content\/uploads\/2025\/05\/IMG-20250430-WA0042-1536x1152.jpg 1536w, https:\/\/grundschule-hirsau.de\/wp-content\/uploads\/2025\/05\/IMG-20250430-WA0042-120x90.jpg 120w, https:\/\/grundschule-hirsau.de\/wp-content\/uploads\/2025\/05\/IMG-20250430-WA0042.jpg 2048w\" sizes=\"auto, (max-width: 1024px) 100vw, 1024px\" \/><\/figure>\n\n\n\n<figure class=\"wp-block-image size-large\"><img loading=\"lazy\" decoding=\"async\" width=\"768\" height=\"1024\" data-id=\"3617\" src=\"https:\/\/grundschule-hirsau.de\/wp-content\/uploads\/2025\/05\/IMG-20250430-WA0043-768x1024.jpg\" alt=\"\" class=\"wp-image-3617\" srcset=\"https:\/\/grundschule-hirsau.de\/wp-content\/uploads\/2025\/05\/IMG-20250430-WA0043-768x1024.jpg 768w, https:\/\/grundschule-hirsau.de\/wp-content\/uploads\/2025\/05\/IMG-20250430-WA0043-225x300.jpg 225w, https:\/\/grundschule-hirsau.de\/wp-content\/uploads\/2025\/05\/IMG-20250430-WA0043-1152x1536.jpg 1152w, https:\/\/grundschule-hirsau.de\/wp-content\/uploads\/2025\/05\/IMG-20250430-WA0043.jpg 1536w\" sizes=\"auto, (max-width: 768px) 100vw, 768px\" \/><\/figure>\n\n\n\n<figure class=\"wp-block-image size-large\"><img loading=\"lazy\" decoding=\"async\" width=\"1024\" height=\"768\" data-id=\"3621\" src=\"https:\/\/grundschule-hirsau.de\/wp-content\/uploads\/2025\/05\/IMG-20250430-WA0050-1024x768.jpg\" alt=\"\" class=\"wp-image-3621\" srcset=\"https:\/\/grundschule-hirsau.de\/wp-content\/uploads\/2025\/05\/IMG-20250430-WA0050-1024x768.jpg 1024w, https:\/\/grundschule-hirsau.de\/wp-content\/uploads\/2025\/05\/IMG-20250430-WA0050-300x225.jpg 300w, https:\/\/grundschule-hirsau.de\/wp-content\/uploads\/2025\/05\/IMG-20250430-WA0050-768x576.jpg 768w, https:\/\/grundschule-hirsau.de\/wp-content\/uploads\/2025\/05\/IMG-20250430-WA0050-1536x1152.jpg 1536w, https:\/\/grundschule-hirsau.de\/wp-content\/uploads\/2025\/05\/IMG-20250430-WA0050-120x90.jpg 120w, https:\/\/grundschule-hirsau.de\/wp-content\/uploads\/2025\/05\/IMG-20250430-WA0050.jpg 1600w\" sizes=\"auto, (max-width: 1024px) 100vw, 1024px\" \/><\/figure>\n\n\n\n<figure class=\"wp-block-image size-large\"><img loading=\"lazy\" decoding=\"async\" width=\"1024\" height=\"768\" data-id=\"3620\" src=\"https:\/\/grundschule-hirsau.de\/wp-content\/uploads\/2025\/05\/IMG-20250430-WA0053-1024x768.jpg\" alt=\"\" class=\"wp-image-3620\" srcset=\"https:\/\/grundschule-hirsau.de\/wp-content\/uploads\/2025\/05\/IMG-20250430-WA0053-1024x768.jpg 1024w, https:\/\/grundschule-hirsau.de\/wp-content\/uploads\/2025\/05\/IMG-20250430-WA0053-300x225.jpg 300w, https:\/\/grundschule-hirsau.de\/wp-content\/uploads\/2025\/05\/IMG-20250430-WA0053-768x576.jpg 768w, https:\/\/grundschule-hirsau.de\/wp-content\/uploads\/2025\/05\/IMG-20250430-WA0053-1536x1152.jpg 1536w, https:\/\/grundschule-hirsau.de\/wp-content\/uploads\/2025\/05\/IMG-20250430-WA0053-120x90.jpg 120w, https:\/\/grundschule-hirsau.de\/wp-content\/uploads\/2025\/05\/IMG-20250430-WA0053.jpg 1600w\" sizes=\"auto, (max-width: 1024px) 100vw, 1024px\" \/><\/figure>\n\n\n\n<figure class=\"wp-block-image size-large\"><img loading=\"lazy\" decoding=\"async\" width=\"1024\" height=\"768\" data-id=\"3622\" src=\"https:\/\/grundschule-hirsau.de\/wp-content\/uploads\/2025\/05\/IMG-20250430-WA0054-1024x768.jpg\" alt=\"\" class=\"wp-image-3622\" srcset=\"https:\/\/grundschule-hirsau.de\/wp-content\/uploads\/2025\/05\/IMG-20250430-WA0054-1024x768.jpg 1024w, https:\/\/grundschule-hirsau.de\/wp-content\/uploads\/2025\/05\/IMG-20250430-WA0054-300x225.jpg 300w, https:\/\/grundschule-hirsau.de\/wp-content\/uploads\/2025\/05\/IMG-20250430-WA0054-768x576.jpg 768w, https:\/\/grundschule-hirsau.de\/wp-content\/uploads\/2025\/05\/IMG-20250430-WA0054-1536x1152.jpg 1536w, https:\/\/grundschule-hirsau.de\/wp-content\/uploads\/2025\/05\/IMG-20250430-WA0054-120x90.jpg 120w, https:\/\/grundschule-hirsau.de\/wp-content\/uploads\/2025\/05\/IMG-20250430-WA0054.jpg 1600w\" sizes=\"auto, (max-width: 1024px) 100vw, 1024px\" \/><\/figure>\n\n\n\n<figure class=\"wp-block-image size-large\"><img loading=\"lazy\" decoding=\"async\" width=\"1024\" height=\"768\" data-id=\"3618\" src=\"https:\/\/grundschule-hirsau.de\/wp-content\/uploads\/2025\/05\/IMG-20250430-WA0055-1024x768.jpg\" alt=\"\" class=\"wp-image-3618\" srcset=\"https:\/\/grundschule-hirsau.de\/wp-content\/uploads\/2025\/05\/IMG-20250430-WA0055-1024x768.jpg 1024w, https:\/\/grundschule-hirsau.de\/wp-content\/uploads\/2025\/05\/IMG-20250430-WA0055-300x225.jpg 300w, https:\/\/grundschule-hirsau.de\/wp-content\/uploads\/2025\/05\/IMG-20250430-WA0055-768x576.jpg 768w, https:\/\/grundschule-hirsau.de\/wp-content\/uploads\/2025\/05\/IMG-20250430-WA0055-1536x1152.jpg 1536w, https:\/\/grundschule-hirsau.de\/wp-content\/uploads\/2025\/05\/IMG-20250430-WA0055-120x90.jpg 120w, https:\/\/grundschule-hirsau.de\/wp-content\/uploads\/2025\/05\/IMG-20250430-WA0055.jpg 1600w\" sizes=\"auto, (max-width: 1024px) 100vw, 1024px\" \/><\/figure>\n\n\n\n<figure class=\"wp-block-image size-large\"><img loading=\"lazy\" decoding=\"async\" width=\"1024\" height=\"768\" data-id=\"3624\" src=\"https:\/\/grundschule-hirsau.de\/wp-content\/uploads\/2025\/05\/IMG-20250430-WA0062-1024x768.jpg\" alt=\"\" class=\"wp-image-3624\" srcset=\"https:\/\/grundschule-hirsau.de\/wp-content\/uploads\/2025\/05\/IMG-20250430-WA0062-1024x768.jpg 1024w, https:\/\/grundschule-hirsau.de\/wp-content\/uploads\/2025\/05\/IMG-20250430-WA0062-300x225.jpg 300w, https:\/\/grundschule-hirsau.de\/wp-content\/uploads\/2025\/05\/IMG-20250430-WA0062-768x576.jpg 768w, https:\/\/grundschule-hirsau.de\/wp-content\/uploads\/2025\/05\/IMG-20250430-WA0062-1536x1152.jpg 1536w, https:\/\/grundschule-hirsau.de\/wp-content\/uploads\/2025\/05\/IMG-20250430-WA0062-120x90.jpg 120w, https:\/\/grundschule-hirsau.de\/wp-content\/uploads\/2025\/05\/IMG-20250430-WA0062.jpg 2000w\" sizes=\"auto, (max-width: 1024px) 100vw, 1024px\" \/><\/figure>\n\n\n\n<figure class=\"wp-block-image size-large\"><img loading=\"lazy\" decoding=\"async\" width=\"1024\" height=\"768\" data-id=\"3625\" src=\"https:\/\/grundschule-hirsau.de\/wp-content\/uploads\/2025\/05\/IMG-20250430-WA0068-1024x768.jpg\" alt=\"\" class=\"wp-image-3625\" srcset=\"https:\/\/grundschule-hirsau.de\/wp-content\/uploads\/2025\/05\/IMG-20250430-WA0068-1024x768.jpg 1024w, https:\/\/grundschule-hirsau.de\/wp-content\/uploads\/2025\/05\/IMG-20250430-WA0068-300x225.jpg 300w, https:\/\/grundschule-hirsau.de\/wp-content\/uploads\/2025\/05\/IMG-20250430-WA0068-768x576.jpg 768w, https:\/\/grundschule-hirsau.de\/wp-content\/uploads\/2025\/05\/IMG-20250430-WA0068-1536x1152.jpg 1536w, https:\/\/grundschule-hirsau.de\/wp-content\/uploads\/2025\/05\/IMG-20250430-WA0068-120x90.jpg 120w, https:\/\/grundschule-hirsau.de\/wp-content\/uploads\/2025\/05\/IMG-20250430-WA0068.jpg 2000w\" sizes=\"auto, (max-width: 1024px) 100vw, 1024px\" \/><\/figure>\n\n\n\n<figure class=\"wp-block-image size-large\"><img loading=\"lazy\" decoding=\"async\" width=\"1024\" height=\"768\" data-id=\"3623\" src=\"https:\/\/grundschule-hirsau.de\/wp-content\/uploads\/2025\/05\/IMG-20250430-WA0071-1024x768.jpg\" alt=\"\" class=\"wp-image-3623\" srcset=\"https:\/\/grundschule-hirsau.de\/wp-content\/uploads\/2025\/05\/IMG-20250430-WA0071-1024x768.jpg 1024w, https:\/\/grundschule-hirsau.de\/wp-content\/uploads\/2025\/05\/IMG-20250430-WA0071-300x225.jpg 300w, https:\/\/grundschule-hirsau.de\/wp-content\/uploads\/2025\/05\/IMG-20250430-WA0071-768x576.jpg 768w, https:\/\/grundschule-hirsau.de\/wp-content\/uploads\/2025\/05\/IMG-20250430-WA0071-1536x1152.jpg 1536w, https:\/\/grundschule-hirsau.de\/wp-content\/uploads\/2025\/05\/IMG-20250430-WA0071-120x90.jpg 120w, https:\/\/grundschule-hirsau.de\/wp-content\/uploads\/2025\/05\/IMG-20250430-WA0071.jpg 1600w\" sizes=\"auto, (max-width: 1024px) 100vw, 1024px\" \/><\/figure>\n\n\n\n<figure class=\"wp-block-image size-large\"><img loading=\"lazy\" decoding=\"async\" width=\"1024\" height=\"768\" data-id=\"3614\" src=\"https:\/\/grundschule-hirsau.de\/wp-content\/uploads\/2025\/05\/IMG-20250430-WA0020-1024x768.jpg\" alt=\"\" class=\"wp-image-3614\" srcset=\"https:\/\/grundschule-hirsau.de\/wp-content\/uploads\/2025\/05\/IMG-20250430-WA0020-1024x768.jpg 1024w, https:\/\/grundschule-hirsau.de\/wp-content\/uploads\/2025\/05\/IMG-20250430-WA0020-300x225.jpg 300w, https:\/\/grundschule-hirsau.de\/wp-content\/uploads\/2025\/05\/IMG-20250430-WA0020-768x576.jpg 768w, https:\/\/grundschule-hirsau.de\/wp-content\/uploads\/2025\/05\/IMG-20250430-WA0020-1536x1152.jpg 1536w, https:\/\/grundschule-hirsau.de\/wp-content\/uploads\/2025\/05\/IMG-20250430-WA0020-120x90.jpg 120w, https:\/\/grundschule-hirsau.de\/wp-content\/uploads\/2025\/05\/IMG-20250430-WA0020.jpg 2000w\" sizes=\"auto, (max-width: 1024px) 100vw, 1024px\" \/><\/figure>\n<\/figure>\n","protected":false},"excerpt":{"rendered":"<p>Mittelalterliche Abenteuer f\u00fcr die Klassen 1-4 der Grundschule Hirsau In der vergangenen Woche fanden an der Grundschule Hirsau die mit Spannung erwarteten Projekttage der Klassen 1 bis 4 statt. Die Sch\u00fclerinnen und Sch\u00fcler arbeiteten in jahrgangs\u00fcbergreifenden Gruppen zusammen, um in die faszinierende Welt des Mittelalters einzutauchen. Die Kinder waren begeistert, als sie erfuhren, dass sie&hellip;<\/p>\n","protected":false},"author":2,"featured_media":0,"parent":154,"menu_order":0,"comment_status":"closed","ping_status":"closed","template":"","meta":{"footnotes":""},"class_list":["post-3635","page","type-page","status-publish","hentry"],"_links":{"self":[{"href":"https:\/\/grundschule-hirsau.de\/index.php?rest_route=\/wp\/v2\/pages\/3635","targetHints":{"allow":["GET"]}}],"collection":[{"href":"https:\/\/grundschule-hirsau.de\/index.php?rest_route=\/wp\/v2\/pages"}],"about":[{"href":"https:\/\/grundschule-hirsau.de\/index.php?rest_route=\/wp\/v2\/types\/page"}],"author":[{"embeddable":true,"href":"https:\/\/grundschule-hirsau.de\/index.php?rest_route=\/wp\/v2\/users\/2"}],"replies":[{"embeddable":true,"href":"https:\/\/grundschule-hirsau.de\/index.php?rest_route=%2Fwp%2Fv2%2Fcomments&post=3635"}],"version-history":[{"count":1,"href":"https:\/\/grundschule-hirsau.de\/index.php?rest_route=\/wp\/v2\/pages\/3635\/revisions"}],"predecessor-version":[{"id":3636,"href":"https:\/\/grundschule-hirsau.de\/index.php?rest_route=\/wp\/v2\/pages\/3635\/revisions\/3636"}],"up":[{"embeddable":true,"href":"https:\/\/grundschule-hirsau.de\/index.php?rest_route=\/wp\/v2\/pages\/154"}],"wp:attachment":[{"href":"https:\/\/grundschule-hirsau.de\/index.php?rest_route=%2Fwp%2Fv2%2Fmedia&parent=3635"}],"curies":[{"name":"wp","href":"https:\/\/api.w.org\/{rel}","templated":true}]}}