{"id":3334,"date":"2024-10-10T12:55:21","date_gmt":"2024-10-10T10:55:21","guid":{"rendered":"https:\/\/grundschule-hirsau.de\/?page_id=3334"},"modified":"2024-10-10T12:55:21","modified_gmt":"2024-10-10T10:55:21","slug":"erste-hilfe-kurs-in-klasse-3-4","status":"publish","type":"page","link":"https:\/\/grundschule-hirsau.de\/?page_id=3334","title":{"rendered":"Erste Hilfe Kurs in Klasse 3\/4"},"content":{"rendered":"\n<p>Am 09.10.2024 war eine Mitarbeiterin des Deutschen Roten Kreuz (DRK) in den Klassen 3\/4 um mit unseren Sch\u00fcler*innen einen kleinen Erste Hilfe Kurs zu absolvieren.<\/p>\n\n\n\n<p>Wir lernten Eigenschutz und Sofortma\u00dfnahmen zu ergreifen, einen Notruf abzusetzen und Erste Hilfe zu leisten:<\/p>\n\n\n\n<p>Fingerkuppenverband, Streifen- und Rahmenverb\u00e4nde wurden angelegt, Verb\u00e4nde gewickelt und Trost gespendet.<\/p>\n\n\n\n<p>Es war eine interessante und sicher einpr\u00e4gende Erfahrung f\u00fcr uns alle.<\/p>\n\n\n\n<p>An diese Stelle auch vielen Dank an den DRK.<\/p>\n\n\n\n<figure class=\"wp-block-gallery has-nested-images columns-2 is-cropped wp-block-gallery-1 is-layout-flex wp-block-gallery-is-layout-flex\">\n<figure class=\"wp-block-image size-large\"><img loading=\"lazy\" decoding=\"async\" width=\"1024\" height=\"768\" data-id=\"3336\" src=\"https:\/\/grundschule-hirsau.de\/wp-content\/uploads\/2024\/10\/IMG_6793-1024x768.jpeg\" alt=\"\" class=\"wp-image-3336\" srcset=\"https:\/\/grundschule-hirsau.de\/wp-content\/uploads\/2024\/10\/IMG_6793-1024x768.jpeg 1024w, https:\/\/grundschule-hirsau.de\/wp-content\/uploads\/2024\/10\/IMG_6793-300x225.jpeg 300w, https:\/\/grundschule-hirsau.de\/wp-content\/uploads\/2024\/10\/IMG_6793-768x576.jpeg 768w, https:\/\/grundschule-hirsau.de\/wp-content\/uploads\/2024\/10\/IMG_6793-1536x1152.jpeg 1536w, https:\/\/grundschule-hirsau.de\/wp-content\/uploads\/2024\/10\/IMG_6793-2048x1536.jpeg 2048w, https:\/\/grundschule-hirsau.de\/wp-content\/uploads\/2024\/10\/IMG_6793-120x90.jpeg 120w\" sizes=\"auto, (max-width: 1024px) 100vw, 1024px\" \/><\/figure>\n\n\n\n<figure class=\"wp-block-image size-large\"><img loading=\"lazy\" decoding=\"async\" width=\"1024\" height=\"768\" data-id=\"3335\" src=\"https:\/\/grundschule-hirsau.de\/wp-content\/uploads\/2024\/10\/IMG_6794-1024x768.jpeg\" alt=\"\" class=\"wp-image-3335\" srcset=\"https:\/\/grundschule-hirsau.de\/wp-content\/uploads\/2024\/10\/IMG_6794-1024x768.jpeg 1024w, https:\/\/grundschule-hirsau.de\/wp-content\/uploads\/2024\/10\/IMG_6794-300x225.jpeg 300w, https:\/\/grundschule-hirsau.de\/wp-content\/uploads\/2024\/10\/IMG_6794-768x576.jpeg 768w, https:\/\/grundschule-hirsau.de\/wp-content\/uploads\/2024\/10\/IMG_6794-1536x1152.jpeg 1536w, https:\/\/grundschule-hirsau.de\/wp-content\/uploads\/2024\/10\/IMG_6794-2048x1536.jpeg 2048w, https:\/\/grundschule-hirsau.de\/wp-content\/uploads\/2024\/10\/IMG_6794-120x90.jpeg 120w\" sizes=\"auto, (max-width: 1024px) 100vw, 1024px\" \/><\/figure>\n\n\n\n<figure class=\"wp-block-image size-large\"><img loading=\"lazy\" decoding=\"async\" width=\"1024\" height=\"768\" data-id=\"3337\" src=\"https:\/\/grundschule-hirsau.de\/wp-content\/uploads\/2024\/10\/IMG_6797-1024x768.jpeg\" alt=\"\" class=\"wp-image-3337\" srcset=\"https:\/\/grundschule-hirsau.de\/wp-content\/uploads\/2024\/10\/IMG_6797-1024x768.jpeg 1024w, https:\/\/grundschule-hirsau.de\/wp-content\/uploads\/2024\/10\/IMG_6797-300x225.jpeg 300w, https:\/\/grundschule-hirsau.de\/wp-content\/uploads\/2024\/10\/IMG_6797-768x576.jpeg 768w, https:\/\/grundschule-hirsau.de\/wp-content\/uploads\/2024\/10\/IMG_6797-1536x1152.jpeg 1536w, https:\/\/grundschule-hirsau.de\/wp-content\/uploads\/2024\/10\/IMG_6797-2048x1536.jpeg 2048w, https:\/\/grundschule-hirsau.de\/wp-content\/uploads\/2024\/10\/IMG_6797-120x90.jpeg 120w\" sizes=\"auto, (max-width: 1024px) 100vw, 1024px\" \/><\/figure>\n\n\n\n<figure class=\"wp-block-image size-large\"><img loading=\"lazy\" decoding=\"async\" width=\"768\" height=\"1024\" data-id=\"3338\" src=\"https:\/\/grundschule-hirsau.de\/wp-content\/uploads\/2024\/10\/IMG_6800-768x1024.jpeg\" alt=\"\" class=\"wp-image-3338\" srcset=\"https:\/\/grundschule-hirsau.de\/wp-content\/uploads\/2024\/10\/IMG_6800-768x1024.jpeg 768w, https:\/\/grundschule-hirsau.de\/wp-content\/uploads\/2024\/10\/IMG_6800-225x300.jpeg 225w, https:\/\/grundschule-hirsau.de\/wp-content\/uploads\/2024\/10\/IMG_6800-1152x1536.jpeg 1152w, https:\/\/grundschule-hirsau.de\/wp-content\/uploads\/2024\/10\/IMG_6800-1536x2048.jpeg 1536w, https:\/\/grundschule-hirsau.de\/wp-content\/uploads\/2024\/10\/IMG_6800-scaled.jpeg 1920w\" sizes=\"auto, (max-width: 768px) 100vw, 768px\" \/><\/figure>\n<\/figure>\n","protected":false},"excerpt":{"rendered":"<p>Am 09.10.2024 war eine Mitarbeiterin des Deutschen Roten Kreuz (DRK) in den Klassen 3\/4 um mit unseren Sch\u00fcler*innen einen kleinen Erste Hilfe Kurs zu absolvieren. Wir lernten Eigenschutz und Sofortma\u00dfnahmen zu ergreifen, einen Notruf abzusetzen und Erste Hilfe zu leisten: Fingerkuppenverband, Streifen- und Rahmenverb\u00e4nde wurden angelegt, Verb\u00e4nde gewickelt und Trost gespendet. Es war eine interessante&hellip;<\/p>\n","protected":false},"author":2,"featured_media":0,"parent":0,"menu_order":0,"comment_status":"closed","ping_status":"closed","template":"","meta":{"footnotes":""},"class_list":["post-3334","page","type-page","status-publish","hentry"],"_links":{"self":[{"href":"https:\/\/grundschule-hirsau.de\/index.php?rest_route=\/wp\/v2\/pages\/3334","targetHints":{"allow":["GET"]}}],"collection":[{"href":"https:\/\/grundschule-hirsau.de\/index.php?rest_route=\/wp\/v2\/pages"}],"about":[{"href":"https:\/\/grundschule-hirsau.de\/index.php?rest_route=\/wp\/v2\/types\/page"}],"author":[{"embeddable":true,"href":"https:\/\/grundschule-hirsau.de\/index.php?rest_route=\/wp\/v2\/users\/2"}],"replies":[{"embeddable":true,"href":"https:\/\/grundschule-hirsau.de\/index.php?rest_route=%2Fwp%2Fv2%2Fcomments&post=3334"}],"version-history":[{"count":1,"href":"https:\/\/grundschule-hirsau.de\/index.php?rest_route=\/wp\/v2\/pages\/3334\/revisions"}],"predecessor-version":[{"id":3340,"href":"https:\/\/grundschule-hirsau.de\/index.php?rest_route=\/wp\/v2\/pages\/3334\/revisions\/3340"}],"wp:attachment":[{"href":"https:\/\/grundschule-hirsau.de\/index.php?rest_route=%2Fwp%2Fv2%2Fmedia&parent=3334"}],"curies":[{"name":"wp","href":"https:\/\/api.w.org\/{rel}","templated":true}]}}