{"id":319,"date":"2020-05-23T13:43:40","date_gmt":"2020-05-23T11:43:40","guid":{"rendered":"https:\/\/grundschule-hirsau.de\/?page_id=319"},"modified":"2026-02-04T09:25:28","modified_gmt":"2026-02-04T08:25:28","slug":"klasse-3-4-b","status":"publish","type":"page","link":"https:\/\/grundschule-hirsau.de\/?page_id=319","title":{"rendered":"Klasse 3\/4 b"},"content":{"rendered":"\n<p class=\"has-text-align-center has-vivid-green-cyan-background-color has-background has-large-font-size\">Ern\u00e4hrungsf\u00fchrerschein<\/p>\n\n\n\n<p class=\"has-text-align-center\">Die Kinder der 3\/4 a und b machen aktuell ihren Ern\u00e4hrungsf\u00fchrerschein.<\/p>\n\n\n\n<p class=\"has-text-align-center\">Dazu wurde in der 1. Unterrichtseinheit gemeinsam Knabbergem\u00fcse mit Dip gemacht. Es folgten Knabbergem\u00fcse mit Kr\u00e4uterdip, Kartoffeln und Schlemmerquark.<\/p>\n\n\n\n<p class=\"has-text-align-center\">So geht Schule gesund!<\/p>\n\n\n\n<figure class=\"wp-block-gallery has-nested-images columns-default is-cropped wp-block-gallery-1 is-layout-flex wp-block-gallery-is-layout-flex\">\n<figure class=\"wp-block-image size-large\"><img loading=\"lazy\" decoding=\"async\" width=\"480\" height=\"640\" data-id=\"4591\" src=\"https:\/\/grundschule-hirsau.de\/wp-content\/uploads\/2026\/02\/IMG_7282-rotated.jpeg\" alt=\"\" class=\"wp-image-4591\" srcset=\"https:\/\/grundschule-hirsau.de\/wp-content\/uploads\/2026\/02\/IMG_7282-rotated.jpeg 480w, https:\/\/grundschule-hirsau.de\/wp-content\/uploads\/2026\/02\/IMG_7282-225x300.jpeg 225w\" sizes=\"auto, (max-width: 480px) 100vw, 480px\" \/><\/figure>\n\n\n\n<figure class=\"wp-block-image size-large\"><img loading=\"lazy\" decoding=\"async\" width=\"480\" height=\"640\" data-id=\"4589\" src=\"https:\/\/grundschule-hirsau.de\/wp-content\/uploads\/2026\/02\/IMG_7283-rotated.jpeg\" alt=\"\" class=\"wp-image-4589\" srcset=\"https:\/\/grundschule-hirsau.de\/wp-content\/uploads\/2026\/02\/IMG_7283-rotated.jpeg 480w, https:\/\/grundschule-hirsau.de\/wp-content\/uploads\/2026\/02\/IMG_7283-225x300.jpeg 225w\" sizes=\"auto, (max-width: 480px) 100vw, 480px\" \/><\/figure>\n<\/figure>\n\n\n\n<p><\/p>\n\n\n\n<figure class=\"wp-block-gallery has-nested-images columns-default is-cropped wp-block-gallery-2 is-layout-flex wp-block-gallery-is-layout-flex\">\n<figure class=\"wp-block-image size-large\"><img loading=\"lazy\" decoding=\"async\" width=\"480\" height=\"640\" data-id=\"4592\" src=\"https:\/\/grundschule-hirsau.de\/wp-content\/uploads\/2026\/02\/IMG_7284-rotated.jpeg\" alt=\"\" class=\"wp-image-4592\" srcset=\"https:\/\/grundschule-hirsau.de\/wp-content\/uploads\/2026\/02\/IMG_7284-rotated.jpeg 480w, https:\/\/grundschule-hirsau.de\/wp-content\/uploads\/2026\/02\/IMG_7284-225x300.jpeg 225w\" sizes=\"auto, (max-width: 480px) 100vw, 480px\" \/><\/figure>\n\n\n\n<figure class=\"wp-block-image size-large\"><img loading=\"lazy\" decoding=\"async\" width=\"480\" height=\"640\" data-id=\"4593\" src=\"https:\/\/grundschule-hirsau.de\/wp-content\/uploads\/2026\/02\/IMG_7285-rotated.jpeg\" alt=\"\" class=\"wp-image-4593\" srcset=\"https:\/\/grundschule-hirsau.de\/wp-content\/uploads\/2026\/02\/IMG_7285-rotated.jpeg 480w, https:\/\/grundschule-hirsau.de\/wp-content\/uploads\/2026\/02\/IMG_7285-225x300.jpeg 225w\" sizes=\"auto, (max-width: 480px) 100vw, 480px\" \/><\/figure>\n<\/figure>\n\n\n\n<p><\/p>\n\n\n<div class=\"wp-block-image\">\n<figure class=\"aligncenter size-full\"><img loading=\"lazy\" decoding=\"async\" width=\"480\" height=\"640\" src=\"https:\/\/grundschule-hirsau.de\/wp-content\/uploads\/2026\/02\/IMG_7287-rotated.jpeg\" alt=\"\" class=\"wp-image-4594\" srcset=\"https:\/\/grundschule-hirsau.de\/wp-content\/uploads\/2026\/02\/IMG_7287-rotated.jpeg 480w, https:\/\/grundschule-hirsau.de\/wp-content\/uploads\/2026\/02\/IMG_7287-225x300.jpeg 225w\" sizes=\"auto, (max-width: 480px) 100vw, 480px\" \/><\/figure>\n<\/div>\n\n\n<p><\/p>\n\n\n\n<figure class=\"wp-block-gallery has-nested-images columns-default is-cropped wp-block-gallery-3 is-layout-flex wp-block-gallery-is-layout-flex\">\n<figure class=\"wp-block-image size-large\"><img loading=\"lazy\" decoding=\"async\" width=\"640\" height=\"480\" data-id=\"4582\" src=\"https:\/\/grundschule-hirsau.de\/wp-content\/uploads\/2026\/01\/IMG_7241.jpeg\" alt=\"\" class=\"wp-image-4582\" srcset=\"https:\/\/grundschule-hirsau.de\/wp-content\/uploads\/2026\/01\/IMG_7241.jpeg 640w, https:\/\/grundschule-hirsau.de\/wp-content\/uploads\/2026\/01\/IMG_7241-300x225.jpeg 300w, https:\/\/grundschule-hirsau.de\/wp-content\/uploads\/2026\/01\/IMG_7241-120x90.jpeg 120w\" sizes=\"auto, (max-width: 640px) 100vw, 640px\" \/><\/figure>\n\n\n\n<figure class=\"wp-block-image size-large\"><img loading=\"lazy\" decoding=\"async\" width=\"640\" height=\"480\" data-id=\"4583\" src=\"https:\/\/grundschule-hirsau.de\/wp-content\/uploads\/2026\/01\/IMG_7242.jpeg\" alt=\"\" class=\"wp-image-4583\" srcset=\"https:\/\/grundschule-hirsau.de\/wp-content\/uploads\/2026\/01\/IMG_7242.jpeg 640w, https:\/\/grundschule-hirsau.de\/wp-content\/uploads\/2026\/01\/IMG_7242-300x225.jpeg 300w, https:\/\/grundschule-hirsau.de\/wp-content\/uploads\/2026\/01\/IMG_7242-120x90.jpeg 120w\" sizes=\"auto, (max-width: 640px) 100vw, 640px\" \/><\/figure>\n<\/figure>\n\n\n\n<p><\/p>\n\n\n<div class=\"wp-block-image\">\n<figure class=\"aligncenter size-full\"><img loading=\"lazy\" decoding=\"async\" width=\"640\" height=\"480\" src=\"https:\/\/grundschule-hirsau.de\/wp-content\/uploads\/2026\/01\/IMG_7243.jpeg\" alt=\"\" class=\"wp-image-4585\" srcset=\"https:\/\/grundschule-hirsau.de\/wp-content\/uploads\/2026\/01\/IMG_7243.jpeg 640w, https:\/\/grundschule-hirsau.de\/wp-content\/uploads\/2026\/01\/IMG_7243-300x225.jpeg 300w, https:\/\/grundschule-hirsau.de\/wp-content\/uploads\/2026\/01\/IMG_7243-120x90.jpeg 120w\" sizes=\"auto, (max-width: 640px) 100vw, 640px\" \/><\/figure>\n<\/div>\n\n\n<p><\/p>\n\n\n\n<figure class=\"wp-block-gallery has-nested-images columns-default is-cropped wp-block-gallery-4 is-layout-flex wp-block-gallery-is-layout-flex\">\n<figure class=\"wp-block-image size-large\"><img loading=\"lazy\" decoding=\"async\" width=\"480\" height=\"640\" data-id=\"4560\" src=\"https:\/\/grundschule-hirsau.de\/wp-content\/uploads\/2026\/01\/IMG_7196-rotated.jpeg\" alt=\"\" class=\"wp-image-4560\" srcset=\"https:\/\/grundschule-hirsau.de\/wp-content\/uploads\/2026\/01\/IMG_7196-rotated.jpeg 480w, https:\/\/grundschule-hirsau.de\/wp-content\/uploads\/2026\/01\/IMG_7196-225x300.jpeg 225w\" sizes=\"auto, (max-width: 480px) 100vw, 480px\" \/><\/figure>\n\n\n\n<figure class=\"wp-block-image size-large\"><img loading=\"lazy\" decoding=\"async\" width=\"480\" height=\"640\" data-id=\"4562\" src=\"https:\/\/grundschule-hirsau.de\/wp-content\/uploads\/2026\/01\/IMG_7197-rotated.jpeg\" alt=\"\" class=\"wp-image-4562\" srcset=\"https:\/\/grundschule-hirsau.de\/wp-content\/uploads\/2026\/01\/IMG_7197-rotated.jpeg 480w, https:\/\/grundschule-hirsau.de\/wp-content\/uploads\/2026\/01\/IMG_7197-225x300.jpeg 225w\" sizes=\"auto, (max-width: 480px) 100vw, 480px\" \/><\/figure>\n<\/figure>\n\n\n\n<p><\/p>\n\n\n\n<figure class=\"wp-block-gallery has-nested-images columns-default is-cropped wp-block-gallery-5 is-layout-flex wp-block-gallery-is-layout-flex\">\n<figure class=\"wp-block-image size-large\"><img loading=\"lazy\" decoding=\"async\" width=\"480\" height=\"640\" data-id=\"4563\" src=\"https:\/\/grundschule-hirsau.de\/wp-content\/uploads\/2026\/01\/IMG_7198-rotated.jpeg\" alt=\"\" class=\"wp-image-4563\" srcset=\"https:\/\/grundschule-hirsau.de\/wp-content\/uploads\/2026\/01\/IMG_7198-rotated.jpeg 480w, https:\/\/grundschule-hirsau.de\/wp-content\/uploads\/2026\/01\/IMG_7198-225x300.jpeg 225w\" sizes=\"auto, (max-width: 480px) 100vw, 480px\" \/><\/figure>\n\n\n\n<figure class=\"wp-block-image size-large\"><img loading=\"lazy\" decoding=\"async\" width=\"480\" height=\"640\" data-id=\"4564\" src=\"https:\/\/grundschule-hirsau.de\/wp-content\/uploads\/2026\/01\/IMG_7199-rotated.jpeg\" alt=\"\" class=\"wp-image-4564\" srcset=\"https:\/\/grundschule-hirsau.de\/wp-content\/uploads\/2026\/01\/IMG_7199-rotated.jpeg 480w, https:\/\/grundschule-hirsau.de\/wp-content\/uploads\/2026\/01\/IMG_7199-225x300.jpeg 225w\" sizes=\"auto, (max-width: 480px) 100vw, 480px\" \/><\/figure>\n<\/figure>\n\n\n\n<p><\/p>\n\n\n\n<figure class=\"wp-block-gallery has-nested-images columns-default is-cropped wp-block-gallery-6 is-layout-flex wp-block-gallery-is-layout-flex\">\n<figure class=\"wp-block-image size-large\"><img loading=\"lazy\" decoding=\"async\" width=\"480\" height=\"640\" data-id=\"4565\" src=\"https:\/\/grundschule-hirsau.de\/wp-content\/uploads\/2026\/01\/IMG_7200-rotated.jpeg\" alt=\"\" class=\"wp-image-4565\" srcset=\"https:\/\/grundschule-hirsau.de\/wp-content\/uploads\/2026\/01\/IMG_7200-rotated.jpeg 480w, https:\/\/grundschule-hirsau.de\/wp-content\/uploads\/2026\/01\/IMG_7200-225x300.jpeg 225w\" sizes=\"auto, (max-width: 480px) 100vw, 480px\" \/><\/figure>\n\n\n\n<figure class=\"wp-block-image size-large\"><img loading=\"lazy\" decoding=\"async\" width=\"640\" height=\"480\" data-id=\"4566\" src=\"https:\/\/grundschule-hirsau.de\/wp-content\/uploads\/2026\/01\/IMG_7201.jpeg\" alt=\"\" class=\"wp-image-4566\" srcset=\"https:\/\/grundschule-hirsau.de\/wp-content\/uploads\/2026\/01\/IMG_7201.jpeg 640w, https:\/\/grundschule-hirsau.de\/wp-content\/uploads\/2026\/01\/IMG_7201-300x225.jpeg 300w, https:\/\/grundschule-hirsau.de\/wp-content\/uploads\/2026\/01\/IMG_7201-120x90.jpeg 120w\" sizes=\"auto, (max-width: 640px) 100vw, 640px\" \/><\/figure>\n<\/figure>\n\n\n\n<p><\/p>\n\n\n\n<figure class=\"wp-block-gallery has-nested-images columns-default is-cropped wp-block-gallery-7 is-layout-flex wp-block-gallery-is-layout-flex\">\n<figure class=\"wp-block-image size-large\"><img loading=\"lazy\" decoding=\"async\" width=\"640\" height=\"480\" data-id=\"4567\" src=\"https:\/\/grundschule-hirsau.de\/wp-content\/uploads\/2026\/01\/IMG_7202.jpeg\" alt=\"\" class=\"wp-image-4567\" srcset=\"https:\/\/grundschule-hirsau.de\/wp-content\/uploads\/2026\/01\/IMG_7202.jpeg 640w, https:\/\/grundschule-hirsau.de\/wp-content\/uploads\/2026\/01\/IMG_7202-300x225.jpeg 300w, https:\/\/grundschule-hirsau.de\/wp-content\/uploads\/2026\/01\/IMG_7202-120x90.jpeg 120w\" sizes=\"auto, (max-width: 640px) 100vw, 640px\" \/><\/figure>\n\n\n\n<figure class=\"wp-block-image size-large\"><img loading=\"lazy\" decoding=\"async\" width=\"640\" height=\"480\" data-id=\"4569\" src=\"https:\/\/grundschule-hirsau.de\/wp-content\/uploads\/2026\/01\/IMG_7203.jpeg\" alt=\"\" class=\"wp-image-4569\" srcset=\"https:\/\/grundschule-hirsau.de\/wp-content\/uploads\/2026\/01\/IMG_7203.jpeg 640w, https:\/\/grundschule-hirsau.de\/wp-content\/uploads\/2026\/01\/IMG_7203-300x225.jpeg 300w, https:\/\/grundschule-hirsau.de\/wp-content\/uploads\/2026\/01\/IMG_7203-120x90.jpeg 120w\" sizes=\"auto, (max-width: 640px) 100vw, 640px\" \/><\/figure>\n<\/figure>\n\n\n\n<p><\/p>\n\n\n\n<p class=\"has-text-align-center has-white-color has-vivid-green-cyan-background-color has-text-color has-background has-large-font-size\">Das sind wir!<\/p>\n\n\n\n<p class=\"has-text-align-center has-large-font-size\">Schuljahr 2025\/2026<\/p>\n\n\n<div class=\"wp-block-image\">\n<figure class=\"aligncenter size-large\"><img loading=\"lazy\" decoding=\"async\" width=\"1024\" height=\"768\" src=\"https:\/\/grundschule-hirsau.de\/wp-content\/uploads\/2025\/11\/b2-1-1024x768.jpg\" alt=\"\" class=\"wp-image-4110\" srcset=\"https:\/\/grundschule-hirsau.de\/wp-content\/uploads\/2025\/11\/b2-1-1024x768.jpg 1024w, https:\/\/grundschule-hirsau.de\/wp-content\/uploads\/2025\/11\/b2-1-300x225.jpg 300w, https:\/\/grundschule-hirsau.de\/wp-content\/uploads\/2025\/11\/b2-1-768x576.jpg 768w, https:\/\/grundschule-hirsau.de\/wp-content\/uploads\/2025\/11\/b2-1-1536x1152.jpg 1536w, https:\/\/grundschule-hirsau.de\/wp-content\/uploads\/2025\/11\/b2-1-2048x1536.jpg 2048w, https:\/\/grundschule-hirsau.de\/wp-content\/uploads\/2025\/11\/b2-1-120x90.jpg 120w\" sizes=\"auto, (max-width: 1024px) 100vw, 1024px\" \/><\/figure>\n<\/div>\n\n\n<p class=\"has-text-align-center has-large-font-size\">Schuljahr 2024\/25<\/p>\n\n\n\n<figure class=\"wp-block-image size-large\"><img loading=\"lazy\" decoding=\"async\" width=\"1024\" height=\"768\" src=\"https:\/\/grundschule-hirsau.de\/wp-content\/uploads\/2024\/10\/IMG-20240930-WA0002-1024x768.jpg\" alt=\"\" class=\"wp-image-3322\" srcset=\"https:\/\/grundschule-hirsau.de\/wp-content\/uploads\/2024\/10\/IMG-20240930-WA0002-1024x768.jpg 1024w, https:\/\/grundschule-hirsau.de\/wp-content\/uploads\/2024\/10\/IMG-20240930-WA0002-300x225.jpg 300w, https:\/\/grundschule-hirsau.de\/wp-content\/uploads\/2024\/10\/IMG-20240930-WA0002-768x576.jpg 768w, https:\/\/grundschule-hirsau.de\/wp-content\/uploads\/2024\/10\/IMG-20240930-WA0002-1536x1152.jpg 1536w, https:\/\/grundschule-hirsau.de\/wp-content\/uploads\/2024\/10\/IMG-20240930-WA0002-120x90.jpg 120w, https:\/\/grundschule-hirsau.de\/wp-content\/uploads\/2024\/10\/IMG-20240930-WA0002.jpg 1600w\" sizes=\"auto, (max-width: 1024px) 100vw, 1024px\" \/><\/figure>\n\n\n\n<p class=\"has-text-align-center has-large-font-size\"><\/p>\n\n\n\n<p><\/p>\n\n\n\n<p class=\"has-text-align-center\"><\/p>\n\n\n\n<p class=\"has-text-align-center\"><\/p>\n\n\n\n<p><\/p>\n","protected":false},"excerpt":{"rendered":"<p>Ern\u00e4hrungsf\u00fchrerschein Die Kinder der 3\/4 a und b machen aktuell ihren Ern\u00e4hrungsf\u00fchrerschein. Dazu wurde in der 1. Unterrichtseinheit gemeinsam Knabbergem\u00fcse mit Dip gemacht. Es folgten Knabbergem\u00fcse mit Kr\u00e4uterdip, Kartoffeln und Schlemmerquark. So geht Schule gesund! Das sind wir! Schuljahr 2025\/2026 Schuljahr 2024\/25<\/p>\n","protected":false},"author":2,"featured_media":0,"parent":0,"menu_order":0,"comment_status":"closed","ping_status":"closed","template":"","meta":{"footnotes":""},"class_list":["post-319","page","type-page","status-publish","hentry"],"_links":{"self":[{"href":"https:\/\/grundschule-hirsau.de\/index.php?rest_route=\/wp\/v2\/pages\/319","targetHints":{"allow":["GET"]}}],"collection":[{"href":"https:\/\/grundschule-hirsau.de\/index.php?rest_route=\/wp\/v2\/pages"}],"about":[{"href":"https:\/\/grundschule-hirsau.de\/index.php?rest_route=\/wp\/v2\/types\/page"}],"author":[{"embeddable":true,"href":"https:\/\/grundschule-hirsau.de\/index.php?rest_route=\/wp\/v2\/users\/2"}],"replies":[{"embeddable":true,"href":"https:\/\/grundschule-hirsau.de\/index.php?rest_route=%2Fwp%2Fv2%2Fcomments&post=319"}],"version-history":[{"count":15,"href":"https:\/\/grundschule-hirsau.de\/index.php?rest_route=\/wp\/v2\/pages\/319\/revisions"}],"predecessor-version":[{"id":4597,"href":"https:\/\/grundschule-hirsau.de\/index.php?rest_route=\/wp\/v2\/pages\/319\/revisions\/4597"}],"wp:attachment":[{"href":"https:\/\/grundschule-hirsau.de\/index.php?rest_route=%2Fwp%2Fv2%2Fmedia&parent=319"}],"curies":[{"name":"wp","href":"https:\/\/api.w.org\/{rel}","templated":true}]}}