{"id":3019,"date":"2024-04-30T13:28:00","date_gmt":"2024-04-30T11:28:00","guid":{"rendered":"https:\/\/grundschule-hirsau.de\/?page_id=3019"},"modified":"2024-04-30T13:38:52","modified_gmt":"2024-04-30T11:38:52","slug":"maerchenhafte-projekttage","status":"publish","type":"page","link":"https:\/\/grundschule-hirsau.de\/?page_id=3019","title":{"rendered":"m\u00e4rchenhafte Projekttage"},"content":{"rendered":"\n<p class=\"has-text-align-center has-pale-pink-background-color has-background has-medium-font-size\">In der M\u00e4rchenwerkstatt wird gebastelt. <\/p>\n\n\n\n<figure class=\"wp-block-gallery has-nested-images columns-default is-cropped wp-block-gallery-1 is-layout-flex wp-block-gallery-is-layout-flex\">\n<figure class=\"wp-block-image size-large\"><img loading=\"lazy\" decoding=\"async\" width=\"768\" height=\"1024\" data-id=\"3021\" src=\"https:\/\/grundschule-hirsau.de\/wp-content\/uploads\/2024\/04\/0b9852e4-d5af-4b7e-9aba-e6486f1e1b7e-768x1024.jpg\" alt=\"\" class=\"wp-image-3021\" srcset=\"https:\/\/grundschule-hirsau.de\/wp-content\/uploads\/2024\/04\/0b9852e4-d5af-4b7e-9aba-e6486f1e1b7e-768x1024.jpg 768w, https:\/\/grundschule-hirsau.de\/wp-content\/uploads\/2024\/04\/0b9852e4-d5af-4b7e-9aba-e6486f1e1b7e-225x300.jpg 225w, https:\/\/grundschule-hirsau.de\/wp-content\/uploads\/2024\/04\/0b9852e4-d5af-4b7e-9aba-e6486f1e1b7e-1152x1536.jpg 1152w, https:\/\/grundschule-hirsau.de\/wp-content\/uploads\/2024\/04\/0b9852e4-d5af-4b7e-9aba-e6486f1e1b7e.jpg 1536w\" sizes=\"auto, (max-width: 768px) 100vw, 768px\" \/><\/figure>\n\n\n\n<figure class=\"wp-block-image size-large\"><img loading=\"lazy\" decoding=\"async\" width=\"768\" height=\"1024\" data-id=\"3042\" src=\"https:\/\/grundschule-hirsau.de\/wp-content\/uploads\/2024\/04\/image_67222785-768x1024.jpg\" alt=\"\" class=\"wp-image-3042\" srcset=\"https:\/\/grundschule-hirsau.de\/wp-content\/uploads\/2024\/04\/image_67222785-768x1024.jpg 768w, https:\/\/grundschule-hirsau.de\/wp-content\/uploads\/2024\/04\/image_67222785-225x300.jpg 225w, https:\/\/grundschule-hirsau.de\/wp-content\/uploads\/2024\/04\/image_67222785-1152x1536.jpg 1152w, https:\/\/grundschule-hirsau.de\/wp-content\/uploads\/2024\/04\/image_67222785-1536x2048.jpg 1536w, https:\/\/grundschule-hirsau.de\/wp-content\/uploads\/2024\/04\/image_67222785-scaled.jpg 1920w\" sizes=\"auto, (max-width: 768px) 100vw, 768px\" \/><\/figure>\n\n\n\n<figure class=\"wp-block-image size-large\"><img loading=\"lazy\" decoding=\"async\" width=\"974\" height=\"1024\" data-id=\"3022\" src=\"https:\/\/grundschule-hirsau.de\/wp-content\/uploads\/2024\/04\/2eb7f88b-4839-4a8f-9526-ebaf34291113-974x1024.jpg\" alt=\"\" class=\"wp-image-3022\" srcset=\"https:\/\/grundschule-hirsau.de\/wp-content\/uploads\/2024\/04\/2eb7f88b-4839-4a8f-9526-ebaf34291113-974x1024.jpg 974w, https:\/\/grundschule-hirsau.de\/wp-content\/uploads\/2024\/04\/2eb7f88b-4839-4a8f-9526-ebaf34291113-285x300.jpg 285w, https:\/\/grundschule-hirsau.de\/wp-content\/uploads\/2024\/04\/2eb7f88b-4839-4a8f-9526-ebaf34291113-768x808.jpg 768w, https:\/\/grundschule-hirsau.de\/wp-content\/uploads\/2024\/04\/2eb7f88b-4839-4a8f-9526-ebaf34291113-1461x1536.jpg 1461w, https:\/\/grundschule-hirsau.de\/wp-content\/uploads\/2024\/04\/2eb7f88b-4839-4a8f-9526-ebaf34291113.jpg 1536w\" sizes=\"auto, (max-width: 974px) 100vw, 974px\" \/><\/figure>\n<\/figure>\n\n\n\n<figure class=\"wp-block-gallery has-nested-images columns-default is-cropped wp-block-gallery-2 is-layout-flex wp-block-gallery-is-layout-flex\">\n<figure class=\"wp-block-image size-large\"><img loading=\"lazy\" decoding=\"async\" width=\"1024\" height=\"768\" data-id=\"3023\" src=\"https:\/\/grundschule-hirsau.de\/wp-content\/uploads\/2024\/04\/cf5ace40-73a7-4ec1-a2b5-af63ec321f85-1024x768.jpg\" alt=\"\" class=\"wp-image-3023\" srcset=\"https:\/\/grundschule-hirsau.de\/wp-content\/uploads\/2024\/04\/cf5ace40-73a7-4ec1-a2b5-af63ec321f85-1024x768.jpg 1024w, https:\/\/grundschule-hirsau.de\/wp-content\/uploads\/2024\/04\/cf5ace40-73a7-4ec1-a2b5-af63ec321f85-300x225.jpg 300w, https:\/\/grundschule-hirsau.de\/wp-content\/uploads\/2024\/04\/cf5ace40-73a7-4ec1-a2b5-af63ec321f85-768x576.jpg 768w, https:\/\/grundschule-hirsau.de\/wp-content\/uploads\/2024\/04\/cf5ace40-73a7-4ec1-a2b5-af63ec321f85-1536x1152.jpg 1536w, https:\/\/grundschule-hirsau.de\/wp-content\/uploads\/2024\/04\/cf5ace40-73a7-4ec1-a2b5-af63ec321f85-120x90.jpg 120w, https:\/\/grundschule-hirsau.de\/wp-content\/uploads\/2024\/04\/cf5ace40-73a7-4ec1-a2b5-af63ec321f85.jpg 2048w\" sizes=\"auto, (max-width: 1024px) 100vw, 1024px\" \/><\/figure>\n\n\n\n<figure class=\"wp-block-image size-large\"><img loading=\"lazy\" decoding=\"async\" width=\"1024\" height=\"768\" data-id=\"3025\" src=\"https:\/\/grundschule-hirsau.de\/wp-content\/uploads\/2024\/04\/b2fd8711-a94a-4ef5-aa6d-0312ba9e5f8f-1024x768.jpg\" alt=\"\" class=\"wp-image-3025\" srcset=\"https:\/\/grundschule-hirsau.de\/wp-content\/uploads\/2024\/04\/b2fd8711-a94a-4ef5-aa6d-0312ba9e5f8f-1024x768.jpg 1024w, https:\/\/grundschule-hirsau.de\/wp-content\/uploads\/2024\/04\/b2fd8711-a94a-4ef5-aa6d-0312ba9e5f8f-300x225.jpg 300w, https:\/\/grundschule-hirsau.de\/wp-content\/uploads\/2024\/04\/b2fd8711-a94a-4ef5-aa6d-0312ba9e5f8f-768x576.jpg 768w, https:\/\/grundschule-hirsau.de\/wp-content\/uploads\/2024\/04\/b2fd8711-a94a-4ef5-aa6d-0312ba9e5f8f-1536x1152.jpg 1536w, https:\/\/grundschule-hirsau.de\/wp-content\/uploads\/2024\/04\/b2fd8711-a94a-4ef5-aa6d-0312ba9e5f8f-120x90.jpg 120w, https:\/\/grundschule-hirsau.de\/wp-content\/uploads\/2024\/04\/b2fd8711-a94a-4ef5-aa6d-0312ba9e5f8f.jpg 2048w\" sizes=\"auto, (max-width: 1024px) 100vw, 1024px\" \/><\/figure>\n\n\n\n<figure class=\"wp-block-image size-large\"><img loading=\"lazy\" decoding=\"async\" width=\"1024\" height=\"768\" data-id=\"3026\" src=\"https:\/\/grundschule-hirsau.de\/wp-content\/uploads\/2024\/04\/1634ad9f-83ca-4d85-8e0c-b58800d6ea53-1024x768.jpg\" alt=\"\" class=\"wp-image-3026\" srcset=\"https:\/\/grundschule-hirsau.de\/wp-content\/uploads\/2024\/04\/1634ad9f-83ca-4d85-8e0c-b58800d6ea53-1024x768.jpg 1024w, https:\/\/grundschule-hirsau.de\/wp-content\/uploads\/2024\/04\/1634ad9f-83ca-4d85-8e0c-b58800d6ea53-300x225.jpg 300w, https:\/\/grundschule-hirsau.de\/wp-content\/uploads\/2024\/04\/1634ad9f-83ca-4d85-8e0c-b58800d6ea53-768x576.jpg 768w, https:\/\/grundschule-hirsau.de\/wp-content\/uploads\/2024\/04\/1634ad9f-83ca-4d85-8e0c-b58800d6ea53-1536x1152.jpg 1536w, https:\/\/grundschule-hirsau.de\/wp-content\/uploads\/2024\/04\/1634ad9f-83ca-4d85-8e0c-b58800d6ea53-120x90.jpg 120w, https:\/\/grundschule-hirsau.de\/wp-content\/uploads\/2024\/04\/1634ad9f-83ca-4d85-8e0c-b58800d6ea53.jpg 2048w\" sizes=\"auto, (max-width: 1024px) 100vw, 1024px\" \/><\/figure>\n<\/figure>\n\n\n\n<p class=\"has-text-align-center has-black-color has-light-green-cyan-background-color has-text-color has-background has-link-color has-medium-font-size wp-elements-9567c8326e66b200611e930d9cadd785\">In den M\u00e4rchenzimmern wird ger\u00e4tselt, gerechnet, gespielt und gemalt.<\/p>\n\n\n\n<figure class=\"wp-block-gallery has-nested-images columns-2 is-cropped wp-block-gallery-3 is-layout-flex wp-block-gallery-is-layout-flex\">\n<figure class=\"wp-block-image size-large\"><img loading=\"lazy\" decoding=\"async\" width=\"805\" height=\"1024\" data-id=\"3027\" src=\"https:\/\/grundschule-hirsau.de\/wp-content\/uploads\/2024\/04\/bd354d1f-face-4967-9b44-2c66aa45c0de-805x1024.jpg\" alt=\"\" class=\"wp-image-3027\" srcset=\"https:\/\/grundschule-hirsau.de\/wp-content\/uploads\/2024\/04\/bd354d1f-face-4967-9b44-2c66aa45c0de-805x1024.jpg 805w, https:\/\/grundschule-hirsau.de\/wp-content\/uploads\/2024\/04\/bd354d1f-face-4967-9b44-2c66aa45c0de-236x300.jpg 236w, https:\/\/grundschule-hirsau.de\/wp-content\/uploads\/2024\/04\/bd354d1f-face-4967-9b44-2c66aa45c0de-768x976.jpg 768w, https:\/\/grundschule-hirsau.de\/wp-content\/uploads\/2024\/04\/bd354d1f-face-4967-9b44-2c66aa45c0de-1208x1536.jpg 1208w, https:\/\/grundschule-hirsau.de\/wp-content\/uploads\/2024\/04\/bd354d1f-face-4967-9b44-2c66aa45c0de.jpg 1463w\" sizes=\"auto, (max-width: 805px) 100vw, 805px\" \/><\/figure>\n\n\n\n<figure class=\"wp-block-image size-large\"><img loading=\"lazy\" decoding=\"async\" width=\"768\" height=\"1024\" data-id=\"3028\" src=\"https:\/\/grundschule-hirsau.de\/wp-content\/uploads\/2024\/04\/6380014e-9383-4439-944e-fb6df70db685-768x1024.jpg\" alt=\"\" class=\"wp-image-3028\" srcset=\"https:\/\/grundschule-hirsau.de\/wp-content\/uploads\/2024\/04\/6380014e-9383-4439-944e-fb6df70db685-768x1024.jpg 768w, https:\/\/grundschule-hirsau.de\/wp-content\/uploads\/2024\/04\/6380014e-9383-4439-944e-fb6df70db685-225x300.jpg 225w, https:\/\/grundschule-hirsau.de\/wp-content\/uploads\/2024\/04\/6380014e-9383-4439-944e-fb6df70db685-1152x1536.jpg 1152w, https:\/\/grundschule-hirsau.de\/wp-content\/uploads\/2024\/04\/6380014e-9383-4439-944e-fb6df70db685.jpg 1536w\" sizes=\"auto, (max-width: 768px) 100vw, 768px\" \/><\/figure>\n\n\n\n<figure class=\"wp-block-image size-large\"><img loading=\"lazy\" decoding=\"async\" width=\"768\" height=\"1024\" data-id=\"3029\" src=\"https:\/\/grundschule-hirsau.de\/wp-content\/uploads\/2024\/04\/71855b73-2079-4cdf-a0a9-1a83d2f94d69-768x1024.jpg\" alt=\"\" class=\"wp-image-3029\" srcset=\"https:\/\/grundschule-hirsau.de\/wp-content\/uploads\/2024\/04\/71855b73-2079-4cdf-a0a9-1a83d2f94d69-768x1024.jpg 768w, https:\/\/grundschule-hirsau.de\/wp-content\/uploads\/2024\/04\/71855b73-2079-4cdf-a0a9-1a83d2f94d69-225x300.jpg 225w, https:\/\/grundschule-hirsau.de\/wp-content\/uploads\/2024\/04\/71855b73-2079-4cdf-a0a9-1a83d2f94d69-1152x1536.jpg 1152w, https:\/\/grundschule-hirsau.de\/wp-content\/uploads\/2024\/04\/71855b73-2079-4cdf-a0a9-1a83d2f94d69.jpg 1536w\" sizes=\"auto, (max-width: 768px) 100vw, 768px\" \/><\/figure>\n\n\n\n<figure class=\"wp-block-image size-large\"><img loading=\"lazy\" decoding=\"async\" width=\"1017\" height=\"1024\" data-id=\"3030\" src=\"https:\/\/grundschule-hirsau.de\/wp-content\/uploads\/2024\/04\/13fd5375-8903-43c9-82d1-fade5f67f3b9-1017x1024.jpg\" alt=\"\" class=\"wp-image-3030\" srcset=\"https:\/\/grundschule-hirsau.de\/wp-content\/uploads\/2024\/04\/13fd5375-8903-43c9-82d1-fade5f67f3b9-1017x1024.jpg 1017w, https:\/\/grundschule-hirsau.de\/wp-content\/uploads\/2024\/04\/13fd5375-8903-43c9-82d1-fade5f67f3b9-298x300.jpg 298w, https:\/\/grundschule-hirsau.de\/wp-content\/uploads\/2024\/04\/13fd5375-8903-43c9-82d1-fade5f67f3b9-150x150.jpg 150w, https:\/\/grundschule-hirsau.de\/wp-content\/uploads\/2024\/04\/13fd5375-8903-43c9-82d1-fade5f67f3b9-768x773.jpg 768w, https:\/\/grundschule-hirsau.de\/wp-content\/uploads\/2024\/04\/13fd5375-8903-43c9-82d1-fade5f67f3b9.jpg 1415w\" sizes=\"auto, (max-width: 1017px) 100vw, 1017px\" \/><\/figure>\n\n\n\n<figure class=\"wp-block-image size-large\"><img loading=\"lazy\" decoding=\"async\" width=\"576\" height=\"1024\" data-id=\"3037\" src=\"https:\/\/grundschule-hirsau.de\/wp-content\/uploads\/2024\/04\/187fd113-e3c6-4c32-b988-2e2e6ac48fec-576x1024.jpg\" alt=\"\" class=\"wp-image-3037\" srcset=\"https:\/\/grundschule-hirsau.de\/wp-content\/uploads\/2024\/04\/187fd113-e3c6-4c32-b988-2e2e6ac48fec-576x1024.jpg 576w, https:\/\/grundschule-hirsau.de\/wp-content\/uploads\/2024\/04\/187fd113-e3c6-4c32-b988-2e2e6ac48fec-169x300.jpg 169w, https:\/\/grundschule-hirsau.de\/wp-content\/uploads\/2024\/04\/187fd113-e3c6-4c32-b988-2e2e6ac48fec-768x1366.jpg 768w, https:\/\/grundschule-hirsau.de\/wp-content\/uploads\/2024\/04\/187fd113-e3c6-4c32-b988-2e2e6ac48fec-864x1536.jpg 864w, https:\/\/grundschule-hirsau.de\/wp-content\/uploads\/2024\/04\/187fd113-e3c6-4c32-b988-2e2e6ac48fec.jpg 899w\" sizes=\"auto, (max-width: 576px) 100vw, 576px\" \/><\/figure>\n\n\n\n<figure class=\"wp-block-image size-large\"><img loading=\"lazy\" decoding=\"async\" width=\"576\" height=\"1024\" data-id=\"3036\" src=\"https:\/\/grundschule-hirsau.de\/wp-content\/uploads\/2024\/04\/956ae09a-7b1b-49e6-96ee-881e4f1b9858-576x1024.jpg\" alt=\"\" class=\"wp-image-3036\" srcset=\"https:\/\/grundschule-hirsau.de\/wp-content\/uploads\/2024\/04\/956ae09a-7b1b-49e6-96ee-881e4f1b9858-576x1024.jpg 576w, https:\/\/grundschule-hirsau.de\/wp-content\/uploads\/2024\/04\/956ae09a-7b1b-49e6-96ee-881e4f1b9858-169x300.jpg 169w, https:\/\/grundschule-hirsau.de\/wp-content\/uploads\/2024\/04\/956ae09a-7b1b-49e6-96ee-881e4f1b9858-768x1366.jpg 768w, https:\/\/grundschule-hirsau.de\/wp-content\/uploads\/2024\/04\/956ae09a-7b1b-49e6-96ee-881e4f1b9858-864x1536.jpg 864w, https:\/\/grundschule-hirsau.de\/wp-content\/uploads\/2024\/04\/956ae09a-7b1b-49e6-96ee-881e4f1b9858.jpg 899w\" sizes=\"auto, (max-width: 576px) 100vw, 576px\" \/><\/figure>\n\n\n\n<figure class=\"wp-block-image size-large\"><img loading=\"lazy\" decoding=\"async\" width=\"1024\" height=\"576\" data-id=\"3034\" src=\"https:\/\/grundschule-hirsau.de\/wp-content\/uploads\/2024\/04\/a9cd449d-9754-4f7c-b309-ecc975400772-1024x576.jpg\" alt=\"\" class=\"wp-image-3034\" srcset=\"https:\/\/grundschule-hirsau.de\/wp-content\/uploads\/2024\/04\/a9cd449d-9754-4f7c-b309-ecc975400772-1024x576.jpg 1024w, https:\/\/grundschule-hirsau.de\/wp-content\/uploads\/2024\/04\/a9cd449d-9754-4f7c-b309-ecc975400772-300x169.jpg 300w, https:\/\/grundschule-hirsau.de\/wp-content\/uploads\/2024\/04\/a9cd449d-9754-4f7c-b309-ecc975400772-768x432.jpg 768w, https:\/\/grundschule-hirsau.de\/wp-content\/uploads\/2024\/04\/a9cd449d-9754-4f7c-b309-ecc975400772-1536x864.jpg 1536w, https:\/\/grundschule-hirsau.de\/wp-content\/uploads\/2024\/04\/a9cd449d-9754-4f7c-b309-ecc975400772-1140x641.jpg 1140w, https:\/\/grundschule-hirsau.de\/wp-content\/uploads\/2024\/04\/a9cd449d-9754-4f7c-b309-ecc975400772-540x304.jpg 540w, https:\/\/grundschule-hirsau.de\/wp-content\/uploads\/2024\/04\/a9cd449d-9754-4f7c-b309-ecc975400772.jpg 1599w\" sizes=\"auto, (max-width: 1024px) 100vw, 1024px\" \/><\/figure>\n\n\n\n<figure class=\"wp-block-image size-large\"><img loading=\"lazy\" decoding=\"async\" width=\"1024\" height=\"576\" data-id=\"3033\" src=\"https:\/\/grundschule-hirsau.de\/wp-content\/uploads\/2024\/04\/6e98f696-3763-46c4-8cfc-2fab83ee55b8-1024x576.jpg\" alt=\"\" class=\"wp-image-3033\" srcset=\"https:\/\/grundschule-hirsau.de\/wp-content\/uploads\/2024\/04\/6e98f696-3763-46c4-8cfc-2fab83ee55b8-1024x576.jpg 1024w, https:\/\/grundschule-hirsau.de\/wp-content\/uploads\/2024\/04\/6e98f696-3763-46c4-8cfc-2fab83ee55b8-300x169.jpg 300w, https:\/\/grundschule-hirsau.de\/wp-content\/uploads\/2024\/04\/6e98f696-3763-46c4-8cfc-2fab83ee55b8-768x432.jpg 768w, https:\/\/grundschule-hirsau.de\/wp-content\/uploads\/2024\/04\/6e98f696-3763-46c4-8cfc-2fab83ee55b8-1536x864.jpg 1536w, https:\/\/grundschule-hirsau.de\/wp-content\/uploads\/2024\/04\/6e98f696-3763-46c4-8cfc-2fab83ee55b8-1140x641.jpg 1140w, https:\/\/grundschule-hirsau.de\/wp-content\/uploads\/2024\/04\/6e98f696-3763-46c4-8cfc-2fab83ee55b8-540x304.jpg 540w, https:\/\/grundschule-hirsau.de\/wp-content\/uploads\/2024\/04\/6e98f696-3763-46c4-8cfc-2fab83ee55b8.jpg 1599w\" sizes=\"auto, (max-width: 1024px) 100vw, 1024px\" \/><\/figure>\n\n\n\n<figure class=\"wp-block-image size-large\"><img loading=\"lazy\" decoding=\"async\" width=\"1024\" height=\"576\" data-id=\"3031\" src=\"https:\/\/grundschule-hirsau.de\/wp-content\/uploads\/2024\/04\/f25e9c65-b9e4-4da8-bb5f-7af403f39054-1024x576.jpg\" alt=\"\" class=\"wp-image-3031\" srcset=\"https:\/\/grundschule-hirsau.de\/wp-content\/uploads\/2024\/04\/f25e9c65-b9e4-4da8-bb5f-7af403f39054-1024x576.jpg 1024w, https:\/\/grundschule-hirsau.de\/wp-content\/uploads\/2024\/04\/f25e9c65-b9e4-4da8-bb5f-7af403f39054-300x169.jpg 300w, https:\/\/grundschule-hirsau.de\/wp-content\/uploads\/2024\/04\/f25e9c65-b9e4-4da8-bb5f-7af403f39054-768x432.jpg 768w, https:\/\/grundschule-hirsau.de\/wp-content\/uploads\/2024\/04\/f25e9c65-b9e4-4da8-bb5f-7af403f39054-1536x864.jpg 1536w, https:\/\/grundschule-hirsau.de\/wp-content\/uploads\/2024\/04\/f25e9c65-b9e4-4da8-bb5f-7af403f39054-1140x641.jpg 1140w, https:\/\/grundschule-hirsau.de\/wp-content\/uploads\/2024\/04\/f25e9c65-b9e4-4da8-bb5f-7af403f39054-540x304.jpg 540w, https:\/\/grundschule-hirsau.de\/wp-content\/uploads\/2024\/04\/f25e9c65-b9e4-4da8-bb5f-7af403f39054.jpg 1599w\" sizes=\"auto, (max-width: 1024px) 100vw, 1024px\" \/><\/figure>\n\n\n\n<figure class=\"wp-block-image size-large\"><img loading=\"lazy\" decoding=\"async\" width=\"1024\" height=\"576\" data-id=\"3035\" src=\"https:\/\/grundschule-hirsau.de\/wp-content\/uploads\/2024\/04\/d0ec1c75-9a10-4446-97d3-17cd9e91d804-1024x576.jpg\" alt=\"\" class=\"wp-image-3035\" srcset=\"https:\/\/grundschule-hirsau.de\/wp-content\/uploads\/2024\/04\/d0ec1c75-9a10-4446-97d3-17cd9e91d804-1024x576.jpg 1024w, https:\/\/grundschule-hirsau.de\/wp-content\/uploads\/2024\/04\/d0ec1c75-9a10-4446-97d3-17cd9e91d804-300x169.jpg 300w, https:\/\/grundschule-hirsau.de\/wp-content\/uploads\/2024\/04\/d0ec1c75-9a10-4446-97d3-17cd9e91d804-768x432.jpg 768w, https:\/\/grundschule-hirsau.de\/wp-content\/uploads\/2024\/04\/d0ec1c75-9a10-4446-97d3-17cd9e91d804-1536x864.jpg 1536w, https:\/\/grundschule-hirsau.de\/wp-content\/uploads\/2024\/04\/d0ec1c75-9a10-4446-97d3-17cd9e91d804-1140x641.jpg 1140w, https:\/\/grundschule-hirsau.de\/wp-content\/uploads\/2024\/04\/d0ec1c75-9a10-4446-97d3-17cd9e91d804-540x304.jpg 540w, https:\/\/grundschule-hirsau.de\/wp-content\/uploads\/2024\/04\/d0ec1c75-9a10-4446-97d3-17cd9e91d804.jpg 1599w\" sizes=\"auto, (max-width: 1024px) 100vw, 1024px\" \/><\/figure>\n<\/figure>\n\n\n\n<p class=\"has-text-align-center has-pale-pink-background-color has-background has-medium-font-size\">Zum Abschluss pr\u00e4sentieren die S\u00e4nger, Schauspieler und B\u00fchnenbildbauer das, woran sie die Tage gearbeitet haben. <\/p>\n\n\n\n<figure class=\"wp-block-gallery has-nested-images columns-2 is-cropped wp-block-gallery-4 is-layout-flex wp-block-gallery-is-layout-flex\">\n<figure class=\"wp-block-image size-large\"><img loading=\"lazy\" decoding=\"async\" width=\"1024\" height=\"558\" data-id=\"3039\" src=\"https:\/\/grundschule-hirsau.de\/wp-content\/uploads\/2024\/04\/IMG_2228-1024x558.jpg\" alt=\"\" class=\"wp-image-3039\" srcset=\"https:\/\/grundschule-hirsau.de\/wp-content\/uploads\/2024\/04\/IMG_2228-1024x558.jpg 1024w, https:\/\/grundschule-hirsau.de\/wp-content\/uploads\/2024\/04\/IMG_2228-300x164.jpg 300w, https:\/\/grundschule-hirsau.de\/wp-content\/uploads\/2024\/04\/IMG_2228-768x419.jpg 768w, https:\/\/grundschule-hirsau.de\/wp-content\/uploads\/2024\/04\/IMG_2228-1536x838.jpg 1536w, https:\/\/grundschule-hirsau.de\/wp-content\/uploads\/2024\/04\/IMG_2228-2048x1117.jpg 2048w\" sizes=\"auto, (max-width: 1024px) 100vw, 1024px\" \/><\/figure>\n\n\n\n<figure class=\"wp-block-image size-large\"><img loading=\"lazy\" decoding=\"async\" width=\"1024\" height=\"504\" data-id=\"3041\" src=\"https:\/\/grundschule-hirsau.de\/wp-content\/uploads\/2024\/04\/image_50444033-1024x504.jpg\" alt=\"\" class=\"wp-image-3041\" srcset=\"https:\/\/grundschule-hirsau.de\/wp-content\/uploads\/2024\/04\/image_50444033-1024x504.jpg 1024w, https:\/\/grundschule-hirsau.de\/wp-content\/uploads\/2024\/04\/image_50444033-300x148.jpg 300w, https:\/\/grundschule-hirsau.de\/wp-content\/uploads\/2024\/04\/image_50444033-768x378.jpg 768w, https:\/\/grundschule-hirsau.de\/wp-content\/uploads\/2024\/04\/image_50444033-1536x756.jpg 1536w, https:\/\/grundschule-hirsau.de\/wp-content\/uploads\/2024\/04\/image_50444033-2048x1008.jpg 2048w\" sizes=\"auto, (max-width: 1024px) 100vw, 1024px\" \/><\/figure>\n\n\n\n<figure class=\"wp-block-image size-large\"><img loading=\"lazy\" decoding=\"async\" width=\"1024\" height=\"563\" data-id=\"3038\" src=\"https:\/\/grundschule-hirsau.de\/wp-content\/uploads\/2024\/04\/buehnenbauer-1024x563.jpg\" alt=\"\" class=\"wp-image-3038\" srcset=\"https:\/\/grundschule-hirsau.de\/wp-content\/uploads\/2024\/04\/buehnenbauer-1024x563.jpg 1024w, https:\/\/grundschule-hirsau.de\/wp-content\/uploads\/2024\/04\/buehnenbauer-300x165.jpg 300w, https:\/\/grundschule-hirsau.de\/wp-content\/uploads\/2024\/04\/buehnenbauer-768x423.jpg 768w, https:\/\/grundschule-hirsau.de\/wp-content\/uploads\/2024\/04\/buehnenbauer-1536x845.jpg 1536w, https:\/\/grundschule-hirsau.de\/wp-content\/uploads\/2024\/04\/buehnenbauer-2048x1127.jpg 2048w\" sizes=\"auto, (max-width: 1024px) 100vw, 1024px\" \/><figcaption class=\"wp-element-caption\">IMG_2229<\/figcaption><\/figure>\n\n\n\n<figure class=\"wp-block-image size-large\"><img loading=\"lazy\" decoding=\"async\" width=\"1024\" height=\"683\" data-id=\"3040\" src=\"https:\/\/grundschule-hirsau.de\/wp-content\/uploads\/2024\/04\/IMG_2236-1024x683.jpg\" alt=\"\" class=\"wp-image-3040\" srcset=\"https:\/\/grundschule-hirsau.de\/wp-content\/uploads\/2024\/04\/IMG_2236-1024x683.jpg 1024w, https:\/\/grundschule-hirsau.de\/wp-content\/uploads\/2024\/04\/IMG_2236-300x200.jpg 300w, https:\/\/grundschule-hirsau.de\/wp-content\/uploads\/2024\/04\/IMG_2236-768x512.jpg 768w, https:\/\/grundschule-hirsau.de\/wp-content\/uploads\/2024\/04\/IMG_2236-1536x1024.jpg 1536w, https:\/\/grundschule-hirsau.de\/wp-content\/uploads\/2024\/04\/IMG_2236-2048x1365.jpg 2048w\" sizes=\"auto, (max-width: 1024px) 100vw, 1024px\" \/><\/figure>\n<\/figure>\n","protected":false},"excerpt":{"rendered":"<p>In der M\u00e4rchenwerkstatt wird gebastelt. In den M\u00e4rchenzimmern wird ger\u00e4tselt, gerechnet, gespielt und gemalt. Zum Abschluss pr\u00e4sentieren die S\u00e4nger, Schauspieler und B\u00fchnenbildbauer das, woran sie die Tage gearbeitet haben.<\/p>\n","protected":false},"author":2,"featured_media":0,"parent":154,"menu_order":1,"comment_status":"closed","ping_status":"closed","template":"","meta":{"footnotes":""},"class_list":["post-3019","page","type-page","status-publish","hentry"],"_links":{"self":[{"href":"https:\/\/grundschule-hirsau.de\/index.php?rest_route=\/wp\/v2\/pages\/3019","targetHints":{"allow":["GET"]}}],"collection":[{"href":"https:\/\/grundschule-hirsau.de\/index.php?rest_route=\/wp\/v2\/pages"}],"about":[{"href":"https:\/\/grundschule-hirsau.de\/index.php?rest_route=\/wp\/v2\/types\/page"}],"author":[{"embeddable":true,"href":"https:\/\/grundschule-hirsau.de\/index.php?rest_route=\/wp\/v2\/users\/2"}],"replies":[{"embeddable":true,"href":"https:\/\/grundschule-hirsau.de\/index.php?rest_route=%2Fwp%2Fv2%2Fcomments&post=3019"}],"version-history":[{"count":2,"href":"https:\/\/grundschule-hirsau.de\/index.php?rest_route=\/wp\/v2\/pages\/3019\/revisions"}],"predecessor-version":[{"id":3047,"href":"https:\/\/grundschule-hirsau.de\/index.php?rest_route=\/wp\/v2\/pages\/3019\/revisions\/3047"}],"up":[{"embeddable":true,"href":"https:\/\/grundschule-hirsau.de\/index.php?rest_route=\/wp\/v2\/pages\/154"}],"wp:attachment":[{"href":"https:\/\/grundschule-hirsau.de\/index.php?rest_route=%2Fwp%2Fv2%2Fmedia&parent=3019"}],"curies":[{"name":"wp","href":"https:\/\/api.w.org\/{rel}","templated":true}]}}