{"id":2696,"date":"2023-09-12T12:43:03","date_gmt":"2023-09-12T10:43:03","guid":{"rendered":"https:\/\/grundschule-hirsau.de\/?page_id=2696"},"modified":"2025-10-01T16:22:31","modified_gmt":"2025-10-01T14:22:31","slug":"fsj","status":"publish","type":"page","link":"https:\/\/grundschule-hirsau.de\/?page_id=2696","title":{"rendered":"FSJ"},"content":{"rendered":"\n<div class=\"wp-block-group\"><div class=\"wp-block-group__inner-container is-layout-constrained wp-block-group-is-layout-constrained\">\n<p>Auch in diesem Schuljahr bietet die Grundschule ein Freiwilliges Soziale Jahr an, das \u00fcber die Diakonie Baden-W\u00fcrttemberg l\u00e4uft.<\/p>\n\n\n\n<figure class=\"wp-block-image size-large is-resized\"><img loading=\"lazy\" decoding=\"async\" width=\"576\" height=\"1024\" src=\"https:\/\/grundschule-hirsau.de\/wp-content\/uploads\/2025\/10\/Marla-576x1024.jpg\" alt=\"\" class=\"wp-image-4025\" style=\"width:840px;height:auto\" srcset=\"https:\/\/grundschule-hirsau.de\/wp-content\/uploads\/2025\/10\/Marla-576x1024.jpg 576w, https:\/\/grundschule-hirsau.de\/wp-content\/uploads\/2025\/10\/Marla-169x300.jpg 169w, https:\/\/grundschule-hirsau.de\/wp-content\/uploads\/2025\/10\/Marla-768x1365.jpg 768w, https:\/\/grundschule-hirsau.de\/wp-content\/uploads\/2025\/10\/Marla-864x1536.jpg 864w, https:\/\/grundschule-hirsau.de\/wp-content\/uploads\/2025\/10\/Marla-1152x2048.jpg 1152w, https:\/\/grundschule-hirsau.de\/wp-content\/uploads\/2025\/10\/Marla-scaled.jpg 1440w\" sizes=\"auto, (max-width: 576px) 100vw, 576px\" \/><\/figure>\n<\/div><\/div>\n\n\n\n<p class=\"has-text-align-center has-large-font-size\"><strong>Marla Bauschert\u00a0<\/strong><\/p>\n\n\n\n<p>Ich bin 19 Jahre alt und absolviere in diesem Schuljahr mein Freiwilliges Soziales Jahr an dieser Grundschule. Da ich mir gut vorstellen kann, sp\u00e4ter Grundschullehramt zu studieren, freue ich mich sehr \u00fcber die praktischen Einblicke und Erfahrungen, die ich hier sammeln darf.<\/p>\n\n\n\n<p>Zu meinen Aufgaben geh\u00f6ren unter anderem:<\/p>\n\n\n\n<ul class=\"wp-block-list\">\n<li>Unterst\u00fctzung im Unterricht<\/li>\n\n\n\n<li>Mitwirken in der Kernzeit- und Hausaufgabenbetreuung<\/li>\n\n\n\n<li>Pausenaufsicht<\/li>\n\n\n\n<li>Mitarbeit in der Naturk\u00fcnstler-AG<\/li>\n<\/ul>\n\n\n\n<p>Es macht mir Freude, die Kinder im Schulalltag zu begleiten und sie zu unterst\u00fctzen. Ich bin gespannt auf die Erfahrungen dieses Jahres und freue mich auf viele sch\u00f6ne gemeinsame Momente.<\/p>\n\n\n\n<p>Mehr Informationen \u00fcber den Freiwilligendienst und die Diakonie finden Sie unter diesem Link: <a href=\"https:\/\/ran-ans-leben-diakonie.de\/freiwilligendienste\/fsj-bfd\/\">FSJ \/ BFD &#8211; Dein soziales Jahr- Diakonie BW (ran-ans-leben-diakonie.de)<\/a><\/p>\n","protected":false},"excerpt":{"rendered":"<p>Auch in diesem Schuljahr bietet die Grundschule ein Freiwilliges Soziale Jahr an, das \u00fcber die Diakonie Baden-W\u00fcrttemberg l\u00e4uft. Marla Bauschert\u00a0 Ich bin 19 Jahre alt und absolviere in diesem Schuljahr mein Freiwilliges Soziales Jahr an dieser Grundschule. Da ich mir gut vorstellen kann, sp\u00e4ter Grundschullehramt zu studieren, freue ich mich sehr \u00fcber die praktischen Einblicke&hellip;<\/p>\n","protected":false},"author":2,"featured_media":0,"parent":101,"menu_order":1,"comment_status":"closed","ping_status":"closed","template":"","meta":{"footnotes":""},"class_list":["post-2696","page","type-page","status-publish","hentry"],"_links":{"self":[{"href":"https:\/\/grundschule-hirsau.de\/index.php?rest_route=\/wp\/v2\/pages\/2696","targetHints":{"allow":["GET"]}}],"collection":[{"href":"https:\/\/grundschule-hirsau.de\/index.php?rest_route=\/wp\/v2\/pages"}],"about":[{"href":"https:\/\/grundschule-hirsau.de\/index.php?rest_route=\/wp\/v2\/types\/page"}],"author":[{"embeddable":true,"href":"https:\/\/grundschule-hirsau.de\/index.php?rest_route=\/wp\/v2\/users\/2"}],"replies":[{"embeddable":true,"href":"https:\/\/grundschule-hirsau.de\/index.php?rest_route=%2Fwp%2Fv2%2Fcomments&post=2696"}],"version-history":[{"count":7,"href":"https:\/\/grundschule-hirsau.de\/index.php?rest_route=\/wp\/v2\/pages\/2696\/revisions"}],"predecessor-version":[{"id":4029,"href":"https:\/\/grundschule-hirsau.de\/index.php?rest_route=\/wp\/v2\/pages\/2696\/revisions\/4029"}],"up":[{"embeddable":true,"href":"https:\/\/grundschule-hirsau.de\/index.php?rest_route=\/wp\/v2\/pages\/101"}],"wp:attachment":[{"href":"https:\/\/grundschule-hirsau.de\/index.php?rest_route=%2Fwp%2Fv2%2Fmedia&parent=2696"}],"curies":[{"name":"wp","href":"https:\/\/api.w.org\/{rel}","templated":true}]}}