{"id":215,"date":"2020-05-23T12:07:26","date_gmt":"2020-05-23T10:07:26","guid":{"rendered":"https:\/\/grundschule-hirsau.de\/?page_id=215"},"modified":"2021-10-18T12:18:57","modified_gmt":"2021-10-18T10:18:57","slug":"tennisag","status":"publish","type":"page","link":"https:\/\/grundschule-hirsau.de\/?page_id=215","title":{"rendered":"TennisAG"},"content":{"rendered":"\n<div class=\"wp-block-image\"><figure class=\"aligncenter size-large is-resized\"><img loading=\"lazy\" decoding=\"async\" src=\"https:\/\/grundschule-hirsau.de\/wp-content\/uploads\/2020\/05\/20200301_164417-1-768x1024.jpg\" alt=\"\" class=\"wp-image-539\" width=\"296\" height=\"394\" srcset=\"https:\/\/grundschule-hirsau.de\/wp-content\/uploads\/2020\/05\/20200301_164417-1-768x1024.jpg 768w, https:\/\/grundschule-hirsau.de\/wp-content\/uploads\/2020\/05\/20200301_164417-1-225x300.jpg 225w, https:\/\/grundschule-hirsau.de\/wp-content\/uploads\/2020\/05\/20200301_164417-1-1152x1536.jpg 1152w, https:\/\/grundschule-hirsau.de\/wp-content\/uploads\/2020\/05\/20200301_164417-1-1536x2048.jpg 1536w, https:\/\/grundschule-hirsau.de\/wp-content\/uploads\/2020\/05\/20200301_164417-1-scaled.jpg 1920w\" sizes=\"auto, (max-width: 296px) 100vw, 296px\" \/><\/figure><\/div>\n\n\n\n<div class=\"wp-block-media-text alignwide is-stacked-on-mobile\"><figure class=\"wp-block-media-text__media\"><img loading=\"lazy\" decoding=\"async\" width=\"472\" height=\"1024\" src=\"https:\/\/grundschule-hirsau.de\/wp-content\/uploads\/2021\/10\/20211014_140227-472x1024.jpg\" alt=\"\" class=\"wp-image-1288 size-full\" srcset=\"https:\/\/grundschule-hirsau.de\/wp-content\/uploads\/2021\/10\/20211014_140227-472x1024.jpg 472w, https:\/\/grundschule-hirsau.de\/wp-content\/uploads\/2021\/10\/20211014_140227-138x300.jpg 138w, https:\/\/grundschule-hirsau.de\/wp-content\/uploads\/2021\/10\/20211014_140227-768x1665.jpg 768w, https:\/\/grundschule-hirsau.de\/wp-content\/uploads\/2021\/10\/20211014_140227-709x1536.jpg 709w, https:\/\/grundschule-hirsau.de\/wp-content\/uploads\/2021\/10\/20211014_140227-945x2048.jpg 945w, https:\/\/grundschule-hirsau.de\/wp-content\/uploads\/2021\/10\/20211014_140227-scaled.jpg 1181w\" sizes=\"auto, (max-width: 472px) 100vw, 472px\" \/><\/figure><div class=\"wp-block-media-text__content\">\n<p class=\"has-medium-font-size\">Die Tennis AG hat im Oktober Besuch von der Tischtennisabteilung des TSV Hirsau. Abteilungsleiterin Bianca Siegmund und Trainer Mathias Kugele bringen den Kinder bei  wie man den Schl\u00e4ger h\u00e4lt, machen \u00dcbungen zur Koordination mit Ball und Schl\u00e4ger und erste \u00dcbungen an der Tischtennisplatte.<\/p>\n<\/div><\/div>\n\n\n\n<figure class=\"wp-block-gallery columns-4 is-cropped wp-block-gallery-1 is-layout-flex wp-block-gallery-is-layout-flex\"><ul class=\"blocks-gallery-grid\"><li class=\"blocks-gallery-item\"><figure><img loading=\"lazy\" decoding=\"async\" width=\"1024\" height=\"472\" src=\"https:\/\/grundschule-hirsau.de\/wp-content\/uploads\/2021\/10\/20211014_140133-1024x472.jpg\" alt=\"\" data-id=\"1284\" data-full-url=\"https:\/\/grundschule-hirsau.de\/wp-content\/uploads\/2021\/10\/20211014_140133-scaled.jpg\" data-link=\"https:\/\/grundschule-hirsau.de\/tennisag\/20211014_140133\/\" class=\"wp-image-1284\" srcset=\"https:\/\/grundschule-hirsau.de\/wp-content\/uploads\/2021\/10\/20211014_140133-1024x472.jpg 1024w, https:\/\/grundschule-hirsau.de\/wp-content\/uploads\/2021\/10\/20211014_140133-300x138.jpg 300w, https:\/\/grundschule-hirsau.de\/wp-content\/uploads\/2021\/10\/20211014_140133-768x354.jpg 768w, https:\/\/grundschule-hirsau.de\/wp-content\/uploads\/2021\/10\/20211014_140133-1536x709.jpg 1536w, https:\/\/grundschule-hirsau.de\/wp-content\/uploads\/2021\/10\/20211014_140133-2048x945.jpg 2048w\" sizes=\"auto, (max-width: 1024px) 100vw, 1024px\" \/><\/figure><\/li><li class=\"blocks-gallery-item\"><figure><img loading=\"lazy\" decoding=\"async\" width=\"1024\" height=\"472\" src=\"https:\/\/grundschule-hirsau.de\/wp-content\/uploads\/2021\/10\/20211014_140140-1024x472.jpg\" alt=\"\" data-id=\"1286\" data-full-url=\"https:\/\/grundschule-hirsau.de\/wp-content\/uploads\/2021\/10\/20211014_140140-scaled.jpg\" data-link=\"https:\/\/grundschule-hirsau.de\/tennisag\/20211014_140140\/\" class=\"wp-image-1286\" srcset=\"https:\/\/grundschule-hirsau.de\/wp-content\/uploads\/2021\/10\/20211014_140140-1024x472.jpg 1024w, https:\/\/grundschule-hirsau.de\/wp-content\/uploads\/2021\/10\/20211014_140140-300x138.jpg 300w, https:\/\/grundschule-hirsau.de\/wp-content\/uploads\/2021\/10\/20211014_140140-768x354.jpg 768w, https:\/\/grundschule-hirsau.de\/wp-content\/uploads\/2021\/10\/20211014_140140-1536x709.jpg 1536w, https:\/\/grundschule-hirsau.de\/wp-content\/uploads\/2021\/10\/20211014_140140-2048x945.jpg 2048w\" sizes=\"auto, (max-width: 1024px) 100vw, 1024px\" \/><\/figure><\/li><li class=\"blocks-gallery-item\"><figure><img loading=\"lazy\" decoding=\"async\" width=\"1024\" height=\"472\" src=\"https:\/\/grundschule-hirsau.de\/wp-content\/uploads\/2021\/10\/20211014_140153-1024x472.jpg\" alt=\"\" data-id=\"1287\" data-full-url=\"https:\/\/grundschule-hirsau.de\/wp-content\/uploads\/2021\/10\/20211014_140153-scaled.jpg\" data-link=\"https:\/\/grundschule-hirsau.de\/tennisag\/20211014_140153\/\" class=\"wp-image-1287\" srcset=\"https:\/\/grundschule-hirsau.de\/wp-content\/uploads\/2021\/10\/20211014_140153-1024x472.jpg 1024w, https:\/\/grundschule-hirsau.de\/wp-content\/uploads\/2021\/10\/20211014_140153-300x138.jpg 300w, https:\/\/grundschule-hirsau.de\/wp-content\/uploads\/2021\/10\/20211014_140153-768x354.jpg 768w, https:\/\/grundschule-hirsau.de\/wp-content\/uploads\/2021\/10\/20211014_140153-1536x709.jpg 1536w, https:\/\/grundschule-hirsau.de\/wp-content\/uploads\/2021\/10\/20211014_140153-2048x945.jpg 2048w\" sizes=\"auto, (max-width: 1024px) 100vw, 1024px\" \/><\/figure><\/li><li class=\"blocks-gallery-item\"><figure><img loading=\"lazy\" decoding=\"async\" width=\"439\" height=\"1024\" src=\"https:\/\/grundschule-hirsau.de\/wp-content\/uploads\/2021\/10\/20211014_140659-439x1024.jpg\" alt=\"\" data-id=\"1289\" data-full-url=\"https:\/\/grundschule-hirsau.de\/wp-content\/uploads\/2021\/10\/20211014_140659.jpg\" data-link=\"https:\/\/grundschule-hirsau.de\/tennisag\/20211014_140659\/\" class=\"wp-image-1289\" srcset=\"https:\/\/grundschule-hirsau.de\/wp-content\/uploads\/2021\/10\/20211014_140659-439x1024.jpg 439w, https:\/\/grundschule-hirsau.de\/wp-content\/uploads\/2021\/10\/20211014_140659-129x300.jpg 129w, https:\/\/grundschule-hirsau.de\/wp-content\/uploads\/2021\/10\/20211014_140659-768x1791.jpg 768w, https:\/\/grundschule-hirsau.de\/wp-content\/uploads\/2021\/10\/20211014_140659-659x1536.jpg 659w, https:\/\/grundschule-hirsau.de\/wp-content\/uploads\/2021\/10\/20211014_140659.jpg 820w\" sizes=\"auto, (max-width: 439px) 100vw, 439px\" \/><\/figure><\/li><li class=\"blocks-gallery-item\"><figure><img loading=\"lazy\" decoding=\"async\" width=\"1024\" height=\"472\" src=\"https:\/\/grundschule-hirsau.de\/wp-content\/uploads\/2021\/10\/20211014_141038-1024x472.jpg\" alt=\"\" data-id=\"1290\" data-full-url=\"https:\/\/grundschule-hirsau.de\/wp-content\/uploads\/2021\/10\/20211014_141038-scaled.jpg\" data-link=\"https:\/\/grundschule-hirsau.de\/tennisag\/20211014_141038\/\" class=\"wp-image-1290\" srcset=\"https:\/\/grundschule-hirsau.de\/wp-content\/uploads\/2021\/10\/20211014_141038-1024x472.jpg 1024w, https:\/\/grundschule-hirsau.de\/wp-content\/uploads\/2021\/10\/20211014_141038-300x138.jpg 300w, https:\/\/grundschule-hirsau.de\/wp-content\/uploads\/2021\/10\/20211014_141038-768x354.jpg 768w, https:\/\/grundschule-hirsau.de\/wp-content\/uploads\/2021\/10\/20211014_141038-1536x709.jpg 1536w, https:\/\/grundschule-hirsau.de\/wp-content\/uploads\/2021\/10\/20211014_141038-2048x945.jpg 2048w\" sizes=\"auto, (max-width: 1024px) 100vw, 1024px\" \/><\/figure><\/li><li class=\"blocks-gallery-item\"><figure><img loading=\"lazy\" decoding=\"async\" width=\"661\" height=\"1024\" src=\"https:\/\/grundschule-hirsau.de\/wp-content\/uploads\/2021\/10\/20211014_145351-661x1024.jpg\" alt=\"\" data-id=\"1292\" data-full-url=\"https:\/\/grundschule-hirsau.de\/wp-content\/uploads\/2021\/10\/20211014_145351-scaled.jpg\" data-link=\"https:\/\/grundschule-hirsau.de\/tennisag\/20211014_145351\/\" class=\"wp-image-1292\" srcset=\"https:\/\/grundschule-hirsau.de\/wp-content\/uploads\/2021\/10\/20211014_145351-661x1024.jpg 661w, https:\/\/grundschule-hirsau.de\/wp-content\/uploads\/2021\/10\/20211014_145351-194x300.jpg 194w, https:\/\/grundschule-hirsau.de\/wp-content\/uploads\/2021\/10\/20211014_145351-768x1190.jpg 768w, https:\/\/grundschule-hirsau.de\/wp-content\/uploads\/2021\/10\/20211014_145351-991x1536.jpg 991w, https:\/\/grundschule-hirsau.de\/wp-content\/uploads\/2021\/10\/20211014_145351-1322x2048.jpg 1322w, https:\/\/grundschule-hirsau.de\/wp-content\/uploads\/2021\/10\/20211014_145351-scaled.jpg 1652w\" sizes=\"auto, (max-width: 661px) 100vw, 661px\" \/><\/figure><\/li><li class=\"blocks-gallery-item\"><figure><img loading=\"lazy\" decoding=\"async\" width=\"898\" height=\"1024\" src=\"https:\/\/grundschule-hirsau.de\/wp-content\/uploads\/2021\/10\/20211014_145347-898x1024.jpg\" alt=\"\" data-id=\"1291\" data-full-url=\"https:\/\/grundschule-hirsau.de\/wp-content\/uploads\/2021\/10\/20211014_145347.jpg\" data-link=\"https:\/\/grundschule-hirsau.de\/tennisag\/20211014_145347\/\" class=\"wp-image-1291\" srcset=\"https:\/\/grundschule-hirsau.de\/wp-content\/uploads\/2021\/10\/20211014_145347-898x1024.jpg 898w, https:\/\/grundschule-hirsau.de\/wp-content\/uploads\/2021\/10\/20211014_145347-263x300.jpg 263w, https:\/\/grundschule-hirsau.de\/wp-content\/uploads\/2021\/10\/20211014_145347-768x876.jpg 768w, https:\/\/grundschule-hirsau.de\/wp-content\/uploads\/2021\/10\/20211014_145347-1347x1536.jpg 1347w, https:\/\/grundschule-hirsau.de\/wp-content\/uploads\/2021\/10\/20211014_145347.jpg 1393w\" sizes=\"auto, (max-width: 898px) 100vw, 898px\" \/><\/figure><\/li><\/ul><\/figure>\n","protected":false},"excerpt":{"rendered":"<p>Die Tennis AG hat im Oktober Besuch von der Tischtennisabteilung des TSV Hirsau. Abteilungsleiterin Bianca Siegmund und Trainer Mathias Kugele bringen den Kinder bei wie man den Schl\u00e4ger h\u00e4lt, machen \u00dcbungen zur Koordination mit Ball und Schl\u00e4ger und erste \u00dcbungen an der Tischtennisplatte.<\/p>\n","protected":false},"author":2,"featured_media":0,"parent":0,"menu_order":0,"comment_status":"closed","ping_status":"closed","template":"","meta":{"footnotes":""},"class_list":["post-215","page","type-page","status-publish","hentry"],"_links":{"self":[{"href":"https:\/\/grundschule-hirsau.de\/index.php?rest_route=\/wp\/v2\/pages\/215","targetHints":{"allow":["GET"]}}],"collection":[{"href":"https:\/\/grundschule-hirsau.de\/index.php?rest_route=\/wp\/v2\/pages"}],"about":[{"href":"https:\/\/grundschule-hirsau.de\/index.php?rest_route=\/wp\/v2\/types\/page"}],"author":[{"embeddable":true,"href":"https:\/\/grundschule-hirsau.de\/index.php?rest_route=\/wp\/v2\/users\/2"}],"replies":[{"embeddable":true,"href":"https:\/\/grundschule-hirsau.de\/index.php?rest_route=%2Fwp%2Fv2%2Fcomments&post=215"}],"version-history":[{"count":5,"href":"https:\/\/grundschule-hirsau.de\/index.php?rest_route=\/wp\/v2\/pages\/215\/revisions"}],"predecessor-version":[{"id":1295,"href":"https:\/\/grundschule-hirsau.de\/index.php?rest_route=\/wp\/v2\/pages\/215\/revisions\/1295"}],"wp:attachment":[{"href":"https:\/\/grundschule-hirsau.de\/index.php?rest_route=%2Fwp%2Fv2%2Fmedia&parent=215"}],"curies":[{"name":"wp","href":"https:\/\/api.w.org\/{rel}","templated":true}]}}