{"id":1975,"date":"2022-10-14T10:58:53","date_gmt":"2022-10-14T08:58:53","guid":{"rendered":"https:\/\/grundschule-hirsau.de\/?page_id=1975"},"modified":"2024-10-08T12:02:21","modified_gmt":"2024-10-08T10:02:21","slug":"besuch-der-feuerwehr","status":"publish","type":"page","link":"https:\/\/grundschule-hirsau.de\/?page_id=1975","title":{"rendered":"Besuch der Feuerwehr"},"content":{"rendered":"\n<p>Die freiwillige Feuerwehr Hirsau war mit ihrem neuen Einsatzwagen zu Gast in unserer Schule. 4 Feuerwehrm\u00e4nner und -Frauen  zeigten allen Kindern das Auto. Die Begeiesterung und das Interesse waren gro\u00df.<\/p>\n\n\n\n<p>Vielen Dank  an Dirk St\u00f6hr (Abteilungskommandant) und seine Kammeraden, dass sie sich Zeit genommen und geduldig alle Fragen der Kinder beantwortet haben.<\/p>\n\n\n\n<figure class=\"wp-block-gallery has-nested-images columns-2 is-cropped wp-block-gallery-1 is-layout-flex wp-block-gallery-is-layout-flex\">\n<figure class=\"wp-block-image size-large\"><img loading=\"lazy\" decoding=\"async\" width=\"768\" height=\"1024\" data-id=\"3311\" src=\"https:\/\/grundschule-hirsau.de\/wp-content\/uploads\/2024\/10\/IMG-20241002-WA0000-768x1024.jpg\" alt=\"\" class=\"wp-image-3311\" srcset=\"https:\/\/grundschule-hirsau.de\/wp-content\/uploads\/2024\/10\/IMG-20241002-WA0000-768x1024.jpg 768w, https:\/\/grundschule-hirsau.de\/wp-content\/uploads\/2024\/10\/IMG-20241002-WA0000-225x300.jpg 225w, https:\/\/grundschule-hirsau.de\/wp-content\/uploads\/2024\/10\/IMG-20241002-WA0000-1152x1536.jpg 1152w, https:\/\/grundschule-hirsau.de\/wp-content\/uploads\/2024\/10\/IMG-20241002-WA0000.jpg 1200w\" sizes=\"auto, (max-width: 768px) 100vw, 768px\" \/><\/figure>\n\n\n\n<figure class=\"wp-block-image size-large\"><img loading=\"lazy\" decoding=\"async\" width=\"768\" height=\"1024\" data-id=\"3310\" src=\"https:\/\/grundschule-hirsau.de\/wp-content\/uploads\/2024\/10\/IMG-20241002-WA0001-768x1024.jpg\" alt=\"\" class=\"wp-image-3310\" srcset=\"https:\/\/grundschule-hirsau.de\/wp-content\/uploads\/2024\/10\/IMG-20241002-WA0001-768x1024.jpg 768w, https:\/\/grundschule-hirsau.de\/wp-content\/uploads\/2024\/10\/IMG-20241002-WA0001-225x300.jpg 225w, https:\/\/grundschule-hirsau.de\/wp-content\/uploads\/2024\/10\/IMG-20241002-WA0001-1152x1536.jpg 1152w, https:\/\/grundschule-hirsau.de\/wp-content\/uploads\/2024\/10\/IMG-20241002-WA0001.jpg 1200w\" sizes=\"auto, (max-width: 768px) 100vw, 768px\" \/><\/figure>\n\n\n\n<figure class=\"wp-block-image size-large\"><img loading=\"lazy\" decoding=\"async\" width=\"768\" height=\"1024\" data-id=\"3313\" src=\"https:\/\/grundschule-hirsau.de\/wp-content\/uploads\/2024\/10\/IMG-20241002-WA0002-768x1024.jpg\" alt=\"\" class=\"wp-image-3313\" srcset=\"https:\/\/grundschule-hirsau.de\/wp-content\/uploads\/2024\/10\/IMG-20241002-WA0002-768x1024.jpg 768w, https:\/\/grundschule-hirsau.de\/wp-content\/uploads\/2024\/10\/IMG-20241002-WA0002-225x300.jpg 225w, https:\/\/grundschule-hirsau.de\/wp-content\/uploads\/2024\/10\/IMG-20241002-WA0002-1152x1536.jpg 1152w, https:\/\/grundschule-hirsau.de\/wp-content\/uploads\/2024\/10\/IMG-20241002-WA0002.jpg 1200w\" sizes=\"auto, (max-width: 768px) 100vw, 768px\" \/><\/figure>\n\n\n\n<figure class=\"wp-block-image size-large\"><img loading=\"lazy\" decoding=\"async\" width=\"768\" height=\"1024\" data-id=\"3316\" src=\"https:\/\/grundschule-hirsau.de\/wp-content\/uploads\/2024\/10\/IMG-20241002-WA0003-768x1024.jpg\" alt=\"\" class=\"wp-image-3316\" srcset=\"https:\/\/grundschule-hirsau.de\/wp-content\/uploads\/2024\/10\/IMG-20241002-WA0003-768x1024.jpg 768w, https:\/\/grundschule-hirsau.de\/wp-content\/uploads\/2024\/10\/IMG-20241002-WA0003-225x300.jpg 225w, https:\/\/grundschule-hirsau.de\/wp-content\/uploads\/2024\/10\/IMG-20241002-WA0003-1152x1536.jpg 1152w, https:\/\/grundschule-hirsau.de\/wp-content\/uploads\/2024\/10\/IMG-20241002-WA0003.jpg 1200w\" sizes=\"auto, (max-width: 768px) 100vw, 768px\" \/><\/figure>\n\n\n\n<figure class=\"wp-block-image size-large\"><img loading=\"lazy\" decoding=\"async\" width=\"1024\" height=\"768\" data-id=\"3314\" src=\"https:\/\/grundschule-hirsau.de\/wp-content\/uploads\/2024\/10\/IMG-20241002-WA0004-1024x768.jpg\" alt=\"\" class=\"wp-image-3314\" srcset=\"https:\/\/grundschule-hirsau.de\/wp-content\/uploads\/2024\/10\/IMG-20241002-WA0004-1024x768.jpg 1024w, https:\/\/grundschule-hirsau.de\/wp-content\/uploads\/2024\/10\/IMG-20241002-WA0004-300x225.jpg 300w, https:\/\/grundschule-hirsau.de\/wp-content\/uploads\/2024\/10\/IMG-20241002-WA0004-768x576.jpg 768w, https:\/\/grundschule-hirsau.de\/wp-content\/uploads\/2024\/10\/IMG-20241002-WA0004-1536x1152.jpg 1536w, https:\/\/grundschule-hirsau.de\/wp-content\/uploads\/2024\/10\/IMG-20241002-WA0004-120x90.jpg 120w, https:\/\/grundschule-hirsau.de\/wp-content\/uploads\/2024\/10\/IMG-20241002-WA0004.jpg 1600w\" sizes=\"auto, (max-width: 1024px) 100vw, 1024px\" \/><\/figure>\n\n\n\n<figure class=\"wp-block-image size-large\"><img loading=\"lazy\" decoding=\"async\" width=\"1024\" height=\"768\" data-id=\"3317\" src=\"https:\/\/grundschule-hirsau.de\/wp-content\/uploads\/2024\/10\/IMG-20241002-WA0006-1024x768.jpg\" alt=\"\" class=\"wp-image-3317\" srcset=\"https:\/\/grundschule-hirsau.de\/wp-content\/uploads\/2024\/10\/IMG-20241002-WA0006-1024x768.jpg 1024w, https:\/\/grundschule-hirsau.de\/wp-content\/uploads\/2024\/10\/IMG-20241002-WA0006-300x225.jpg 300w, https:\/\/grundschule-hirsau.de\/wp-content\/uploads\/2024\/10\/IMG-20241002-WA0006-768x576.jpg 768w, https:\/\/grundschule-hirsau.de\/wp-content\/uploads\/2024\/10\/IMG-20241002-WA0006-1536x1152.jpg 1536w, https:\/\/grundschule-hirsau.de\/wp-content\/uploads\/2024\/10\/IMG-20241002-WA0006-120x90.jpg 120w, https:\/\/grundschule-hirsau.de\/wp-content\/uploads\/2024\/10\/IMG-20241002-WA0006.jpg 2000w\" sizes=\"auto, (max-width: 1024px) 100vw, 1024px\" \/><\/figure>\n\n\n\n<figure class=\"wp-block-image size-large\"><img loading=\"lazy\" decoding=\"async\" width=\"1024\" height=\"768\" data-id=\"3318\" src=\"https:\/\/grundschule-hirsau.de\/wp-content\/uploads\/2024\/10\/IMG-20241002-WA0007-1024x768.jpg\" alt=\"\" class=\"wp-image-3318\" srcset=\"https:\/\/grundschule-hirsau.de\/wp-content\/uploads\/2024\/10\/IMG-20241002-WA0007-1024x768.jpg 1024w, https:\/\/grundschule-hirsau.de\/wp-content\/uploads\/2024\/10\/IMG-20241002-WA0007-300x225.jpg 300w, https:\/\/grundschule-hirsau.de\/wp-content\/uploads\/2024\/10\/IMG-20241002-WA0007-768x576.jpg 768w, https:\/\/grundschule-hirsau.de\/wp-content\/uploads\/2024\/10\/IMG-20241002-WA0007-1536x1152.jpg 1536w, https:\/\/grundschule-hirsau.de\/wp-content\/uploads\/2024\/10\/IMG-20241002-WA0007-120x90.jpg 120w, https:\/\/grundschule-hirsau.de\/wp-content\/uploads\/2024\/10\/IMG-20241002-WA0007.jpg 2000w\" sizes=\"auto, (max-width: 1024px) 100vw, 1024px\" \/><\/figure>\n\n\n\n<figure class=\"wp-block-image size-large\"><img loading=\"lazy\" decoding=\"async\" width=\"1024\" height=\"768\" data-id=\"3312\" src=\"https:\/\/grundschule-hirsau.de\/wp-content\/uploads\/2024\/10\/IMG-20241002-WA0008-1024x768.jpg\" alt=\"\" class=\"wp-image-3312\" srcset=\"https:\/\/grundschule-hirsau.de\/wp-content\/uploads\/2024\/10\/IMG-20241002-WA0008-1024x768.jpg 1024w, https:\/\/grundschule-hirsau.de\/wp-content\/uploads\/2024\/10\/IMG-20241002-WA0008-300x225.jpg 300w, https:\/\/grundschule-hirsau.de\/wp-content\/uploads\/2024\/10\/IMG-20241002-WA0008-768x576.jpg 768w, https:\/\/grundschule-hirsau.de\/wp-content\/uploads\/2024\/10\/IMG-20241002-WA0008-1536x1152.jpg 1536w, https:\/\/grundschule-hirsau.de\/wp-content\/uploads\/2024\/10\/IMG-20241002-WA0008-120x90.jpg 120w, https:\/\/grundschule-hirsau.de\/wp-content\/uploads\/2024\/10\/IMG-20241002-WA0008.jpg 2000w\" sizes=\"auto, (max-width: 1024px) 100vw, 1024px\" \/><\/figure>\n\n\n\n<figure class=\"wp-block-image size-large\"><img loading=\"lazy\" decoding=\"async\" width=\"768\" height=\"1024\" data-id=\"3315\" src=\"https:\/\/grundschule-hirsau.de\/wp-content\/uploads\/2024\/10\/IMG-20241006-WA0004-768x1024.jpg\" alt=\"\" class=\"wp-image-3315\" srcset=\"https:\/\/grundschule-hirsau.de\/wp-content\/uploads\/2024\/10\/IMG-20241006-WA0004-768x1024.jpg 768w, https:\/\/grundschule-hirsau.de\/wp-content\/uploads\/2024\/10\/IMG-20241006-WA0004-225x300.jpg 225w, https:\/\/grundschule-hirsau.de\/wp-content\/uploads\/2024\/10\/IMG-20241006-WA0004-1152x1536.jpg 1152w, https:\/\/grundschule-hirsau.de\/wp-content\/uploads\/2024\/10\/IMG-20241006-WA0004.jpg 1200w\" sizes=\"auto, (max-width: 768px) 100vw, 768px\" \/><\/figure>\n\n\n\n<figure class=\"wp-block-image size-large\"><img loading=\"lazy\" decoding=\"async\" width=\"1024\" height=\"768\" data-id=\"3319\" src=\"https:\/\/grundschule-hirsau.de\/wp-content\/uploads\/2024\/10\/IMG-20241006-WA0005-1024x768.jpg\" alt=\"\" class=\"wp-image-3319\" srcset=\"https:\/\/grundschule-hirsau.de\/wp-content\/uploads\/2024\/10\/IMG-20241006-WA0005-1024x768.jpg 1024w, https:\/\/grundschule-hirsau.de\/wp-content\/uploads\/2024\/10\/IMG-20241006-WA0005-300x225.jpg 300w, https:\/\/grundschule-hirsau.de\/wp-content\/uploads\/2024\/10\/IMG-20241006-WA0005-768x576.jpg 768w, https:\/\/grundschule-hirsau.de\/wp-content\/uploads\/2024\/10\/IMG-20241006-WA0005-1536x1152.jpg 1536w, https:\/\/grundschule-hirsau.de\/wp-content\/uploads\/2024\/10\/IMG-20241006-WA0005-120x90.jpg 120w, https:\/\/grundschule-hirsau.de\/wp-content\/uploads\/2024\/10\/IMG-20241006-WA0005.jpg 1600w\" sizes=\"auto, (max-width: 1024px) 100vw, 1024px\" \/><\/figure>\n<\/figure>\n","protected":false},"excerpt":{"rendered":"<p>Die freiwillige Feuerwehr Hirsau war mit ihrem neuen Einsatzwagen zu Gast in unserer Schule. 4 Feuerwehrm\u00e4nner und -Frauen zeigten allen Kindern das Auto. Die Begeiesterung und das Interesse waren gro\u00df. Vielen Dank an Dirk St\u00f6hr (Abteilungskommandant) und seine Kammeraden, dass sie sich Zeit genommen und geduldig alle Fragen der Kinder beantwortet haben.<\/p>\n","protected":false},"author":2,"featured_media":0,"parent":0,"menu_order":0,"comment_status":"closed","ping_status":"closed","template":"","meta":{"footnotes":""},"class_list":["post-1975","page","type-page","status-publish","hentry"],"_links":{"self":[{"href":"https:\/\/grundschule-hirsau.de\/index.php?rest_route=\/wp\/v2\/pages\/1975","targetHints":{"allow":["GET"]}}],"collection":[{"href":"https:\/\/grundschule-hirsau.de\/index.php?rest_route=\/wp\/v2\/pages"}],"about":[{"href":"https:\/\/grundschule-hirsau.de\/index.php?rest_route=\/wp\/v2\/types\/page"}],"author":[{"embeddable":true,"href":"https:\/\/grundschule-hirsau.de\/index.php?rest_route=\/wp\/v2\/users\/2"}],"replies":[{"embeddable":true,"href":"https:\/\/grundschule-hirsau.de\/index.php?rest_route=%2Fwp%2Fv2%2Fcomments&post=1975"}],"version-history":[{"count":4,"href":"https:\/\/grundschule-hirsau.de\/index.php?rest_route=\/wp\/v2\/pages\/1975\/revisions"}],"predecessor-version":[{"id":4092,"href":"https:\/\/grundschule-hirsau.de\/index.php?rest_route=\/wp\/v2\/pages\/1975\/revisions\/4092"}],"wp:attachment":[{"href":"https:\/\/grundschule-hirsau.de\/index.php?rest_route=%2Fwp%2Fv2%2Fmedia&parent=1975"}],"curies":[{"name":"wp","href":"https:\/\/api.w.org\/{rel}","templated":true}]}}