{"id":1301,"date":"2021-10-25T08:26:22","date_gmt":"2021-10-25T06:26:22","guid":{"rendered":"https:\/\/grundschule-hirsau.de\/?page_id=1301"},"modified":"2022-01-14T13:52:08","modified_gmt":"2022-01-14T12:52:08","slug":"musik-ag","status":"publish","type":"page","link":"https:\/\/grundschule-hirsau.de\/?page_id=1301","title":{"rendered":"Musik AG"},"content":{"rendered":"\n<p class=\"has-text-align-center has-medium-font-size\">Musik AG mit Herrn Kn\u00f6r-Jung<\/p>\n\n\n\n<p>Wir singen zusammen, spielen mit Instrumenten, tanzen, machen rhythmische \u00dcbungen  und probieren unseren K\u00f6rper als Musikinstrument aus.<\/p>\n\n\n\n<figure class=\"wp-block-video\"><video controls src=\"blob:https:\/\/grundschule-hirsau.de\/df90985e-45e8-4dfd-b51e-8af0ca46aec9\"><\/video><\/figure>\n\n\n\n<figure class=\"wp-block-gallery columns-3 is-cropped wp-block-gallery-1 is-layout-flex wp-block-gallery-is-layout-flex\"><ul class=\"blocks-gallery-grid\"><li class=\"blocks-gallery-item\"><figure><img loading=\"lazy\" decoding=\"async\" width=\"1024\" height=\"768\" src=\"https:\/\/grundschule-hirsau.de\/wp-content\/uploads\/2021\/10\/P1040827-1024x768.jpg\" alt=\"\" data-id=\"1302\" data-full-url=\"https:\/\/grundschule-hirsau.de\/wp-content\/uploads\/2021\/10\/P1040827-scaled.jpg\" data-link=\"https:\/\/grundschule-hirsau.de\/?attachment_id=1302\" class=\"wp-image-1302\" srcset=\"https:\/\/grundschule-hirsau.de\/wp-content\/uploads\/2021\/10\/P1040827-1024x768.jpg 1024w, https:\/\/grundschule-hirsau.de\/wp-content\/uploads\/2021\/10\/P1040827-300x225.jpg 300w, https:\/\/grundschule-hirsau.de\/wp-content\/uploads\/2021\/10\/P1040827-768x576.jpg 768w, https:\/\/grundschule-hirsau.de\/wp-content\/uploads\/2021\/10\/P1040827-1536x1152.jpg 1536w, https:\/\/grundschule-hirsau.de\/wp-content\/uploads\/2021\/10\/P1040827-2048x1536.jpg 2048w, https:\/\/grundschule-hirsau.de\/wp-content\/uploads\/2021\/10\/P1040827-120x90.jpg 120w\" sizes=\"auto, (max-width: 1024px) 100vw, 1024px\" \/><\/figure><\/li><li class=\"blocks-gallery-item\"><figure><img loading=\"lazy\" decoding=\"async\" width=\"1024\" height=\"768\" src=\"https:\/\/grundschule-hirsau.de\/wp-content\/uploads\/2021\/10\/P1040828-1024x768.jpg\" alt=\"\" data-id=\"1303\" data-full-url=\"https:\/\/grundschule-hirsau.de\/wp-content\/uploads\/2021\/10\/P1040828-scaled.jpg\" data-link=\"https:\/\/grundschule-hirsau.de\/?attachment_id=1303\" class=\"wp-image-1303\" srcset=\"https:\/\/grundschule-hirsau.de\/wp-content\/uploads\/2021\/10\/P1040828-1024x768.jpg 1024w, https:\/\/grundschule-hirsau.de\/wp-content\/uploads\/2021\/10\/P1040828-300x225.jpg 300w, https:\/\/grundschule-hirsau.de\/wp-content\/uploads\/2021\/10\/P1040828-768x576.jpg 768w, https:\/\/grundschule-hirsau.de\/wp-content\/uploads\/2021\/10\/P1040828-1536x1152.jpg 1536w, https:\/\/grundschule-hirsau.de\/wp-content\/uploads\/2021\/10\/P1040828-2048x1536.jpg 2048w, https:\/\/grundschule-hirsau.de\/wp-content\/uploads\/2021\/10\/P1040828-120x90.jpg 120w\" sizes=\"auto, (max-width: 1024px) 100vw, 1024px\" \/><\/figure><\/li><li class=\"blocks-gallery-item\"><figure><img loading=\"lazy\" decoding=\"async\" width=\"1024\" height=\"768\" src=\"https:\/\/grundschule-hirsau.de\/wp-content\/uploads\/2021\/10\/P1040829-1024x768.jpg\" alt=\"\" data-id=\"1304\" data-full-url=\"https:\/\/grundschule-hirsau.de\/wp-content\/uploads\/2021\/10\/P1040829-scaled.jpg\" data-link=\"https:\/\/grundschule-hirsau.de\/?attachment_id=1304\" class=\"wp-image-1304\" srcset=\"https:\/\/grundschule-hirsau.de\/wp-content\/uploads\/2021\/10\/P1040829-1024x768.jpg 1024w, https:\/\/grundschule-hirsau.de\/wp-content\/uploads\/2021\/10\/P1040829-300x225.jpg 300w, https:\/\/grundschule-hirsau.de\/wp-content\/uploads\/2021\/10\/P1040829-768x576.jpg 768w, https:\/\/grundschule-hirsau.de\/wp-content\/uploads\/2021\/10\/P1040829-1536x1152.jpg 1536w, https:\/\/grundschule-hirsau.de\/wp-content\/uploads\/2021\/10\/P1040829-2048x1536.jpg 2048w, https:\/\/grundschule-hirsau.de\/wp-content\/uploads\/2021\/10\/P1040829-120x90.jpg 120w\" sizes=\"auto, (max-width: 1024px) 100vw, 1024px\" \/><\/figure><\/li><li class=\"blocks-gallery-item\"><figure><img loading=\"lazy\" decoding=\"async\" width=\"1024\" height=\"768\" src=\"https:\/\/grundschule-hirsau.de\/wp-content\/uploads\/2021\/10\/P1040835-1024x768.jpg\" alt=\"\" data-id=\"1305\" data-full-url=\"https:\/\/grundschule-hirsau.de\/wp-content\/uploads\/2021\/10\/P1040835-scaled.jpg\" data-link=\"https:\/\/grundschule-hirsau.de\/?attachment_id=1305\" class=\"wp-image-1305\" srcset=\"https:\/\/grundschule-hirsau.de\/wp-content\/uploads\/2021\/10\/P1040835-1024x768.jpg 1024w, https:\/\/grundschule-hirsau.de\/wp-content\/uploads\/2021\/10\/P1040835-300x225.jpg 300w, https:\/\/grundschule-hirsau.de\/wp-content\/uploads\/2021\/10\/P1040835-768x576.jpg 768w, https:\/\/grundschule-hirsau.de\/wp-content\/uploads\/2021\/10\/P1040835-1536x1152.jpg 1536w, https:\/\/grundschule-hirsau.de\/wp-content\/uploads\/2021\/10\/P1040835-2048x1536.jpg 2048w, https:\/\/grundschule-hirsau.de\/wp-content\/uploads\/2021\/10\/P1040835-120x90.jpg 120w\" sizes=\"auto, (max-width: 1024px) 100vw, 1024px\" \/><\/figure><\/li><li class=\"blocks-gallery-item\"><figure><img loading=\"lazy\" decoding=\"async\" width=\"1024\" height=\"768\" src=\"https:\/\/grundschule-hirsau.de\/wp-content\/uploads\/2021\/10\/P1040836-1024x768.jpg\" alt=\"\" data-id=\"1306\" data-full-url=\"https:\/\/grundschule-hirsau.de\/wp-content\/uploads\/2021\/10\/P1040836-scaled.jpg\" data-link=\"https:\/\/grundschule-hirsau.de\/?attachment_id=1306\" class=\"wp-image-1306\" srcset=\"https:\/\/grundschule-hirsau.de\/wp-content\/uploads\/2021\/10\/P1040836-1024x768.jpg 1024w, https:\/\/grundschule-hirsau.de\/wp-content\/uploads\/2021\/10\/P1040836-300x225.jpg 300w, https:\/\/grundschule-hirsau.de\/wp-content\/uploads\/2021\/10\/P1040836-768x576.jpg 768w, https:\/\/grundschule-hirsau.de\/wp-content\/uploads\/2021\/10\/P1040836-1536x1152.jpg 1536w, https:\/\/grundschule-hirsau.de\/wp-content\/uploads\/2021\/10\/P1040836-2048x1536.jpg 2048w, https:\/\/grundschule-hirsau.de\/wp-content\/uploads\/2021\/10\/P1040836-120x90.jpg 120w\" sizes=\"auto, (max-width: 1024px) 100vw, 1024px\" \/><\/figure><\/li><li class=\"blocks-gallery-item\"><figure><img loading=\"lazy\" decoding=\"async\" width=\"1024\" height=\"768\" src=\"https:\/\/grundschule-hirsau.de\/wp-content\/uploads\/2021\/10\/P1040837-1024x768.jpg\" alt=\"\" data-id=\"1307\" data-full-url=\"https:\/\/grundschule-hirsau.de\/wp-content\/uploads\/2021\/10\/P1040837-scaled.jpg\" data-link=\"https:\/\/grundschule-hirsau.de\/?attachment_id=1307\" class=\"wp-image-1307\" srcset=\"https:\/\/grundschule-hirsau.de\/wp-content\/uploads\/2021\/10\/P1040837-1024x768.jpg 1024w, https:\/\/grundschule-hirsau.de\/wp-content\/uploads\/2021\/10\/P1040837-300x225.jpg 300w, https:\/\/grundschule-hirsau.de\/wp-content\/uploads\/2021\/10\/P1040837-768x576.jpg 768w, https:\/\/grundschule-hirsau.de\/wp-content\/uploads\/2021\/10\/P1040837-1536x1152.jpg 1536w, https:\/\/grundschule-hirsau.de\/wp-content\/uploads\/2021\/10\/P1040837-2048x1536.jpg 2048w, https:\/\/grundschule-hirsau.de\/wp-content\/uploads\/2021\/10\/P1040837-120x90.jpg 120w\" sizes=\"auto, (max-width: 1024px) 100vw, 1024px\" \/><\/figure><\/li><\/ul><\/figure>\n","protected":false},"excerpt":{"rendered":"<p>Musik AG mit Herrn Kn\u00f6r-Jung Wir singen zusammen, spielen mit Instrumenten, tanzen, machen rhythmische \u00dcbungen und probieren unseren K\u00f6rper als Musikinstrument aus.<\/p>\n","protected":false},"author":2,"featured_media":0,"parent":0,"menu_order":0,"comment_status":"closed","ping_status":"closed","template":"","meta":{"footnotes":""},"class_list":["post-1301","page","type-page","status-publish","hentry"],"_links":{"self":[{"href":"https:\/\/grundschule-hirsau.de\/index.php?rest_route=\/wp\/v2\/pages\/1301","targetHints":{"allow":["GET"]}}],"collection":[{"href":"https:\/\/grundschule-hirsau.de\/index.php?rest_route=\/wp\/v2\/pages"}],"about":[{"href":"https:\/\/grundschule-hirsau.de\/index.php?rest_route=\/wp\/v2\/types\/page"}],"author":[{"embeddable":true,"href":"https:\/\/grundschule-hirsau.de\/index.php?rest_route=\/wp\/v2\/users\/2"}],"replies":[{"embeddable":true,"href":"https:\/\/grundschule-hirsau.de\/index.php?rest_route=%2Fwp%2Fv2%2Fcomments&post=1301"}],"version-history":[{"count":3,"href":"https:\/\/grundschule-hirsau.de\/index.php?rest_route=\/wp\/v2\/pages\/1301\/revisions"}],"predecessor-version":[{"id":1449,"href":"https:\/\/grundschule-hirsau.de\/index.php?rest_route=\/wp\/v2\/pages\/1301\/revisions\/1449"}],"wp:attachment":[{"href":"https:\/\/grundschule-hirsau.de\/index.php?rest_route=%2Fwp%2Fv2%2Fmedia&parent=1301"}],"curies":[{"name":"wp","href":"https:\/\/api.w.org\/{rel}","templated":true}]}}