{"id":127,"date":"2020-05-23T10:40:18","date_gmt":"2020-05-23T08:40:18","guid":{"rendered":"https:\/\/grundschule-hirsau.de\/?page_id=127"},"modified":"2025-12-12T18:30:34","modified_gmt":"2025-12-12T17:30:34","slug":"arbeitsgemeinschaften","status":"publish","type":"page","link":"https:\/\/grundschule-hirsau.de\/?page_id=127","title":{"rendered":"Arbeitsgemeinschaften"},"content":{"rendered":"\n<p class=\"has-text-align-center has-vivid-green-cyan-background-color has-background has-large-font-size\"><strong>Sport<\/strong><\/p>\n\n\n\n<p class=\"has-text-align-center has-vivid-green-cyan-background-color has-background has-large-font-size\"><strong>Garten<\/strong><\/p>\n\n\n\n<p class=\"has-text-align-center has-vivid-green-cyan-background-color has-background has-large-font-size\"><strong>Naturk\u00fcnstler<\/strong><\/p>\n\n\n\n<p class=\"has-medium-font-size\">In der Naturk\u00fcnstler-AG ging es in den letzten Wochen fr\u00f6hlich und bunt zu: Es wurde geschnippelt, gemalt und gelacht, bis die Stifte gl\u00fchten!<\/p>\n\n\n\n<p class=\"has-medium-font-size\">Mit vielen lustigen Ideen und noch mehr guter Laune gestalteten die Kinder ihre eigenen Weihnachtskarten. Manche waren so fantasievoll, dass selbst der Weihnachtsmann zweimal hingeschaut h\u00e4tte.<\/p>\n\n\n\n<p class=\"has-medium-font-size\">Am Ende hielten alle stolz ihre kleinen Kunstwerke in den H\u00e4nden \u2013 bereit, anderen eine gro\u00dfe Weihnachtsfreude zu machen. \ud83c\udf84\u2728<\/p>\n\n\n\n<figure class=\"wp-block-gallery has-nested-images columns-default is-cropped wp-block-gallery-1 is-layout-flex wp-block-gallery-is-layout-flex\">\n<figure class=\"wp-block-image size-large\"><img loading=\"lazy\" decoding=\"async\" width=\"768\" height=\"1024\" data-id=\"4436\" src=\"https:\/\/grundschule-hirsau.de\/wp-content\/uploads\/2025\/12\/image1-768x1024.jpeg\" alt=\"\" class=\"wp-image-4436\" srcset=\"https:\/\/grundschule-hirsau.de\/wp-content\/uploads\/2025\/12\/image1-768x1024.jpeg 768w, https:\/\/grundschule-hirsau.de\/wp-content\/uploads\/2025\/12\/image1-225x300.jpeg 225w, https:\/\/grundschule-hirsau.de\/wp-content\/uploads\/2025\/12\/image1-1152x1536.jpeg 1152w, https:\/\/grundschule-hirsau.de\/wp-content\/uploads\/2025\/12\/image1-rotated.jpeg 1512w\" sizes=\"auto, (max-width: 768px) 100vw, 768px\" \/><\/figure>\n\n\n\n<figure class=\"wp-block-image size-large\"><img loading=\"lazy\" decoding=\"async\" width=\"768\" height=\"1024\" data-id=\"4434\" src=\"https:\/\/grundschule-hirsau.de\/wp-content\/uploads\/2025\/12\/image0-768x1024.jpeg\" alt=\"\" class=\"wp-image-4434\" srcset=\"https:\/\/grundschule-hirsau.de\/wp-content\/uploads\/2025\/12\/image0-768x1024.jpeg 768w, https:\/\/grundschule-hirsau.de\/wp-content\/uploads\/2025\/12\/image0-225x300.jpeg 225w, https:\/\/grundschule-hirsau.de\/wp-content\/uploads\/2025\/12\/image0-1152x1536.jpeg 1152w, https:\/\/grundschule-hirsau.de\/wp-content\/uploads\/2025\/12\/image0-rotated.jpeg 1512w\" sizes=\"auto, (max-width: 768px) 100vw, 768px\" \/><\/figure>\n<\/figure>\n\n\n\n<p><\/p>\n\n\n\n<figure class=\"wp-block-gallery has-nested-images columns-default is-cropped wp-block-gallery-2 is-layout-flex wp-block-gallery-is-layout-flex\">\n<figure class=\"wp-block-image size-large\"><img loading=\"lazy\" decoding=\"async\" width=\"768\" height=\"1024\" data-id=\"4437\" src=\"https:\/\/grundschule-hirsau.de\/wp-content\/uploads\/2025\/12\/image2-768x1024.jpeg\" alt=\"\" class=\"wp-image-4437\" srcset=\"https:\/\/grundschule-hirsau.de\/wp-content\/uploads\/2025\/12\/image2-768x1024.jpeg 768w, https:\/\/grundschule-hirsau.de\/wp-content\/uploads\/2025\/12\/image2-225x300.jpeg 225w, https:\/\/grundschule-hirsau.de\/wp-content\/uploads\/2025\/12\/image2-1152x1536.jpeg 1152w, https:\/\/grundschule-hirsau.de\/wp-content\/uploads\/2025\/12\/image2-rotated.jpeg 1512w\" sizes=\"auto, (max-width: 768px) 100vw, 768px\" \/><\/figure>\n\n\n\n<figure class=\"wp-block-image size-large\"><img loading=\"lazy\" decoding=\"async\" width=\"768\" height=\"1024\" data-id=\"4439\" src=\"https:\/\/grundschule-hirsau.de\/wp-content\/uploads\/2025\/12\/image4-768x1024.jpeg\" alt=\"\" class=\"wp-image-4439\" srcset=\"https:\/\/grundschule-hirsau.de\/wp-content\/uploads\/2025\/12\/image4-768x1024.jpeg 768w, https:\/\/grundschule-hirsau.de\/wp-content\/uploads\/2025\/12\/image4-225x300.jpeg 225w, https:\/\/grundschule-hirsau.de\/wp-content\/uploads\/2025\/12\/image4-1152x1536.jpeg 1152w, https:\/\/grundschule-hirsau.de\/wp-content\/uploads\/2025\/12\/image4-rotated.jpeg 1512w\" sizes=\"auto, (max-width: 768px) 100vw, 768px\" \/><\/figure>\n<\/figure>\n\n\n\n<p><\/p>\n\n\n\n<figure class=\"wp-block-gallery has-nested-images columns-default is-cropped wp-block-gallery-3 is-layout-flex wp-block-gallery-is-layout-flex\">\n<figure class=\"wp-block-image size-large\"><img loading=\"lazy\" decoding=\"async\" width=\"768\" height=\"1024\" data-id=\"4441\" src=\"https:\/\/grundschule-hirsau.de\/wp-content\/uploads\/2025\/12\/image5-768x1024.jpeg\" alt=\"\" class=\"wp-image-4441\" srcset=\"https:\/\/grundschule-hirsau.de\/wp-content\/uploads\/2025\/12\/image5-768x1024.jpeg 768w, https:\/\/grundschule-hirsau.de\/wp-content\/uploads\/2025\/12\/image5-225x300.jpeg 225w, https:\/\/grundschule-hirsau.de\/wp-content\/uploads\/2025\/12\/image5-1152x1536.jpeg 1152w, https:\/\/grundschule-hirsau.de\/wp-content\/uploads\/2025\/12\/image5-rotated.jpeg 1512w\" sizes=\"auto, (max-width: 768px) 100vw, 768px\" \/><\/figure>\n\n\n\n<figure class=\"wp-block-image size-large\"><img loading=\"lazy\" decoding=\"async\" width=\"768\" height=\"1024\" data-id=\"4442\" src=\"https:\/\/grundschule-hirsau.de\/wp-content\/uploads\/2025\/12\/image6-768x1024.jpeg\" alt=\"\" class=\"wp-image-4442\" srcset=\"https:\/\/grundschule-hirsau.de\/wp-content\/uploads\/2025\/12\/image6-768x1024.jpeg 768w, https:\/\/grundschule-hirsau.de\/wp-content\/uploads\/2025\/12\/image6-225x300.jpeg 225w, https:\/\/grundschule-hirsau.de\/wp-content\/uploads\/2025\/12\/image6-1152x1536.jpeg 1152w, https:\/\/grundschule-hirsau.de\/wp-content\/uploads\/2025\/12\/image6-rotated.jpeg 1512w\" sizes=\"auto, (max-width: 768px) 100vw, 768px\" \/><\/figure>\n<\/figure>\n\n\n\n<p><\/p>\n\n\n\n<figure class=\"wp-block-gallery has-nested-images columns-default is-cropped wp-block-gallery-4 is-layout-flex wp-block-gallery-is-layout-flex\">\n<figure class=\"wp-block-image size-large\"><img loading=\"lazy\" decoding=\"async\" width=\"768\" height=\"1024\" data-id=\"4443\" src=\"https:\/\/grundschule-hirsau.de\/wp-content\/uploads\/2025\/12\/image7-768x1024.jpeg\" alt=\"\" class=\"wp-image-4443\" srcset=\"https:\/\/grundschule-hirsau.de\/wp-content\/uploads\/2025\/12\/image7-768x1024.jpeg 768w, https:\/\/grundschule-hirsau.de\/wp-content\/uploads\/2025\/12\/image7-225x300.jpeg 225w, https:\/\/grundschule-hirsau.de\/wp-content\/uploads\/2025\/12\/image7-1152x1536.jpeg 1152w, https:\/\/grundschule-hirsau.de\/wp-content\/uploads\/2025\/12\/image7-rotated.jpeg 1512w\" sizes=\"auto, (max-width: 768px) 100vw, 768px\" \/><\/figure>\n\n\n\n<figure class=\"wp-block-image size-large\"><img loading=\"lazy\" decoding=\"async\" width=\"768\" height=\"1024\" data-id=\"4444\" src=\"https:\/\/grundschule-hirsau.de\/wp-content\/uploads\/2025\/12\/image8-768x1024.jpeg\" alt=\"\" class=\"wp-image-4444\" srcset=\"https:\/\/grundschule-hirsau.de\/wp-content\/uploads\/2025\/12\/image8-768x1024.jpeg 768w, https:\/\/grundschule-hirsau.de\/wp-content\/uploads\/2025\/12\/image8-225x300.jpeg 225w, https:\/\/grundschule-hirsau.de\/wp-content\/uploads\/2025\/12\/image8-1152x1536.jpeg 1152w, https:\/\/grundschule-hirsau.de\/wp-content\/uploads\/2025\/12\/image8-rotated.jpeg 1512w\" sizes=\"auto, (max-width: 768px) 100vw, 768px\" \/><\/figure>\n<\/figure>\n\n\n\n<p><\/p>\n\n\n<div class=\"wp-block-image\">\n<figure class=\"aligncenter size-large\"><img loading=\"lazy\" decoding=\"async\" width=\"768\" height=\"1024\" src=\"https:\/\/grundschule-hirsau.de\/wp-content\/uploads\/2025\/12\/image3-768x1024.jpeg\" alt=\"\" class=\"wp-image-4452\" srcset=\"https:\/\/grundschule-hirsau.de\/wp-content\/uploads\/2025\/12\/image3-768x1024.jpeg 768w, https:\/\/grundschule-hirsau.de\/wp-content\/uploads\/2025\/12\/image3-225x300.jpeg 225w, https:\/\/grundschule-hirsau.de\/wp-content\/uploads\/2025\/12\/image3-1152x1536.jpeg 1152w, https:\/\/grundschule-hirsau.de\/wp-content\/uploads\/2025\/12\/image3-rotated.jpeg 1512w\" sizes=\"auto, (max-width: 768px) 100vw, 768px\" \/><\/figure>\n<\/div>\n\n\n<p><\/p>\n\n\n\n<p class=\"has-text-align-center has-vivid-green-cyan-background-color has-background has-large-font-size\"><strong>Fu\u00dfball<\/strong><\/p>\n","protected":false},"excerpt":{"rendered":"<p>Sport Garten Naturk\u00fcnstler In der Naturk\u00fcnstler-AG ging es in den letzten Wochen fr\u00f6hlich und bunt zu: Es wurde geschnippelt, gemalt und gelacht, bis die Stifte gl\u00fchten! Mit vielen lustigen Ideen und noch mehr guter Laune gestalteten die Kinder ihre eigenen Weihnachtskarten. Manche waren so fantasievoll, dass selbst der Weihnachtsmann zweimal hingeschaut h\u00e4tte. Am Ende hielten&hellip;<\/p>\n","protected":false},"author":2,"featured_media":0,"parent":0,"menu_order":0,"comment_status":"closed","ping_status":"closed","template":"","meta":{"footnotes":""},"class_list":["post-127","page","type-page","status-publish","hentry"],"_links":{"self":[{"href":"https:\/\/grundschule-hirsau.de\/index.php?rest_route=\/wp\/v2\/pages\/127","targetHints":{"allow":["GET"]}}],"collection":[{"href":"https:\/\/grundschule-hirsau.de\/index.php?rest_route=\/wp\/v2\/pages"}],"about":[{"href":"https:\/\/grundschule-hirsau.de\/index.php?rest_route=\/wp\/v2\/types\/page"}],"author":[{"embeddable":true,"href":"https:\/\/grundschule-hirsau.de\/index.php?rest_route=\/wp\/v2\/users\/2"}],"replies":[{"embeddable":true,"href":"https:\/\/grundschule-hirsau.de\/index.php?rest_route=%2Fwp%2Fv2%2Fcomments&post=127"}],"version-history":[{"count":14,"href":"https:\/\/grundschule-hirsau.de\/index.php?rest_route=\/wp\/v2\/pages\/127\/revisions"}],"predecessor-version":[{"id":4454,"href":"https:\/\/grundschule-hirsau.de\/index.php?rest_route=\/wp\/v2\/pages\/127\/revisions\/4454"}],"wp:attachment":[{"href":"https:\/\/grundschule-hirsau.de\/index.php?rest_route=%2Fwp%2Fv2%2Fmedia&parent=127"}],"curies":[{"name":"wp","href":"https:\/\/api.w.org\/{rel}","templated":true}]}}